{"id":7897,"date":"2023-08-04T02:30:02","date_gmt":"2023-08-04T01:30:02","guid":{"rendered":"https:\/\/bertan.net\/tr\/?page_id=7897"},"modified":"2023-08-04T02:30:02","modified_gmt":"2023-08-04T01:30:02","slug":"utm-olusturucu","status":"publish","type":"page","link":"https:\/\/bertan.net\/tr\/utm-olusturucu\/","title":{"rendered":"UTM Olu\u015fturucu"},"content":{"rendered":"<p>Analytics&#8217;in UTM&#8217;i tan\u0131mas\u0131 i\u00e7in, Temelde web sitesi adresi, ve kampanya kayna\u011f\u0131 gerekir. De\u011ferleri girdikten sonra tam kampanya URL&#8217;i sizin i\u00e7in olu\u015fturulacakt\u0131r.<\/p>\n\n","protected":false},"excerpt":{"rendered":"<p>Analytics&#8217;in UTM&#8217;i tan\u0131mas\u0131 i\u00e7in, Temelde web sitesi adresi, ve kampanya kayna\u011f\u0131 gerekir. De\u011ferleri girdikten sonra tam kampanya URL&#8217;i sizin i\u00e7in olu\u015fturulacakt\u0131r.<\/p>\n","protected":false},"author":1,"featured_media":0,"parent":0,"menu_order":0,"comment_status":"closed","ping_status":"closed","template":"","meta":{"footnotes":""},"class_list":["post-7897","page","type-page","status-publish"],"yoast_head":"<!-- This site is optimized with the Yoast SEO plugin v27.3 - https:\/\/yoast.com\/product\/yoast-seo-wordpress\/ -->\n<title>UTM Olu\u015fturucu | Bertan<\/title>\n<meta name=\"description\" content=\"Analytics&#039;in UTM&#039;i tan\u0131mas\u0131 i\u00e7in, Temelde web sitesi adresi, ve kampanya kayna\u011f\u0131 gerekir. De\u011ferleri girdikten sonra tam kampanya URL&#039;i sizin i\u00e7in\" \/>\n<meta name=\"robots\" content=\"index, follow, max-snippet:-1, max-image-preview:large, max-video-preview:-1\" \/>\n<link rel=\"canonical\" href=\"https:\/\/bertan.net\/utm-generator\/\" \/>\n<meta property=\"og:locale\" content=\"tr_TR\" \/>\n<meta property=\"og:type\" content=\"article\" \/>\n<meta property=\"og:title\" content=\"UTM Olu\u015fturucu | Bertan\" \/>\n<meta property=\"og:description\" content=\"Analytics&#039;in UTM&#039;i tan\u0131mas\u0131 i\u00e7in, Temelde web sitesi adresi, ve kampanya kayna\u011f\u0131 gerekir. De\u011ferleri girdikten sonra tam kampanya URL&#039;i sizin i\u00e7in\" \/>\n<meta property=\"og:url\" content=\"https:\/\/bertan.net\/utm-generator\/\" \/>\n<meta property=\"og:site_name\" content=\"Bertan\" \/>\n<meta property=\"og:image\" content=\"https:\/\/bertan.net\/wp-content\/uploads\/2024\/07\/Bertan-Horizontal-Logo.png\" \/>\n\t<meta property=\"og:image:width\" content=\"1200\" \/>\n\t<meta property=\"og:image:height\" content=\"675\" \/>\n\t<meta property=\"og:image:type\" content=\"image\/png\" \/>\n<meta name=\"twitter:card\" content=\"summary_large_image\" \/>\n<meta name=\"twitter:label1\" content=\"Tahmini okuma s\u00fcresi\" \/>\n\t<meta name=\"twitter:data1\" content=\"1 dakika\" \/>\n<script type=\"application\/ld+json\" class=\"yoast-schema-graph\">{\"@context\":\"https:\\\/\\\/schema.org\",\"@graph\":[{\"@type\":\"WebPage\",\"@id\":\"https:\\\/\\\/bertan.net\\\/utm-generator\\\/\",\"url\":\"https:\\\/\\\/bertan.net\\\/utm-generator\\\/\",\"name\":\"UTM Olu\u015fturucu | Bertan\",\"isPartOf\":{\"@id\":\"https:\\\/\\\/bertan.net\\\/tr\\\/#website\"},\"datePublished\":\"2023-08-04T01:30:02+00:00\",\"description\":\"Analytics'in UTM'i tan\u0131mas\u0131 i\u00e7in, Temelde web sitesi adresi, ve kampanya kayna\u011f\u0131 gerekir. De\u011ferleri girdikten sonra tam kampanya URL'i sizin i\u00e7in\",\"inLanguage\":\"tr\",\"potentialAction\":[{\"@type\":\"ReadAction\",\"target\":[\"https:\\\/\\\/bertan.net\\\/utm-generator\\\/\"]}]},{\"@type\":\"WebSite\",\"@id\":\"https:\\\/\\\/bertan.net\\\/tr\\\/#website\",\"url\":\"https:\\\/\\\/bertan.net\\\/tr\\\/\",\"name\":\"Bertan\",\"description\":\"\",\"publisher\":{\"@id\":\"https:\\\/\\\/bertan.net\\\/tr\\\/#organization\"},\"alternateName\":\"Bertan\",\"potentialAction\":[{\"@type\":\"SearchAction\",\"target\":{\"@type\":\"EntryPoint\",\"urlTemplate\":\"https:\\\/\\\/bertan.net\\\/tr\\\/?s={search_term_string}\"},\"query-input\":{\"@type\":\"PropertyValueSpecification\",\"valueRequired\":true,\"valueName\":\"search_term_string\"}}],\"inLanguage\":\"tr\"},{\"@type\":\"Organization\",\"@id\":\"https:\\\/\\\/bertan.net\\\/tr\\\/#organization\",\"name\":\"Bertan Agency\",\"alternateName\":\"Bertan\",\"url\":\"https:\\\/\\\/bertan.net\\\/tr\\\/\",\"logo\":{\"@type\":\"ImageObject\",\"inLanguage\":\"tr\",\"@id\":\"https:\\\/\\\/bertan.net\\\/tr\\\/#\\\/schema\\\/logo\\\/image\\\/\",\"url\":\"https:\\\/\\\/bertan.net\\\/wp-content\\\/uploads\\\/2024\\\/05\\\/1000x1000.png\",\"contentUrl\":\"https:\\\/\\\/bertan.net\\\/wp-content\\\/uploads\\\/2024\\\/05\\\/1000x1000.png\",\"width\":1000,\"height\":1000,\"caption\":\"Bertan Agency\"},\"image\":{\"@id\":\"https:\\\/\\\/bertan.net\\\/tr\\\/#\\\/schema\\\/logo\\\/image\\\/\"},\"sameAs\":[\"https:\\\/\\\/www.linkedin.com\\\/company\\\/netbertan\\\/\"]}]}<\/script>\n<!-- \/ Yoast SEO plugin. -->","yoast_head_json":{"title":"UTM Olu\u015fturucu | Bertan","description":"Analytics'in UTM'i tan\u0131mas\u0131 i\u00e7in, Temelde web sitesi adresi, ve kampanya kayna\u011f\u0131 gerekir. De\u011ferleri girdikten sonra tam kampanya URL'i sizin i\u00e7in","robots":{"index":"index","follow":"follow","max-snippet":"max-snippet:-1","max-image-preview":"max-image-preview:large","max-video-preview":"max-video-preview:-1"},"canonical":"https:\/\/bertan.net\/utm-generator\/","og_locale":"tr_TR","og_type":"article","og_title":"UTM Olu\u015fturucu | Bertan","og_description":"Analytics'in UTM'i tan\u0131mas\u0131 i\u00e7in, Temelde web sitesi adresi, ve kampanya kayna\u011f\u0131 gerekir. De\u011ferleri girdikten sonra tam kampanya URL'i sizin i\u00e7in","og_url":"https:\/\/bertan.net\/utm-generator\/","og_site_name":"Bertan","og_image":[{"width":1200,"height":675,"url":"https:\/\/bertan.net\/wp-content\/uploads\/2024\/07\/Bertan-Horizontal-Logo.png","type":"image\/png"}],"twitter_card":"summary_large_image","twitter_misc":{"Tahmini okuma s\u00fcresi":"1 dakika"},"schema":{"@context":"https:\/\/schema.org","@graph":[{"@type":"WebPage","@id":"https:\/\/bertan.net\/utm-generator\/","url":"https:\/\/bertan.net\/utm-generator\/","name":"UTM Olu\u015fturucu | Bertan","isPartOf":{"@id":"https:\/\/bertan.net\/tr\/#website"},"datePublished":"2023-08-04T01:30:02+00:00","description":"Analytics'in UTM'i tan\u0131mas\u0131 i\u00e7in, Temelde web sitesi adresi, ve kampanya kayna\u011f\u0131 gerekir. De\u011ferleri girdikten sonra tam kampanya URL'i sizin i\u00e7in","inLanguage":"tr","potentialAction":[{"@type":"ReadAction","target":["https:\/\/bertan.net\/utm-generator\/"]}]},{"@type":"WebSite","@id":"https:\/\/bertan.net\/tr\/#website","url":"https:\/\/bertan.net\/tr\/","name":"Bertan","description":"","publisher":{"@id":"https:\/\/bertan.net\/tr\/#organization"},"alternateName":"Bertan","potentialAction":[{"@type":"SearchAction","target":{"@type":"EntryPoint","urlTemplate":"https:\/\/bertan.net\/tr\/?s={search_term_string}"},"query-input":{"@type":"PropertyValueSpecification","valueRequired":true,"valueName":"search_term_string"}}],"inLanguage":"tr"},{"@type":"Organization","@id":"https:\/\/bertan.net\/tr\/#organization","name":"Bertan Agency","alternateName":"Bertan","url":"https:\/\/bertan.net\/tr\/","logo":{"@type":"ImageObject","inLanguage":"tr","@id":"https:\/\/bertan.net\/tr\/#\/schema\/logo\/image\/","url":"https:\/\/bertan.net\/wp-content\/uploads\/2024\/05\/1000x1000.png","contentUrl":"https:\/\/bertan.net\/wp-content\/uploads\/2024\/05\/1000x1000.png","width":1000,"height":1000,"caption":"Bertan Agency"},"image":{"@id":"https:\/\/bertan.net\/tr\/#\/schema\/logo\/image\/"},"sameAs":["https:\/\/www.linkedin.com\/company\/netbertan\/"]}]}},"amp_enabled":false,"_links":{"self":[{"href":"https:\/\/bertan.net\/tr\/wp-json\/wp\/v2\/pages\/7897","targetHints":{"allow":["GET"]}}],"collection":[{"href":"https:\/\/bertan.net\/tr\/wp-json\/wp\/v2\/pages"}],"about":[{"href":"https:\/\/bertan.net\/tr\/wp-json\/wp\/v2\/types\/page"}],"author":[{"embeddable":true,"href":"https:\/\/bertan.net\/tr\/wp-json\/wp\/v2\/users\/1"}],"replies":[{"embeddable":true,"href":"https:\/\/bertan.net\/tr\/wp-json\/wp\/v2\/comments?post=7897"}],"version-history":[{"count":0,"href":"https:\/\/bertan.net\/tr\/wp-json\/wp\/v2\/pages\/7897\/revisions"}],"wp:attachment":[{"href":"https:\/\/bertan.net\/tr\/wp-json\/wp\/v2\/media?parent=7897"}],"curies":[{"name":"wp","href":"https:\/\/api.w.org\/{rel}","templated":true}]}}