{"id":3365,"date":"2018-10-26T23:43:09","date_gmt":"2018-10-26T20:43:09","guid":{"rendered":"https:\/\/bertan.net\/tr\/?page_id=3365"},"modified":"2024-05-12T22:15:18","modified_gmt":"2024-05-12T22:15:18","slug":"serp","status":"publish","type":"page","link":"https:\/\/bertan.net\/tr\/serp\/","title":{"rendered":"SERP \u00d6nizleme Arac\u0131"},"content":{"rendered":"<p>Site adresi, Title ve Description girerek, sitenizin Google&#8217;da nas\u0131l g\u00f6r\u00fcnece\u011fini test edebilirsiniz.<br \/>\n\u00d6nerilen Title uzunlu\u011fu: 55-65 karakter olmal\u0131d\u0131r. Arac\u0131m\u0131z 60 karakterle s\u0131n\u0131rland\u0131r\u0131lm\u0131\u015ft\u0131r. Sonras\u0131nda t\u0131pk\u0131 Google gibi \u00fc\u00e7 nokta g\u00f6stermektedir. Meta Description uzunlu\u011fu ise 150-165 karakter \u00f6nerilmektedir. 155 karakterle s\u0131n\u0131rland\u0131r\u0131lm\u0131\u015ft\u0131r.<\/p>\n\n","protected":false},"excerpt":{"rendered":"<p>Site adresi, Title ve Description girerek, sitenizin Google&#8217;da nas\u0131l g\u00f6r\u00fcnece\u011fini test edebilirsiniz. \u00d6nerilen Title uzunlu\u011fu: 55-65 karakter olmal\u0131d\u0131r. Arac\u0131m\u0131z 60 karakterle s\u0131n\u0131rland\u0131r\u0131lm\u0131\u015ft\u0131r. Sonras\u0131nda t\u0131pk\u0131 Google gibi \u00fc\u00e7 nokta g\u00f6stermektedir. Meta Description uzunlu\u011fu ise 150-165 karakter \u00f6nerilmektedir. 155 karakterle s\u0131n\u0131rland\u0131r\u0131lm\u0131\u015ft\u0131r.<\/p>\n","protected":false},"author":1,"featured_media":3372,"parent":0,"menu_order":0,"comment_status":"closed","ping_status":"closed","template":"","meta":{"footnotes":""},"class_list":["post-3365","page","type-page","status-publish","has-post-thumbnail"],"yoast_head":"<!-- This site is optimized with the Yoast SEO plugin v27.4 - https:\/\/yoast.com\/product\/yoast-seo-wordpress\/ -->\n<title>SERP \u00d6nizleme Arac\u0131 | Bertan<\/title>\n<meta name=\"description\" content=\"Site adresi, Title ve Description girerek, sitenizin Google&#039;da nas\u0131l g\u00f6r\u00fcnece\u011fini test edebilirsiniz. \u00d6nerilen Title uzunlu\u011fu: 55-65 karakter olmal\u0131d\u0131r.\" \/>\n<meta name=\"robots\" content=\"index, follow, max-snippet:-1, max-image-preview:large, max-video-preview:-1\" \/>\n<link rel=\"canonical\" href=\"https:\/\/bertan.net\/serp\/\" \/>\n<meta property=\"og:locale\" content=\"tr_TR\" \/>\n<meta property=\"og:type\" content=\"article\" \/>\n<meta property=\"og:title\" content=\"SERP \u00d6nizleme Arac\u0131 | Bertan\" \/>\n<meta property=\"og:description\" content=\"Site adresi, Title ve Description girerek, sitenizin Google&#039;da nas\u0131l g\u00f6r\u00fcnece\u011fini test edebilirsiniz. \u00d6nerilen Title uzunlu\u011fu: 55-65 karakter olmal\u0131d\u0131r.\" \/>\n<meta property=\"og:url\" content=\"https:\/\/bertan.net\/serp\/\" \/>\n<meta property=\"og:site_name\" content=\"Bertan\" \/>\n<meta property=\"article:modified_time\" content=\"2024-05-12T22:15:18+00:00\" \/>\n<meta property=\"og:image\" content=\"https:\/\/bertan.net\/wp-content\/uploads\/2018\/10\/serp.png\" \/>\n\t<meta property=\"og:image:width\" content=\"1429\" \/>\n\t<meta property=\"og:image:height\" content=\"751\" \/>\n\t<meta property=\"og:image:type\" content=\"image\/png\" \/>\n<meta name=\"twitter:card\" content=\"summary_large_image\" \/>\n<meta name=\"twitter:label1\" content=\"Tahmini okuma s\u00fcresi\" \/>\n\t<meta name=\"twitter:data1\" content=\"1 dakika\" \/>\n<script type=\"application\/ld+json\" class=\"yoast-schema-graph\">{\"@context\":\"https:\\\/\\\/schema.org\",\"@graph\":[{\"@type\":\"WebPage\",\"@id\":\"https:\\\/\\\/bertan.net\\\/serp\\\/\",\"url\":\"https:\\\/\\\/bertan.net\\\/serp\\\/\",\"name\":\"SERP \u00d6nizleme Arac\u0131 | Bertan\",\"isPartOf\":{\"@id\":\"https:\\\/\\\/bertan.net\\\/tr\\\/#website\"},\"primaryImageOfPage\":{\"@id\":\"https:\\\/\\\/bertan.net\\\/serp\\\/#primaryimage\"},\"image\":{\"@id\":\"https:\\\/\\\/bertan.net\\\/serp\\\/#primaryimage\"},\"thumbnailUrl\":\"https:\\\/\\\/bertan.net\\\/wp-content\\\/uploads\\\/2018\\\/10\\\/serp.png\",\"datePublished\":\"2018-10-26T20:43:09+00:00\",\"dateModified\":\"2024-05-12T22:15:18+00:00\",\"description\":\"Site adresi, Title ve Description girerek, sitenizin Google'da nas\u0131l g\u00f6r\u00fcnece\u011fini test edebilirsiniz. \u00d6nerilen Title uzunlu\u011fu: 55-65 karakter olmal\u0131d\u0131r.\",\"inLanguage\":\"tr\",\"potentialAction\":[{\"@type\":\"ReadAction\",\"target\":[\"https:\\\/\\\/bertan.net\\\/serp\\\/\"]}]},{\"@type\":\"ImageObject\",\"inLanguage\":\"tr\",\"@id\":\"https:\\\/\\\/bertan.net\\\/serp\\\/#primaryimage\",\"url\":\"https:\\\/\\\/bertan.net\\\/wp-content\\\/uploads\\\/2018\\\/10\\\/serp.png\",\"contentUrl\":\"https:\\\/\\\/bertan.net\\\/wp-content\\\/uploads\\\/2018\\\/10\\\/serp.png\",\"width\":1429,\"height\":751,\"caption\":\"SERP\"},{\"@type\":\"WebSite\",\"@id\":\"https:\\\/\\\/bertan.net\\\/tr\\\/#website\",\"url\":\"https:\\\/\\\/bertan.net\\\/tr\\\/\",\"name\":\"Bertan\",\"description\":\"\",\"publisher\":{\"@id\":\"https:\\\/\\\/bertan.net\\\/tr\\\/#organization\"},\"alternateName\":\"Bertan\",\"potentialAction\":[{\"@type\":\"SearchAction\",\"target\":{\"@type\":\"EntryPoint\",\"urlTemplate\":\"https:\\\/\\\/bertan.net\\\/tr\\\/?s={search_term_string}\"},\"query-input\":{\"@type\":\"PropertyValueSpecification\",\"valueRequired\":true,\"valueName\":\"search_term_string\"}}],\"inLanguage\":\"tr\"},{\"@type\":\"Organization\",\"@id\":\"https:\\\/\\\/bertan.net\\\/tr\\\/#organization\",\"name\":\"Bertan Agency\",\"alternateName\":\"Bertan\",\"url\":\"https:\\\/\\\/bertan.net\\\/tr\\\/\",\"logo\":{\"@type\":\"ImageObject\",\"inLanguage\":\"tr\",\"@id\":\"https:\\\/\\\/bertan.net\\\/tr\\\/#\\\/schema\\\/logo\\\/image\\\/\",\"url\":\"https:\\\/\\\/bertan.net\\\/wp-content\\\/uploads\\\/2024\\\/05\\\/1000x1000.png\",\"contentUrl\":\"https:\\\/\\\/bertan.net\\\/wp-content\\\/uploads\\\/2024\\\/05\\\/1000x1000.png\",\"width\":1000,\"height\":1000,\"caption\":\"Bertan Agency\"},\"image\":{\"@id\":\"https:\\\/\\\/bertan.net\\\/tr\\\/#\\\/schema\\\/logo\\\/image\\\/\"},\"sameAs\":[\"https:\\\/\\\/www.linkedin.com\\\/company\\\/netbertan\\\/\"]}]}<\/script>\n<!-- \/ Yoast SEO plugin. -->","yoast_head_json":{"title":"SERP \u00d6nizleme Arac\u0131 | Bertan","description":"Site adresi, Title ve Description girerek, sitenizin Google'da nas\u0131l g\u00f6r\u00fcnece\u011fini test edebilirsiniz. \u00d6nerilen Title uzunlu\u011fu: 55-65 karakter olmal\u0131d\u0131r.","robots":{"index":"index","follow":"follow","max-snippet":"max-snippet:-1","max-image-preview":"max-image-preview:large","max-video-preview":"max-video-preview:-1"},"canonical":"https:\/\/bertan.net\/serp\/","og_locale":"tr_TR","og_type":"article","og_title":"SERP \u00d6nizleme Arac\u0131 | Bertan","og_description":"Site adresi, Title ve Description girerek, sitenizin Google'da nas\u0131l g\u00f6r\u00fcnece\u011fini test edebilirsiniz. \u00d6nerilen Title uzunlu\u011fu: 55-65 karakter olmal\u0131d\u0131r.","og_url":"https:\/\/bertan.net\/serp\/","og_site_name":"Bertan","article_modified_time":"2024-05-12T22:15:18+00:00","og_image":[{"width":1429,"height":751,"url":"https:\/\/bertan.net\/wp-content\/uploads\/2018\/10\/serp.png","type":"image\/png"}],"twitter_card":"summary_large_image","twitter_misc":{"Tahmini okuma s\u00fcresi":"1 dakika"},"schema":{"@context":"https:\/\/schema.org","@graph":[{"@type":"WebPage","@id":"https:\/\/bertan.net\/serp\/","url":"https:\/\/bertan.net\/serp\/","name":"SERP \u00d6nizleme Arac\u0131 | Bertan","isPartOf":{"@id":"https:\/\/bertan.net\/tr\/#website"},"primaryImageOfPage":{"@id":"https:\/\/bertan.net\/serp\/#primaryimage"},"image":{"@id":"https:\/\/bertan.net\/serp\/#primaryimage"},"thumbnailUrl":"https:\/\/bertan.net\/wp-content\/uploads\/2018\/10\/serp.png","datePublished":"2018-10-26T20:43:09+00:00","dateModified":"2024-05-12T22:15:18+00:00","description":"Site adresi, Title ve Description girerek, sitenizin Google'da nas\u0131l g\u00f6r\u00fcnece\u011fini test edebilirsiniz. \u00d6nerilen Title uzunlu\u011fu: 55-65 karakter olmal\u0131d\u0131r.","inLanguage":"tr","potentialAction":[{"@type":"ReadAction","target":["https:\/\/bertan.net\/serp\/"]}]},{"@type":"ImageObject","inLanguage":"tr","@id":"https:\/\/bertan.net\/serp\/#primaryimage","url":"https:\/\/bertan.net\/wp-content\/uploads\/2018\/10\/serp.png","contentUrl":"https:\/\/bertan.net\/wp-content\/uploads\/2018\/10\/serp.png","width":1429,"height":751,"caption":"SERP"},{"@type":"WebSite","@id":"https:\/\/bertan.net\/tr\/#website","url":"https:\/\/bertan.net\/tr\/","name":"Bertan","description":"","publisher":{"@id":"https:\/\/bertan.net\/tr\/#organization"},"alternateName":"Bertan","potentialAction":[{"@type":"SearchAction","target":{"@type":"EntryPoint","urlTemplate":"https:\/\/bertan.net\/tr\/?s={search_term_string}"},"query-input":{"@type":"PropertyValueSpecification","valueRequired":true,"valueName":"search_term_string"}}],"inLanguage":"tr"},{"@type":"Organization","@id":"https:\/\/bertan.net\/tr\/#organization","name":"Bertan Agency","alternateName":"Bertan","url":"https:\/\/bertan.net\/tr\/","logo":{"@type":"ImageObject","inLanguage":"tr","@id":"https:\/\/bertan.net\/tr\/#\/schema\/logo\/image\/","url":"https:\/\/bertan.net\/wp-content\/uploads\/2024\/05\/1000x1000.png","contentUrl":"https:\/\/bertan.net\/wp-content\/uploads\/2024\/05\/1000x1000.png","width":1000,"height":1000,"caption":"Bertan Agency"},"image":{"@id":"https:\/\/bertan.net\/tr\/#\/schema\/logo\/image\/"},"sameAs":["https:\/\/www.linkedin.com\/company\/netbertan\/"]}]}},"amp_enabled":false,"_links":{"self":[{"href":"https:\/\/bertan.net\/tr\/wp-json\/wp\/v2\/pages\/3365","targetHints":{"allow":["GET"]}}],"collection":[{"href":"https:\/\/bertan.net\/tr\/wp-json\/wp\/v2\/pages"}],"about":[{"href":"https:\/\/bertan.net\/tr\/wp-json\/wp\/v2\/types\/page"}],"author":[{"embeddable":true,"href":"https:\/\/bertan.net\/tr\/wp-json\/wp\/v2\/users\/1"}],"replies":[{"embeddable":true,"href":"https:\/\/bertan.net\/tr\/wp-json\/wp\/v2\/comments?post=3365"}],"version-history":[{"count":1,"href":"https:\/\/bertan.net\/tr\/wp-json\/wp\/v2\/pages\/3365\/revisions"}],"predecessor-version":[{"id":18392,"href":"https:\/\/bertan.net\/tr\/wp-json\/wp\/v2\/pages\/3365\/revisions\/18392"}],"wp:featuredmedia":[{"embeddable":true,"href":"https:\/\/bertan.net\/tr\/wp-json\/wp\/v2\/media\/3372"}],"wp:attachment":[{"href":"https:\/\/bertan.net\/tr\/wp-json\/wp\/v2\/media?parent=3365"}],"curies":[{"name":"wp","href":"https:\/\/api.w.org\/{rel}","templated":true}]}}