{"id":2877,"date":"2017-01-20T11:01:44","date_gmt":"2017-01-20T11:01:44","guid":{"rendered":"https:\/\/bertan.net\/tr\/?p=2877"},"modified":"2025-06-07T20:45:57","modified_gmt":"2025-06-07T17:45:57","slug":"seo-danismanligi","status":"publish","type":"page","link":"https:\/\/bertan.net\/tr\/seo-danismanligi\/","title":{"rendered":"SEO Dan\u0131\u015fmanl\u0131\u011f\u0131"},"content":{"rendered":"\t\t<div data-elementor-type=\"wp-post\" data-elementor-id=\"2877\" class=\"elementor elementor-2877\">\n\t\t\t\t\t\t<section class=\"has-el-gap el-gap-default elementor-section elementor-top-section elementor-element elementor-element-a7ed377 elementor-section-boxed elementor-section-height-default elementor-section-height-default\" data-id=\"a7ed377\" data-element_type=\"section\" data-e-type=\"section\">\n\t\t\t\t\t\t<div class=\"elementor-container elementor-column-gap-no\">\n\t\t\t\t\t<div class=\"elementor-column elementor-col-100 elementor-top-column elementor-element elementor-element-57df67a\" data-id=\"57df67a\" data-element_type=\"column\" data-e-type=\"column\">\n\t\t\t<div class=\"elementor-widget-wrap elementor-element-populated\">\n\t\t\t\t\t\t<div class=\"elementor-element elementor-element-562cba0 elementor-widget elementor-widget-heading\" data-id=\"562cba0\" data-element_type=\"widget\" data-e-type=\"widget\" data-widget_type=\"heading.default\">\n\t\t\t\t<div class=\"elementor-widget-container\">\n\t\t\t\t\t<h1 class=\"elementor-heading-title elementor-size-default\"><span class=\"ez-toc-section\" id=\"Kurumsal_SEO_Danismanligi\"><\/span>Kurumsal SEO Dan\u0131\u015fmanl\u0131\u011f\u0131<span class=\"ez-toc-section-end\"><\/span><\/h1>\t\t\t\t<\/div>\n\t\t\t\t<\/div>\n\t\t\t\t\t<\/div>\n\t\t<\/div>\n\t\t\t\t\t<\/div>\n\t\t<\/section>\n\t\t\t\t<section class=\"has-el-gap el-gap-default elementor-section elementor-top-section elementor-element elementor-element-74a80a5 elementor-section-boxed elementor-section-height-default elementor-section-height-default\" data-id=\"74a80a5\" data-element_type=\"section\" data-e-type=\"section\">\n\t\t\t\t\t\t<div class=\"elementor-container elementor-column-gap-no\">\n\t\t\t\t\t<div class=\"elementor-column elementor-col-50 elementor-top-column elementor-element elementor-element-ae86cc8\" data-id=\"ae86cc8\" data-element_type=\"column\" data-e-type=\"column\">\n\t\t\t<div class=\"elementor-widget-wrap elementor-element-populated\">\n\t\t\t\t\t\t<div class=\"elementor-element elementor-element-4ee49ac post-content elementor-widget elementor-widget-text-editor\" data-id=\"4ee49ac\" data-element_type=\"widget\" data-e-type=\"widget\" data-widget_type=\"text-editor.default\">\n\t\t\t\t<div class=\"elementor-widget-container\">\n\t\t\t\t\t\t\t\t\t<p>2006 y\u0131l\u0131ndan bu yana kazand\u0131\u011f\u0131m\u0131z deneyim ile, kurumsal m\u00fc\u015fterilere \u00f6zel SEO dan\u0131\u015fmanl\u0131\u011f\u0131 hizmeti veriyoruz.<\/p><p>SEO dan\u0131\u015fmanl\u0131\u011f\u0131 hizmetlerimiz orta ve b\u00fcy\u00fck \u00f6l\u00e7ekli i\u015fletmelerin arama motorlar\u0131nda \u00f6n s\u0131ralara \u00e7\u0131kmas\u0131n\u0131 sa\u011flamak i\u00e7in \u00f6zel olarak tasarlanm\u0131\u015ft\u0131r.<\/p>\t\t\t\t\t\t\t\t<\/div>\n\t\t\t\t<\/div>\n\t\t\t\t\t<\/div>\n\t\t<\/div>\n\t\t\t\t<div class=\"elementor-column elementor-col-50 elementor-top-column elementor-element elementor-element-3d39213\" data-id=\"3d39213\" data-element_type=\"column\" data-e-type=\"column\">\n\t\t\t<div class=\"elementor-widget-wrap elementor-element-populated\">\n\t\t\t\t\t\t<div class=\"elementor-element elementor-element-1ce8076 elementor-widget elementor-widget-image\" data-id=\"1ce8076\" data-element_type=\"widget\" data-e-type=\"widget\" data-widget_type=\"image.default\">\n\t\t\t\t<div class=\"elementor-widget-container\">\n\t\t\t\t\t\t\t\t\t\t\t\t\t\t\t<img fetchpriority=\"high\" decoding=\"async\" class=\"attachment-medium size-medium wp-image-18057 lazyload\" width=\"300\" height=\"200\" src=\"data:image\/svg+xml;base64,PHN2ZyB2aWV3Qm94PScwIDAgMzAwIDIwMCcgeG1sbnM9J2h0dHA6Ly93d3cudzMub3JnLzIwMDAvc3ZnJz48L3N2Zz4=\" alt srcset=\"https:\/\/bertan.net\/wp-content\/uploads\/2024\/03\/SEO-Kapak-Resmi-300x200.jpg 300w, https:\/\/bertan.net\/wp-content\/uploads\/2024\/03\/SEO-Kapak-Resmi-1024x683.jpg 1024w, https:\/\/bertan.net\/wp-content\/uploads\/2024\/03\/SEO-Kapak-Resmi-768x512.jpg 768w, https:\/\/bertan.net\/wp-content\/uploads\/2024\/03\/SEO-Kapak-Resmi-150x100.jpg 150w, https:\/\/bertan.net\/wp-content\/uploads\/2024\/03\/SEO-Kapak-Resmi-450x300.jpg 450w, https:\/\/bertan.net\/wp-content\/uploads\/2024\/03\/elementor\/thumbs\/SEO-Kapak-Resmi-qo2203oegb1jh8hjcf58if20dit827j57pu37k2bi8.jpg 720w, https:\/\/bertan.net\/wp-content\/uploads\/2024\/03\/SEO-Kapak-Resmi.jpg 1200w\" sizes=\"(max-width: 300px) 100vw, 300px\" data-src=\"https:\/\/bertan.net\/wp-content\/uploads\/2024\/03\/SEO-Kapak-Resmi-300x200.jpg\" \/>\t\t\t\t\t\t\t\t\t\t\t\t\t\t\t<\/div>\n\t\t\t\t<\/div>\n\t\t\t\t\t<\/div>\n\t\t<\/div>\n\t\t\t\t\t<\/div>\n\t\t<\/section>\n\t\t\t\t<section class=\"has-el-gap el-gap-default elementor-section elementor-top-section elementor-element elementor-element-252cb259 elementor-section-boxed elementor-section-height-default elementor-section-height-default\" data-id=\"252cb259\" data-element_type=\"section\" data-e-type=\"section\">\n\t\t\t\t\t\t<div class=\"elementor-container elementor-column-gap-no\">\n\t\t\t\t\t<div class=\"elementor-column elementor-col-100 elementor-top-column elementor-element elementor-element-78f6abee\" data-id=\"78f6abee\" data-element_type=\"column\" data-e-type=\"column\">\n\t\t\t<div class=\"elementor-widget-wrap elementor-element-populated\">\n\t\t\t\t\t\t<div class=\"elementor-element elementor-element-1545393 elementor-widget-divider--view-line elementor-widget elementor-widget-divider\" data-id=\"1545393\" data-element_type=\"widget\" data-e-type=\"widget\" data-widget_type=\"divider.default\">\n\t\t\t\t<div class=\"elementor-widget-container\">\n\t\t\t\t\t\t\t<div class=\"elementor-divider\">\n\t\t\t<span class=\"elementor-divider-separator\">\n\t\t\t\t\t\t<\/span>\n\t\t<\/div>\n\t\t\t\t\t\t<\/div>\n\t\t\t\t<\/div>\n\t\t\t\t<div class=\"elementor-element elementor-element-57e9569 post-content elementor-widget elementor-widget-text-editor\" data-id=\"57e9569\" data-element_type=\"widget\" data-e-type=\"widget\" data-widget_type=\"text-editor.default\">\n\t\t\t\t<div class=\"elementor-widget-container\">\n\t\t\t\t\t\t\t\t\t<h2><span class=\"ez-toc-section\" id=\"SEO_Danismanligi_Hizmet_Detaylari\"><\/span>SEO Dan\u0131\u015fmanl\u0131\u011f\u0131 Hizmet Detaylar\u0131<span class=\"ez-toc-section-end\"><\/span><\/h2><p>Google y\u00f6nergelerine uygun, tamamen beyaz \u015fapkal\u0131 (etik) SEO \u00e7al\u0131\u015fmalar\u0131 y\u00fcr\u00fct\u00fcyoruz. Web sitenizin kalitesini ve itibar\u0131n\u0131 y\u00fckseltiyoruz. Y\u00fcksek kullan\u0131c\u0131 deneyimine sahip web siteleri olu\u015fturuyor\/d\u00fczenliyoruz. \u00c7al\u0131\u015fmalar\u0131m\u0131z tek bir anahtar kelime bazl\u0131 de\u011fil, site-wide (site geneli) yap\u0131lmaktad\u0131r.<\/p><p>Hizmetlerimizi detayl\u0131 raporluyor, yaz\u0131l\u0131m, tasar\u0131m, i\u00e7erik, i\u00e7 ve d\u0131\u015f SEO olarak kapsay\u0131c\u0131 bir hizmet sunuyor. \u0130ster kendi departmanlar\u0131n\u0131z\u0131n SEO y\u00f6netimini, ister holistik (b\u00fct\u00fcnsel) olarak web sitenizdeki SEO hatalar\u0131n\u0131 giderelim. SEO hatalar\u0131ndan ar\u0131nd\u0131r\u0131lm\u0131\u015f bir web sitesinin arama motorlar\u0131nda \u00fcst s\u0131ralarda \u00e7\u0131kma \u015fans\u0131 y\u00fcksektir.<\/p>\t\t\t\t\t\t\t\t<\/div>\n\t\t\t\t<\/div>\n\t\t\t\t<div class=\"elementor-element elementor-element-48b8600b post-content elementor-widget__width-initial elementor-widget elementor-widget-text-editor\" data-id=\"48b8600b\" data-element_type=\"widget\" data-e-type=\"widget\" data-widget_type=\"text-editor.default\">\n\t\t\t\t<div class=\"elementor-widget-container\">\n\t\t\t\t\t\t\t\t\t<p><img decoding=\"async\" class=\"alignnone wp-image-13470 size-full\" src=\"https:\/\/bertan.net\/wp-content\/uploads\/2024\/03\/Nasil-SEO-Yapiyoruz-Infografik.jpg\" alt=\"Nas\u0131l SEO Yap\u0131yoruz?. SEO'yu nas\u0131l yapt\u0131\u011f\u0131m\u0131z\u0131 tan\u0131tan g\u00f6rsel.\" width=\"800\" height=\"2000\" srcset=\"https:\/\/bertan.net\/wp-content\/uploads\/2024\/03\/Nasil-SEO-Yapiyoruz-Infografik.jpg 800w, https:\/\/bertan.net\/wp-content\/uploads\/2024\/03\/Nasil-SEO-Yapiyoruz-Infografik-120x300.jpg 120w, https:\/\/bertan.net\/wp-content\/uploads\/2024\/03\/Nasil-SEO-Yapiyoruz-Infografik-410x1024.jpg 410w, https:\/\/bertan.net\/wp-content\/uploads\/2024\/03\/Nasil-SEO-Yapiyoruz-Infografik-768x1920.jpg 768w, https:\/\/bertan.net\/wp-content\/uploads\/2024\/03\/Nasil-SEO-Yapiyoruz-Infografik-614x1536.jpg 614w, https:\/\/bertan.net\/wp-content\/uploads\/2024\/03\/Nasil-SEO-Yapiyoruz-Infografik-150x375.jpg 150w, https:\/\/bertan.net\/wp-content\/uploads\/2024\/03\/Nasil-SEO-Yapiyoruz-Infografik-450x1125.jpg 450w\" sizes=\"(max-width: 800px) 100vw, 800px\" \/><\/p>\t\t\t\t\t\t\t\t<\/div>\n\t\t\t\t<\/div>\n\t\t\t\t\t<\/div>\n\t\t<\/div>\n\t\t\t\t\t<\/div>\n\t\t<\/section>\n\t\t\t\t<\/div>\n\t\t","protected":false},"excerpt":{"rendered":"<p>Kurumsal SEO Dan\u0131\u015fmanl\u0131\u011f\u0131 2006 y\u0131l\u0131ndan bu yana kazand\u0131\u011f\u0131m\u0131z deneyim ile, kurumsal m\u00fc\u015fterilere \u00f6zel SEO dan\u0131\u015fmanl\u0131\u011f\u0131 hizmeti veriyoruz. SEO dan\u0131\u015fmanl\u0131\u011f\u0131 hizmetlerimiz orta ve b\u00fcy\u00fck \u00f6l\u00e7ekli i\u015fletmelerin arama motorlar\u0131nda \u00f6n s\u0131ralara \u00e7\u0131kmas\u0131n\u0131 sa\u011flamak i\u00e7in \u00f6zel olarak tasarlanm\u0131\u015ft\u0131r. SEO Dan\u0131\u015fmanl\u0131\u011f\u0131 Hizmet Detaylar\u0131 Google y\u00f6nergelerine uygun, tamamen beyaz \u015fapkal\u0131 (etik) SEO \u00e7al\u0131\u015fmalar\u0131 y\u00fcr\u00fct\u00fcyoruz. Web sitenizin kalitesini ve itibar\u0131n\u0131 y\u00fckseltiyoruz.<\/p>\n","protected":false},"author":1,"featured_media":23028,"parent":0,"menu_order":0,"comment_status":"closed","ping_status":"open","template":"elementor_header_footer","meta":{"footnotes":""},"class_list":["post-2877","page","type-page","status-publish","has-post-thumbnail"],"yoast_head":"<!-- This site is optimized with the Yoast SEO plugin v27.3 - https:\/\/yoast.com\/product\/yoast-seo-wordpress\/ -->\n<title>Kurumsal SEO Dan\u0131\u015fmanl\u0131\u011f\u0131 - Bertan<\/title>\n<meta name=\"description\" content=\"SEO dan\u0131\u015fmanl\u0131\u011f\u0131 hizmetlerimiz orta ve b\u00fcy\u00fck \u00f6l\u00e7ekli i\u015fletmelerin arama motorlar\u0131nda \u00f6n s\u0131ralara \u00e7\u0131kmas\u0131n\u0131 sa\u011flamak i\u00e7in \u00f6zel olarak tasarlanm\u0131\u015ft\u0131r.\" \/>\n<meta name=\"robots\" content=\"index, follow, max-snippet:-1, max-image-preview:large, max-video-preview:-1\" \/>\n<link rel=\"canonical\" href=\"https:\/\/bertan.net\/tr\/seo-danismanligi\/\" \/>\n<meta property=\"og:locale\" content=\"tr_TR\" \/>\n<meta property=\"og:type\" content=\"article\" \/>\n<meta property=\"og:title\" content=\"Kurumsal SEO Dan\u0131\u015fmanl\u0131\u011f\u0131 - Bertan\" \/>\n<meta property=\"og:description\" content=\"SEO dan\u0131\u015fmanl\u0131\u011f\u0131 hizmetlerimiz orta ve b\u00fcy\u00fck \u00f6l\u00e7ekli i\u015fletmelerin arama motorlar\u0131nda \u00f6n s\u0131ralara \u00e7\u0131kmas\u0131n\u0131 sa\u011flamak i\u00e7in \u00f6zel olarak tasarlanm\u0131\u015ft\u0131r.\" \/>\n<meta property=\"og:url\" content=\"https:\/\/bertan.net\/tr\/seo-danismanligi\/\" \/>\n<meta property=\"og:site_name\" content=\"Bertan\" \/>\n<meta property=\"article:modified_time\" content=\"2025-06-07T17:45:57+00:00\" \/>\n<meta property=\"og:image\" content=\"https:\/\/bertan.net\/wp-content\/uploads\/2025\/02\/Kurumsal-SEO-Danismanligi.jpg\" \/>\n\t<meta property=\"og:image:width\" content=\"720\" \/>\n\t<meta property=\"og:image:height\" content=\"480\" \/>\n\t<meta property=\"og:image:type\" content=\"image\/jpeg\" \/>\n<meta name=\"twitter:card\" content=\"summary_large_image\" \/>\n<meta name=\"twitter:label1\" content=\"Tahmini okuma s\u00fcresi\" \/>\n\t<meta name=\"twitter:data1\" content=\"2 dakika\" \/>\n<script type=\"application\/ld+json\" class=\"yoast-schema-graph\">{\"@context\":\"https:\\\/\\\/schema.org\",\"@graph\":[{\"@type\":\"WebPage\",\"@id\":\"https:\\\/\\\/bertan.net\\\/tr\\\/seo-danismanligi\\\/\",\"url\":\"https:\\\/\\\/bertan.net\\\/tr\\\/seo-danismanligi\\\/\",\"name\":\"Kurumsal SEO Dan\u0131\u015fmanl\u0131\u011f\u0131 - Bertan\",\"isPartOf\":{\"@id\":\"https:\\\/\\\/bertan.net\\\/tr\\\/#website\"},\"primaryImageOfPage\":{\"@id\":\"https:\\\/\\\/bertan.net\\\/tr\\\/seo-danismanligi\\\/#primaryimage\"},\"image\":{\"@id\":\"https:\\\/\\\/bertan.net\\\/tr\\\/seo-danismanligi\\\/#primaryimage\"},\"thumbnailUrl\":\"https:\\\/\\\/bertan.net\\\/wp-content\\\/uploads\\\/2025\\\/02\\\/Kurumsal-SEO-Danismanligi.jpg\",\"datePublished\":\"2017-01-20T11:01:44+00:00\",\"dateModified\":\"2025-06-07T17:45:57+00:00\",\"description\":\"SEO dan\u0131\u015fmanl\u0131\u011f\u0131 hizmetlerimiz orta ve b\u00fcy\u00fck \u00f6l\u00e7ekli i\u015fletmelerin arama motorlar\u0131nda \u00f6n s\u0131ralara \u00e7\u0131kmas\u0131n\u0131 sa\u011flamak i\u00e7in \u00f6zel olarak tasarlanm\u0131\u015ft\u0131r.\",\"inLanguage\":\"tr\",\"potentialAction\":[{\"@type\":\"ReadAction\",\"target\":[\"https:\\\/\\\/bertan.net\\\/tr\\\/seo-danismanligi\\\/\"]}]},{\"@type\":\"ImageObject\",\"inLanguage\":\"tr\",\"@id\":\"https:\\\/\\\/bertan.net\\\/tr\\\/seo-danismanligi\\\/#primaryimage\",\"url\":\"https:\\\/\\\/bertan.net\\\/wp-content\\\/uploads\\\/2025\\\/02\\\/Kurumsal-SEO-Danismanligi.jpg\",\"contentUrl\":\"https:\\\/\\\/bertan.net\\\/wp-content\\\/uploads\\\/2025\\\/02\\\/Kurumsal-SEO-Danismanligi.jpg\",\"width\":720,\"height\":480,\"caption\":\"Kurumsal SEO Dan\u0131\u015fmanl\u0131\u011f\u0131\"},{\"@type\":\"WebSite\",\"@id\":\"https:\\\/\\\/bertan.net\\\/tr\\\/#website\",\"url\":\"https:\\\/\\\/bertan.net\\\/tr\\\/\",\"name\":\"Bertan\",\"description\":\"\",\"publisher\":{\"@id\":\"https:\\\/\\\/bertan.net\\\/tr\\\/#organization\"},\"alternateName\":\"Bertan\",\"potentialAction\":[{\"@type\":\"SearchAction\",\"target\":{\"@type\":\"EntryPoint\",\"urlTemplate\":\"https:\\\/\\\/bertan.net\\\/tr\\\/?s={search_term_string}\"},\"query-input\":{\"@type\":\"PropertyValueSpecification\",\"valueRequired\":true,\"valueName\":\"search_term_string\"}}],\"inLanguage\":\"tr\"},{\"@type\":\"Organization\",\"@id\":\"https:\\\/\\\/bertan.net\\\/tr\\\/#organization\",\"name\":\"Bertan Agency\",\"alternateName\":\"Bertan\",\"url\":\"https:\\\/\\\/bertan.net\\\/tr\\\/\",\"logo\":{\"@type\":\"ImageObject\",\"inLanguage\":\"tr\",\"@id\":\"https:\\\/\\\/bertan.net\\\/tr\\\/#\\\/schema\\\/logo\\\/image\\\/\",\"url\":\"https:\\\/\\\/bertan.net\\\/wp-content\\\/uploads\\\/2024\\\/05\\\/1000x1000.png\",\"contentUrl\":\"https:\\\/\\\/bertan.net\\\/wp-content\\\/uploads\\\/2024\\\/05\\\/1000x1000.png\",\"width\":1000,\"height\":1000,\"caption\":\"Bertan Agency\"},\"image\":{\"@id\":\"https:\\\/\\\/bertan.net\\\/tr\\\/#\\\/schema\\\/logo\\\/image\\\/\"},\"sameAs\":[\"https:\\\/\\\/www.linkedin.com\\\/company\\\/netbertan\\\/\"]}]}<\/script>\n<!-- \/ Yoast SEO plugin. -->","yoast_head_json":{"title":"Kurumsal SEO Dan\u0131\u015fmanl\u0131\u011f\u0131 - Bertan","description":"SEO dan\u0131\u015fmanl\u0131\u011f\u0131 hizmetlerimiz orta ve b\u00fcy\u00fck \u00f6l\u00e7ekli i\u015fletmelerin arama motorlar\u0131nda \u00f6n s\u0131ralara \u00e7\u0131kmas\u0131n\u0131 sa\u011flamak i\u00e7in \u00f6zel olarak tasarlanm\u0131\u015ft\u0131r.","robots":{"index":"index","follow":"follow","max-snippet":"max-snippet:-1","max-image-preview":"max-image-preview:large","max-video-preview":"max-video-preview:-1"},"canonical":"https:\/\/bertan.net\/tr\/seo-danismanligi\/","og_locale":"tr_TR","og_type":"article","og_title":"Kurumsal SEO Dan\u0131\u015fmanl\u0131\u011f\u0131 - Bertan","og_description":"SEO dan\u0131\u015fmanl\u0131\u011f\u0131 hizmetlerimiz orta ve b\u00fcy\u00fck \u00f6l\u00e7ekli i\u015fletmelerin arama motorlar\u0131nda \u00f6n s\u0131ralara \u00e7\u0131kmas\u0131n\u0131 sa\u011flamak i\u00e7in \u00f6zel olarak tasarlanm\u0131\u015ft\u0131r.","og_url":"https:\/\/bertan.net\/tr\/seo-danismanligi\/","og_site_name":"Bertan","article_modified_time":"2025-06-07T17:45:57+00:00","og_image":[{"width":720,"height":480,"url":"https:\/\/bertan.net\/wp-content\/uploads\/2025\/02\/Kurumsal-SEO-Danismanligi.jpg","type":"image\/jpeg"}],"twitter_card":"summary_large_image","twitter_misc":{"Tahmini okuma s\u00fcresi":"2 dakika"},"schema":{"@context":"https:\/\/schema.org","@graph":[{"@type":"WebPage","@id":"https:\/\/bertan.net\/tr\/seo-danismanligi\/","url":"https:\/\/bertan.net\/tr\/seo-danismanligi\/","name":"Kurumsal SEO Dan\u0131\u015fmanl\u0131\u011f\u0131 - Bertan","isPartOf":{"@id":"https:\/\/bertan.net\/tr\/#website"},"primaryImageOfPage":{"@id":"https:\/\/bertan.net\/tr\/seo-danismanligi\/#primaryimage"},"image":{"@id":"https:\/\/bertan.net\/tr\/seo-danismanligi\/#primaryimage"},"thumbnailUrl":"https:\/\/bertan.net\/wp-content\/uploads\/2025\/02\/Kurumsal-SEO-Danismanligi.jpg","datePublished":"2017-01-20T11:01:44+00:00","dateModified":"2025-06-07T17:45:57+00:00","description":"SEO dan\u0131\u015fmanl\u0131\u011f\u0131 hizmetlerimiz orta ve b\u00fcy\u00fck \u00f6l\u00e7ekli i\u015fletmelerin arama motorlar\u0131nda \u00f6n s\u0131ralara \u00e7\u0131kmas\u0131n\u0131 sa\u011flamak i\u00e7in \u00f6zel olarak tasarlanm\u0131\u015ft\u0131r.","inLanguage":"tr","potentialAction":[{"@type":"ReadAction","target":["https:\/\/bertan.net\/tr\/seo-danismanligi\/"]}]},{"@type":"ImageObject","inLanguage":"tr","@id":"https:\/\/bertan.net\/tr\/seo-danismanligi\/#primaryimage","url":"https:\/\/bertan.net\/wp-content\/uploads\/2025\/02\/Kurumsal-SEO-Danismanligi.jpg","contentUrl":"https:\/\/bertan.net\/wp-content\/uploads\/2025\/02\/Kurumsal-SEO-Danismanligi.jpg","width":720,"height":480,"caption":"Kurumsal SEO Dan\u0131\u015fmanl\u0131\u011f\u0131"},{"@type":"WebSite","@id":"https:\/\/bertan.net\/tr\/#website","url":"https:\/\/bertan.net\/tr\/","name":"Bertan","description":"","publisher":{"@id":"https:\/\/bertan.net\/tr\/#organization"},"alternateName":"Bertan","potentialAction":[{"@type":"SearchAction","target":{"@type":"EntryPoint","urlTemplate":"https:\/\/bertan.net\/tr\/?s={search_term_string}"},"query-input":{"@type":"PropertyValueSpecification","valueRequired":true,"valueName":"search_term_string"}}],"inLanguage":"tr"},{"@type":"Organization","@id":"https:\/\/bertan.net\/tr\/#organization","name":"Bertan Agency","alternateName":"Bertan","url":"https:\/\/bertan.net\/tr\/","logo":{"@type":"ImageObject","inLanguage":"tr","@id":"https:\/\/bertan.net\/tr\/#\/schema\/logo\/image\/","url":"https:\/\/bertan.net\/wp-content\/uploads\/2024\/05\/1000x1000.png","contentUrl":"https:\/\/bertan.net\/wp-content\/uploads\/2024\/05\/1000x1000.png","width":1000,"height":1000,"caption":"Bertan Agency"},"image":{"@id":"https:\/\/bertan.net\/tr\/#\/schema\/logo\/image\/"},"sameAs":["https:\/\/www.linkedin.com\/company\/netbertan\/"]}]}},"amp_enabled":true,"_links":{"self":[{"href":"https:\/\/bertan.net\/tr\/wp-json\/wp\/v2\/pages\/2877","targetHints":{"allow":["GET"]}}],"collection":[{"href":"https:\/\/bertan.net\/tr\/wp-json\/wp\/v2\/pages"}],"about":[{"href":"https:\/\/bertan.net\/tr\/wp-json\/wp\/v2\/types\/page"}],"author":[{"embeddable":true,"href":"https:\/\/bertan.net\/tr\/wp-json\/wp\/v2\/users\/1"}],"replies":[{"embeddable":true,"href":"https:\/\/bertan.net\/tr\/wp-json\/wp\/v2\/comments?post=2877"}],"version-history":[{"count":62,"href":"https:\/\/bertan.net\/tr\/wp-json\/wp\/v2\/pages\/2877\/revisions"}],"predecessor-version":[{"id":23699,"href":"https:\/\/bertan.net\/tr\/wp-json\/wp\/v2\/pages\/2877\/revisions\/23699"}],"wp:featuredmedia":[{"embeddable":true,"href":"https:\/\/bertan.net\/tr\/wp-json\/wp\/v2\/media\/23028"}],"wp:attachment":[{"href":"https:\/\/bertan.net\/tr\/wp-json\/wp\/v2\/media?parent=2877"}],"curies":[{"name":"wp","href":"https:\/\/api.w.org\/{rel}","templated":true}]}}