{"id":23959,"date":"2025-06-30T15:30:22","date_gmt":"2025-06-30T12:30:22","guid":{"rendered":"https:\/\/bertan.net\/?page_id=23959"},"modified":"2025-07-18T01:57:40","modified_gmt":"2025-07-17T22:57:40","slug":"icerik-pazarlamasi-hizmeti","status":"publish","type":"page","link":"https:\/\/bertan.net\/tr\/icerik-pazarlamasi-hizmeti\/","title":{"rendered":"\u0130\u00e7erik Pazarlamas\u0131 Hizmeti"},"content":{"rendered":"\t\t<div data-elementor-type=\"wp-post\" data-elementor-id=\"23959\" class=\"elementor elementor-23959 elementor-23813\">\n\t\t\t\t\t\t<section class=\"has-el-gap el-gap-default elementor-section elementor-top-section elementor-element elementor-element-40be3f9 elementor-section-boxed elementor-section-height-default elementor-section-height-default\" data-id=\"40be3f9\" data-element_type=\"section\" data-e-type=\"section\">\n\t\t\t\t\t\t<div class=\"elementor-container elementor-column-gap-no\">\n\t\t\t\t\t<div class=\"elementor-column elementor-col-100 elementor-top-column elementor-element elementor-element-50547e1\" data-id=\"50547e1\" data-element_type=\"column\" data-e-type=\"column\">\n\t\t\t<div class=\"elementor-widget-wrap elementor-element-populated\">\n\t\t\t\t\t\t<div class=\"elementor-element elementor-element-6052b02 elementor-widget elementor-widget-spacer\" data-id=\"6052b02\" data-element_type=\"widget\" data-e-type=\"widget\" data-widget_type=\"spacer.default\">\n\t\t\t\t<div class=\"elementor-widget-container\">\n\t\t\t\t\t\t\t<div class=\"elementor-spacer\">\n\t\t\t<div class=\"elementor-spacer-inner\"><\/div>\n\t\t<\/div>\n\t\t\t\t\t\t<\/div>\n\t\t\t\t<\/div>\n\t\t\t\t<div class=\"elementor-element elementor-element-7924dc0 elementor-widget elementor-widget-heading\" data-id=\"7924dc0\" data-element_type=\"widget\" data-e-type=\"widget\" data-widget_type=\"heading.default\">\n\t\t\t\t<div class=\"elementor-widget-container\">\n\t\t\t\t\t<h1 class=\"elementor-heading-title elementor-size-default\"><span class=\"ez-toc-section\" id=\"Icerik_Pazarlamasi_Hizmetleri\"><\/span>\u0130\u00e7erik Pazarlamas\u0131  Hizmetleri\n<span class=\"ez-toc-section-end\"><\/span><\/h1>\t\t\t\t<\/div>\n\t\t\t\t<\/div>\n\t\t\t\t\t<\/div>\n\t\t<\/div>\n\t\t\t\t\t<\/div>\n\t\t<\/section>\n\t\t\t\t<section class=\"has-el-gap el-gap-default elementor-section elementor-top-section elementor-element elementor-element-351012d elementor-section-boxed elementor-section-height-default elementor-section-height-default\" data-id=\"351012d\" data-element_type=\"section\" data-e-type=\"section\">\n\t\t\t\t\t\t<div class=\"elementor-container elementor-column-gap-no\">\n\t\t\t\t\t<div class=\"elementor-column elementor-col-50 elementor-top-column elementor-element elementor-element-e8222cb\" data-id=\"e8222cb\" data-element_type=\"column\" data-e-type=\"column\">\n\t\t\t<div class=\"elementor-widget-wrap elementor-element-populated\">\n\t\t\t\t\t\t<div class=\"elementor-element elementor-element-508bcb1 post-content elementor-widget elementor-widget-text-editor\" data-id=\"508bcb1\" data-element_type=\"widget\" data-e-type=\"widget\" data-widget_type=\"text-editor.default\">\n\t\t\t\t<div class=\"elementor-widget-container\">\n\t\t\t\t\t\t\t\t\t<p data-pm-slice=\"0 0 []\">\u0130\u00e7erik ancak m\u00fc\u015fterileri cezbedip onlar\u0131 d\u00fczenli olarak sitenizle etkile\u015fime ge\u00e7meye te\u015fvik etti\u011finde i\u015fe yarar. Ba\u015far\u0131l\u0131 bir i\u00e7erik pazarlama stratejisi, arama motorlar\u0131nda \u00fcst s\u0131ralarda yer alman\u0131z\u0131 sa\u011flar, kal\u0131c\u0131 m\u00fc\u015fteri ili\u015fkileri kurar ve ziyaret\u00e7ileri web sitenize \u00e7eker.<\/p><p>Hedeflerinize en uygun \u015fekilde nas\u0131l ula\u015faca\u011f\u0131n\u0131z\u0131 belirliyor ve d\u00f6n\u00fc\u015f\u00fcm sa\u011flayan, t\u0131klama alan i\u00e7erikler \u00fcretiyoruz. E\u011fer i\u00e7eri\u011finizin yeterince ilgi \u00e7ekici olmad\u0131\u011f\u0131n\u0131 ya da i\u00e7erik pazarlama \u00e7al\u0131\u015fmalar\u0131n\u0131z\u0131n istedi\u011finiz sonucu vermedi\u011fini d\u00fc\u015f\u00fcn\u00fcyorsan\u0131z, birlikte markan\u0131z\u0131 internetteki ziyaret\u00e7ilerinize daha cazip g\u00f6sterebiliriz.<\/p><p>Markan\u0131z i\u00e7in bir i\u00e7erik pazarlama dan\u0131\u015fman\u0131 gibi \u00e7al\u0131\u015farak, hedef kitlenize y\u00f6nelik i\u00e7erik planlar\u0131 olu\u015fturur ve sitenizin dijital d\u00fcnyada \u00f6ne \u00e7\u0131kmas\u0131n\u0131 sa\u011flar\u0131z. Sizi, markan\u0131z\u0131 ve hitap dilinizi tan\u0131r\u0131z. Hen\u00fcz bir marka diliniz yoksa, hedef kitlenizle ba\u011f kurabilece\u011finiz bir ton geli\u015ftirmenize yard\u0131mc\u0131 oluruz.<\/p><p>\u0130\u00e7erik optimizasyonu, potansiyel m\u00fc\u015fterilerinizi kal\u0131c\u0131 ve sad\u0131k m\u00fc\u015fterilere d\u00f6n\u00fc\u015ft\u00fcrebilir. Bu m\u00fc\u015fteriler, hizmetlerinizi \u00e7evresine anlatarak sizi kulaktan kula\u011fa yay\u0131lacak bir markaya d\u00f6n\u00fc\u015ft\u00fcrebilir.<\/p>\t\t\t\t\t\t\t\t<\/div>\n\t\t\t\t<\/div>\n\t\t\t\t\t<\/div>\n\t\t<\/div>\n\t\t\t\t<div class=\"elementor-column elementor-col-50 elementor-top-column elementor-element elementor-element-9a382a4\" data-id=\"9a382a4\" data-element_type=\"column\" data-e-type=\"column\">\n\t\t\t<div class=\"elementor-widget-wrap elementor-element-populated\">\n\t\t\t\t\t\t<div class=\"elementor-element elementor-element-62d3835 elementor-widget elementor-widget-image\" data-id=\"62d3835\" data-element_type=\"widget\" data-e-type=\"widget\" data-widget_type=\"image.default\">\n\t\t\t\t<div class=\"elementor-widget-container\">\n\t\t\t\t\t\t\t\t\t\t\t\t\t\t\t<img fetchpriority=\"high\" decoding=\"async\" class=\"attachment-large size-large wp-image-23815 lazyload\" width=\"500\" height=\"500\" src=\"data:image\/svg+xml;base64,PHN2ZyB2aWV3Qm94PScwIDAgNTAwIDUwMCcgeG1sbnM9J2h0dHA6Ly93d3cudzMub3JnLzIwMDAvc3ZnJz48L3N2Zz4=\" alt=\"Content\" srcset=\"https:\/\/bertan.net\/wp-content\/uploads\/2025\/06\/Content-2.png 500w, https:\/\/bertan.net\/wp-content\/uploads\/2025\/06\/Content-2-300x300.png 300w, https:\/\/bertan.net\/wp-content\/uploads\/2025\/06\/Content-2-150x150.png 150w, https:\/\/bertan.net\/wp-content\/uploads\/2025\/06\/Content-2-450x450.png 450w, https:\/\/bertan.net\/wp-content\/uploads\/2025\/06\/Content-2-120x120.png 120w\" sizes=\"(max-width: 500px) 100vw, 500px\" data-src=\"https:\/\/bertan.net\/wp-content\/uploads\/2025\/06\/Content-2.png\" \/>\t\t\t\t\t\t\t\t\t\t\t\t\t\t\t<\/div>\n\t\t\t\t<\/div>\n\t\t\t\t\t<\/div>\n\t\t<\/div>\n\t\t\t\t\t<\/div>\n\t\t<\/section>\n\t\t\t\t<section class=\"elementor-section elementor-top-section elementor-element elementor-element-ac7bc38 elementor-section-boxed elementor-section-height-default elementor-section-height-default elementor-invisible\" data-id=\"ac7bc38\" data-element_type=\"section\" data-e-type=\"section\" data-settings=\"{&quot;animation&quot;:&quot;pulse&quot;}\">\n\t\t\t\t\t\t<div class=\"elementor-container elementor-column-gap-default\">\n\t\t\t\t\t<div class=\"elementor-column elementor-col-100 elementor-top-column elementor-element elementor-element-da03c6f\" data-id=\"da03c6f\" data-element_type=\"column\" data-e-type=\"column\">\n\t\t\t<div class=\"elementor-widget-wrap elementor-element-populated\">\n\t\t\t\t\t\t<div class=\"elementor-element elementor-element-2aa27ab post-content elementor-widget elementor-widget-text-editor\" data-id=\"2aa27ab\" data-element_type=\"widget\" data-e-type=\"widget\" data-widget_type=\"text-editor.default\">\n\t\t\t\t<div class=\"elementor-widget-container\">\n\t\t\t\t\t\t\t\t\t<h2><span class=\"ez-toc-section\" id=\"Baska_sitelerde_icerik_olmasaydi_Google_olmazdi\"><\/span>Ba\u015fka sitelerde i\u00e7erik olmasayd\u0131, Google olmazd\u0131.<span class=\"ez-toc-section-end\"><\/span><\/h2><p data-pm-slice=\"0 0 []\">Anahtar kelime \u00e7al\u0131\u015fmalar\u0131yla web sitenizin metinleri optimize edilir. PPC (t\u0131klama ba\u015f\u0131na \u00f6deme), SEO ve sosyal medya stratejileriyle i\u00e7eri\u011finizin, ihtiyac\u0131 olan ki\u015filer taraf\u0131ndan bulunmas\u0131n\u0131 sa\u011flar\u0131z. Sekt\u00f6rel geli\u015fmeleri ve g\u00fcncel trendleri s\u00fcrekli takip ederek, sizi alan\u0131n\u0131zda uzman bir marka haline getirecek i\u00e7erikler \u00fcretiriz. Planl\u0131 webinarlar ve m\u00fc\u015fteri etkinlikleriyle de firman\u0131z\u0131n fark yaratmas\u0131n\u0131 sa\u011flar\u0131z.<\/p><h2><span class=\"ez-toc-section\" id=\"Basarili_icerikler_uretmenize_yardimci_olan_bir_icerik_pazarlama_ajansiyiz\"><\/span>Ba\u015far\u0131l\u0131 i\u00e7erikler \u00fcretmenize yard\u0131mc\u0131 olan bir i\u00e7erik pazarlama ajans\u0131y\u0131z.<span class=\"ez-toc-section-end\"><\/span><\/h2><p>Diledi\u011finiz kadar uzun yaz\u0131lar veya detayl\u0131 makaleler haz\u0131rlayabilirsiniz; ancak bu i\u00e7erikler m\u00fc\u015fteriyle etkile\u015fim kurmuyorsa, sadece g\u00fcr\u00fclt\u00fcden ibarettir. Web sitenizi analiz ederek geli\u015fime a\u00e7\u0131k alanlar\u0131 belirler ve yeni kampanya fikirleri \u00fcretiriz. Bu analiz; hedef kitleniz, i\u00e7erik kanallar\u0131n\u0131z ve demografik verileriniz gibi pek \u00e7ok unsuru kapsar. B\u00f6ylece daha do\u011fru kanallarla sitenize daha fazla ziyaret\u00e7i \u00e7ekeriz. Haz\u0131rlad\u0131\u011f\u0131m\u0131z i\u00e7erikler yaln\u0131zca okunmaz, ayn\u0131 zamanda dikkat \u00e7eker ve sosyal medyada payla\u015f\u0131l\u0131r.<\/p><p>M\u00fc\u015fterileriniz markan\u0131z\u0131 i\u00e7eriklerinizle tan\u0131r ve sizin zaman, para ve enerji harcamaya de\u011fer bir marka oldu\u011funuzu d\u00fc\u015f\u00fcn\u00fcr. Do\u011fru i\u00e7eriklerle hem m\u00fc\u015fteri portf\u00f6y\u00fcn\u00fcz\u00fc hem de marka itibar\u0131n\u0131z\u0131 g\u00fc\u00e7lendirebilirsiniz.<\/p>\t\t\t\t\t\t\t\t<\/div>\n\t\t\t\t<\/div>\n\t\t\t\t\t<\/div>\n\t\t<\/div>\n\t\t\t\t\t<\/div>\n\t\t<\/section>\n\t\t\t\t<\/div>\n\t\t","protected":false},"excerpt":{"rendered":"<p>\u0130\u00e7erik Pazarlamas\u0131 Hizmetleri \u0130\u00e7erik ancak m\u00fc\u015fterileri cezbedip onlar\u0131 d\u00fczenli olarak sitenizle etkile\u015fime ge\u00e7meye te\u015fvik etti\u011finde i\u015fe yarar. Ba\u015far\u0131l\u0131 bir i\u00e7erik pazarlama stratejisi, arama motorlar\u0131nda \u00fcst s\u0131ralarda yer alman\u0131z\u0131 sa\u011flar, kal\u0131c\u0131 m\u00fc\u015fteri ili\u015fkileri kurar ve ziyaret\u00e7ileri web sitenize \u00e7eker. Hedeflerinize en uygun \u015fekilde nas\u0131l ula\u015faca\u011f\u0131n\u0131z\u0131 belirliyor ve d\u00f6n\u00fc\u015f\u00fcm sa\u011flayan, t\u0131klama alan i\u00e7erikler \u00fcretiyoruz. E\u011fer i\u00e7eri\u011finizin yeterince<\/p>\n","protected":false},"author":1,"featured_media":23814,"parent":0,"menu_order":0,"comment_status":"open","ping_status":"open","template":"elementor_header_footer","meta":{"footnotes":""},"class_list":["post-23959","page","type-page","status-publish","has-post-thumbnail"],"yoast_head":"<!-- This site is optimized with the Yoast SEO plugin v27.1.1 - https:\/\/yoast.com\/product\/yoast-seo-wordpress\/ -->\n<title>\u0130\u00e7erik Pazarlamas\u0131 Hizmeti Services | Bertan<\/title>\n<meta name=\"description\" content=\"Hedeflerinize ula\u015fman\u0131n en etkili yollar\u0131n\u0131 belirliyor; d\u00f6n\u00fc\u015f\u00fcm sa\u011flayan, t\u0131klama oran\u0131 y\u00fcksek i\u00e7erikler \u00fcretiyoruz.\" \/>\n<meta name=\"robots\" content=\"index, follow, max-snippet:-1, max-image-preview:large, max-video-preview:-1\" \/>\n<link rel=\"canonical\" href=\"https:\/\/bertan.net\/content-marketing\/\" \/>\n<meta property=\"og:locale\" content=\"tr_TR\" \/>\n<meta property=\"og:type\" content=\"article\" \/>\n<meta property=\"og:title\" content=\"\u0130\u00e7erik Pazarlamas\u0131 Hizmeti Services | Bertan\" \/>\n<meta property=\"og:description\" content=\"Hedeflerinize ula\u015fman\u0131n en etkili yollar\u0131n\u0131 belirliyor; d\u00f6n\u00fc\u015f\u00fcm sa\u011flayan, t\u0131klama oran\u0131 y\u00fcksek i\u00e7erikler \u00fcretiyoruz.\" \/>\n<meta property=\"og:url\" content=\"https:\/\/bertan.net\/content-marketing\/\" \/>\n<meta property=\"og:site_name\" content=\"Bertan\" \/>\n<meta property=\"article:modified_time\" content=\"2025-07-17T22:57:40+00:00\" \/>\n<meta property=\"og:image\" content=\"https:\/\/bertan.net\/wp-content\/uploads\/2025\/06\/Content-2.png\" \/>\n\t<meta property=\"og:image:width\" content=\"500\" \/>\n\t<meta property=\"og:image:height\" content=\"500\" \/>\n\t<meta property=\"og:image:type\" content=\"image\/png\" \/>\n<meta name=\"twitter:card\" content=\"summary_large_image\" \/>\n<meta name=\"twitter:label1\" content=\"Tahmini okuma s\u00fcresi\" \/>\n\t<meta name=\"twitter:data1\" content=\"2 dakika\" \/>\n<script type=\"application\/ld+json\" class=\"yoast-schema-graph\">{\"@context\":\"https:\/\/schema.org\",\"@graph\":[{\"@type\":\"WebPage\",\"@id\":\"https:\/\/bertan.net\/content-marketing\/\",\"url\":\"https:\/\/bertan.net\/content-marketing\/\",\"name\":\"\u0130\u00e7erik Pazarlamas\u0131 Hizmeti Services | Bertan\",\"isPartOf\":{\"@id\":\"https:\/\/bertan.net\/tr\/#website\"},\"primaryImageOfPage\":{\"@id\":\"https:\/\/bertan.net\/content-marketing\/#primaryimage\"},\"image\":{\"@id\":\"https:\/\/bertan.net\/content-marketing\/#primaryimage\"},\"thumbnailUrl\":\"https:\/\/bertan.net\/wp-content\/uploads\/2025\/06\/Content-2.png\",\"datePublished\":\"2025-06-30T12:30:22+00:00\",\"dateModified\":\"2025-07-17T22:57:40+00:00\",\"description\":\"Hedeflerinize ula\u015fman\u0131n en etkili yollar\u0131n\u0131 belirliyor; d\u00f6n\u00fc\u015f\u00fcm sa\u011flayan, t\u0131klama oran\u0131 y\u00fcksek i\u00e7erikler \u00fcretiyoruz.\",\"inLanguage\":\"tr\",\"potentialAction\":[{\"@type\":\"ReadAction\",\"target\":[\"https:\/\/bertan.net\/content-marketing\/\"]}]},{\"@type\":\"ImageObject\",\"inLanguage\":\"tr\",\"@id\":\"https:\/\/bertan.net\/content-marketing\/#primaryimage\",\"url\":\"https:\/\/bertan.net\/wp-content\/uploads\/2025\/06\/Content-2.png\",\"contentUrl\":\"https:\/\/bertan.net\/wp-content\/uploads\/2025\/06\/Content-2.png\",\"width\":500,\"height\":500,\"caption\":\"Content\"},{\"@type\":\"WebSite\",\"@id\":\"https:\/\/bertan.net\/tr\/#website\",\"url\":\"https:\/\/bertan.net\/tr\/\",\"name\":\"Bertan\",\"description\":\"\",\"publisher\":{\"@id\":\"https:\/\/bertan.net\/tr\/#organization\"},\"alternateName\":\"Bertan\",\"potentialAction\":[{\"@type\":\"SearchAction\",\"target\":{\"@type\":\"EntryPoint\",\"urlTemplate\":\"https:\/\/bertan.net\/tr\/?s={search_term_string}\"},\"query-input\":{\"@type\":\"PropertyValueSpecification\",\"valueRequired\":true,\"valueName\":\"search_term_string\"}}],\"inLanguage\":\"tr\"},{\"@type\":\"Organization\",\"@id\":\"https:\/\/bertan.net\/tr\/#organization\",\"name\":\"Bertan Agency\",\"alternateName\":\"Bertan\",\"url\":\"https:\/\/bertan.net\/tr\/\",\"logo\":{\"@type\":\"ImageObject\",\"inLanguage\":\"tr\",\"@id\":\"https:\/\/bertan.net\/tr\/#\/schema\/logo\/image\/\",\"url\":\"https:\/\/bertan.net\/wp-content\/uploads\/2024\/05\/1000x1000.png\",\"contentUrl\":\"https:\/\/bertan.net\/wp-content\/uploads\/2024\/05\/1000x1000.png\",\"width\":1000,\"height\":1000,\"caption\":\"Bertan Agency\"},\"image\":{\"@id\":\"https:\/\/bertan.net\/tr\/#\/schema\/logo\/image\/\"},\"sameAs\":[\"https:\/\/www.linkedin.com\/company\/netbertan\/\"]}]}<\/script>\n<!-- \/ Yoast SEO plugin. -->","yoast_head_json":{"title":"\u0130\u00e7erik Pazarlamas\u0131 Hizmeti Services | Bertan","description":"Hedeflerinize ula\u015fman\u0131n en etkili yollar\u0131n\u0131 belirliyor; d\u00f6n\u00fc\u015f\u00fcm sa\u011flayan, t\u0131klama oran\u0131 y\u00fcksek i\u00e7erikler \u00fcretiyoruz.","robots":{"index":"index","follow":"follow","max-snippet":"max-snippet:-1","max-image-preview":"max-image-preview:large","max-video-preview":"max-video-preview:-1"},"canonical":"https:\/\/bertan.net\/content-marketing\/","og_locale":"tr_TR","og_type":"article","og_title":"\u0130\u00e7erik Pazarlamas\u0131 Hizmeti Services | Bertan","og_description":"Hedeflerinize ula\u015fman\u0131n en etkili yollar\u0131n\u0131 belirliyor; d\u00f6n\u00fc\u015f\u00fcm sa\u011flayan, t\u0131klama oran\u0131 y\u00fcksek i\u00e7erikler \u00fcretiyoruz.","og_url":"https:\/\/bertan.net\/content-marketing\/","og_site_name":"Bertan","article_modified_time":"2025-07-17T22:57:40+00:00","og_image":[{"width":500,"height":500,"url":"https:\/\/bertan.net\/wp-content\/uploads\/2025\/06\/Content-2.png","type":"image\/png"}],"twitter_card":"summary_large_image","twitter_misc":{"Tahmini okuma s\u00fcresi":"2 dakika"},"schema":{"@context":"https:\/\/schema.org","@graph":[{"@type":"WebPage","@id":"https:\/\/bertan.net\/content-marketing\/","url":"https:\/\/bertan.net\/content-marketing\/","name":"\u0130\u00e7erik Pazarlamas\u0131 Hizmeti Services | Bertan","isPartOf":{"@id":"https:\/\/bertan.net\/tr\/#website"},"primaryImageOfPage":{"@id":"https:\/\/bertan.net\/content-marketing\/#primaryimage"},"image":{"@id":"https:\/\/bertan.net\/content-marketing\/#primaryimage"},"thumbnailUrl":"https:\/\/bertan.net\/wp-content\/uploads\/2025\/06\/Content-2.png","datePublished":"2025-06-30T12:30:22+00:00","dateModified":"2025-07-17T22:57:40+00:00","description":"Hedeflerinize ula\u015fman\u0131n en etkili yollar\u0131n\u0131 belirliyor; d\u00f6n\u00fc\u015f\u00fcm sa\u011flayan, t\u0131klama oran\u0131 y\u00fcksek i\u00e7erikler \u00fcretiyoruz.","inLanguage":"tr","potentialAction":[{"@type":"ReadAction","target":["https:\/\/bertan.net\/content-marketing\/"]}]},{"@type":"ImageObject","inLanguage":"tr","@id":"https:\/\/bertan.net\/content-marketing\/#primaryimage","url":"https:\/\/bertan.net\/wp-content\/uploads\/2025\/06\/Content-2.png","contentUrl":"https:\/\/bertan.net\/wp-content\/uploads\/2025\/06\/Content-2.png","width":500,"height":500,"caption":"Content"},{"@type":"WebSite","@id":"https:\/\/bertan.net\/tr\/#website","url":"https:\/\/bertan.net\/tr\/","name":"Bertan","description":"","publisher":{"@id":"https:\/\/bertan.net\/tr\/#organization"},"alternateName":"Bertan","potentialAction":[{"@type":"SearchAction","target":{"@type":"EntryPoint","urlTemplate":"https:\/\/bertan.net\/tr\/?s={search_term_string}"},"query-input":{"@type":"PropertyValueSpecification","valueRequired":true,"valueName":"search_term_string"}}],"inLanguage":"tr"},{"@type":"Organization","@id":"https:\/\/bertan.net\/tr\/#organization","name":"Bertan Agency","alternateName":"Bertan","url":"https:\/\/bertan.net\/tr\/","logo":{"@type":"ImageObject","inLanguage":"tr","@id":"https:\/\/bertan.net\/tr\/#\/schema\/logo\/image\/","url":"https:\/\/bertan.net\/wp-content\/uploads\/2024\/05\/1000x1000.png","contentUrl":"https:\/\/bertan.net\/wp-content\/uploads\/2024\/05\/1000x1000.png","width":1000,"height":1000,"caption":"Bertan Agency"},"image":{"@id":"https:\/\/bertan.net\/tr\/#\/schema\/logo\/image\/"},"sameAs":["https:\/\/www.linkedin.com\/company\/netbertan\/"]}]}},"amp_enabled":true,"_links":{"self":[{"href":"https:\/\/bertan.net\/tr\/wp-json\/wp\/v2\/pages\/23959","targetHints":{"allow":["GET"]}}],"collection":[{"href":"https:\/\/bertan.net\/tr\/wp-json\/wp\/v2\/pages"}],"about":[{"href":"https:\/\/bertan.net\/tr\/wp-json\/wp\/v2\/types\/page"}],"author":[{"embeddable":true,"href":"https:\/\/bertan.net\/tr\/wp-json\/wp\/v2\/users\/1"}],"replies":[{"embeddable":true,"href":"https:\/\/bertan.net\/tr\/wp-json\/wp\/v2\/comments?post=23959"}],"version-history":[{"count":13,"href":"https:\/\/bertan.net\/tr\/wp-json\/wp\/v2\/pages\/23959\/revisions"}],"predecessor-version":[{"id":24110,"href":"https:\/\/bertan.net\/tr\/wp-json\/wp\/v2\/pages\/23959\/revisions\/24110"}],"wp:featuredmedia":[{"embeddable":true,"href":"https:\/\/bertan.net\/tr\/wp-json\/wp\/v2\/media\/23814"}],"wp:attachment":[{"href":"https:\/\/bertan.net\/tr\/wp-json\/wp\/v2\/media?parent=23959"}],"curies":[{"name":"wp","href":"https:\/\/api.w.org\/{rel}","templated":true}]}}