{"id":2393,"date":"2018-06-04T13:55:09","date_gmt":"2018-06-04T13:55:09","guid":{"rendered":"https:\/\/bertan.net\/tr\/?p=2393"},"modified":"2024-08-18T14:00:22","modified_gmt":"2024-08-18T11:00:22","slug":"hiz","status":"publish","type":"page","link":"https:\/\/bertan.net\/tr\/hiz\/","title":{"rendered":"\u0130nternet H\u0131z Testi"},"content":{"rendered":"\t\t<div data-elementor-type=\"wp-post\" data-elementor-id=\"2393\" class=\"elementor elementor-2393\">\n\t\t\t\t\t\t<section class=\"elementor-section elementor-top-section elementor-element elementor-element-59a5066c elementor-section-boxed elementor-section-height-default elementor-section-height-default\" data-id=\"59a5066c\" data-element_type=\"section\" data-e-type=\"section\">\n\t\t\t\t\t\t<div class=\"elementor-container elementor-column-gap-default\">\n\t\t\t\t\t<div class=\"elementor-column elementor-col-100 elementor-top-column elementor-element elementor-element-56703831\" data-id=\"56703831\" data-element_type=\"column\" data-e-type=\"column\">\n\t\t\t<div class=\"elementor-widget-wrap elementor-element-populated\">\n\t\t\t\t\t\t<div class=\"elementor-element elementor-element-6025cb59 post-content elementor-widget elementor-widget-text-editor\" data-id=\"6025cb59\" data-element_type=\"widget\" data-e-type=\"widget\" data-widget_type=\"text-editor.default\">\n\t\t\t\t<div class=\"elementor-widget-container\">\n\t\t\t\t\t\t\t\t\t<h1><span class=\"ez-toc-section\" id=\"Internet_Hiz_Testi\"><\/span>\u0130nternet H\u0131z Testi<span class=\"ez-toc-section-end\"><\/span><\/h1><p>H\u0131z testi arac\u0131m\u0131z ile internet ba\u011flant\u0131n\u0131z\u0131n indirme, y\u00fckleme ve gecikme s\u00fcresini an\u0131nda ve \u00fccretsiz olarak \u00f6l\u00e7\u00fcn. Tek t\u0131klamayla ba\u011flant\u0131n\u0131z\u0131n performans\u0131n\u0131 \u00f6\u011frenin ve internet sa\u011flay\u0131c\u0131n\u0131z\u0131n size vaat etti\u011fi h\u0131z\u0131 al\u0131p almad\u0131\u011f\u0131n\u0131z\u0131 kontrol edin.<\/p><p><br \/><em>Araca daha h\u0131zl\u0131 ula\u015fabilmek i\u00e7in: <a href=\"https:\/\/bertan.net\/speed\/\" rel=\"noopener\"><strong>bertan.net\/s<\/strong><\/a> yaz\u0131p girin.<\/em><\/p><p><img fetchpriority=\"high\" decoding=\"async\" class=\"alignnone wp-image-10335 size-medium\" src=\"https:\/\/bertan.net\/tr\/wp-content\/uploads\/2023\/09\/Internet-Hiz-Testi-300x200.jpg\" alt=\"\u0130nternet H\u0131z Testi\" width=\"300\" height=\"200\" srcset=\"https:\/\/bertan.net\/wp-content\/uploads\/2023\/09\/Internet-Hiz-Testi-300x200.jpg 300w, https:\/\/bertan.net\/wp-content\/uploads\/2023\/09\/Internet-Hiz-Testi-1024x683.jpg 1024w, https:\/\/bertan.net\/wp-content\/uploads\/2023\/09\/Internet-Hiz-Testi-768x512.jpg 768w, https:\/\/bertan.net\/wp-content\/uploads\/2023\/09\/Internet-Hiz-Testi-150x100.jpg 150w, https:\/\/bertan.net\/wp-content\/uploads\/2023\/09\/Internet-Hiz-Testi-450x300.jpg 450w, https:\/\/bertan.net\/wp-content\/uploads\/2023\/09\/Internet-Hiz-Testi.jpg 1200w\" sizes=\"(max-width: 300px) 100vw, 300px\" \/><\/p><h2><span class=\"ez-toc-section\" id=\"Hiz_Testi_Nedir\"><\/span>H\u0131z Testi Nedir?\u00a0<span class=\"ez-toc-section-end\"><\/span><\/h2><p>Wi-Fi, 3G, 4G, 5G, ADSL, Fiber yada herhangi bir \u015fekilde eri\u015filen internet ba\u011flant\u0131n\u0131z\u0131n h\u0131z\u0131n\u0131 \u00f6l\u00e7\u00fcmleyebilece\u011finiz araca verilen isimdir. \u0130ndirme (download) ve y\u00fckleme (upload) h\u0131z\u0131n\u0131 test etmek i\u00e7in alttaki start butonuna basabilirsiniz.<\/p><h2><span class=\"ez-toc-section\" id=\"Hiz_Testi_Nasil_Olculur\"><\/span>H\u0131z Testi Nas\u0131l \u00d6l\u00e7\u00fcl\u00fcr?<span class=\"ez-toc-section-end\"><\/span><\/h2><p>H\u0131z testine ba\u015flad\u0131\u011f\u0131n\u0131zda, sunucular\u0131m\u0131zdan ping yoluyla g\u00f6nderilen veriler, cihaz\u0131n\u0131za indirilerek geni\u015f bant k\u0131z\u0131 kontrol edilir.\u00a0 Bu pingler g\u00f6nderilip al\u0131n\u0131arak gidi\u015f-d\u00f6n\u00fc\u015f s\u00fcresi \u00f6l\u00e7\u00fcl\u00fcr ve ba\u011flant\u0131 h\u0131z\u0131n\u0131 do\u011fru bir \u015fekilde de\u011ferlendirmemizi sa\u011flar.<\/p><h2><span class=\"ez-toc-section\" id=\"Hiz_Sonucum_Ne_Anlama_Geliyor\"><\/span>H\u0131z Sonucum Ne Anlama Geliyor?<span class=\"ez-toc-section-end\"><\/span><\/h2><p>H\u0131z\u0131n\u0131z hesaplan\u0131rken ve test s\u00fcrd\u00fcr\u00fcl\u00fcrken di\u011fer cihazlardaki ba\u011flant\u0131lar\u0131 kapatman\u0131z\u0131 ve ba\u015fka bir indirme i\u015flemi yapmaman\u0131z\u0131 \u00f6neririm. En do\u011fru test sonucunu modeme, yak\u0131n olarak \u00f6l\u00e7\u00fcmleyece\u011finizi belirtmek isterim. Bilgisayar\u0131n\u0131z ve kablosuz y\u00f6nlendirici aras\u0131nda b\u00fcy\u00fck nesneler olmad\u0131\u011f\u0131ndan emin olun. Diyelim ki 20 mbit indirme h\u0131z\u0131na sahipsiniz, 20 mb ve \u00fczeri iyi bir orand\u0131r. Bu sayede HD filmleri tak\u0131lmadan izleyebilirsiniz. G\u00fcn\u00fcm\u00fcz teknolojilerinde her zaman kablolu daha h\u0131zl\u0131d\u0131r. 5G ile de y\u00fcksek h\u0131zlara \u00e7\u0131kmak m\u00fcmk\u00fcn ancak hala 5G teknolojisinin, sa\u011fl\u0131\u011fa olan zararl\u0131 etkilerini tam olarak bilmiyoruz. Uydudan da y\u00fcksek h\u0131zl\u0131 internet verilmesi i\u00e7in Elon Musk ve Facebook (Internet.org) \u00e7al\u0131\u015fmalar\u0131na devam ediyor.<\/p><h2><span class=\"ez-toc-section\" id=\"Internet_Hizi_Nasil_Arttirilir\"><\/span>\u0130nternet H\u0131z\u0131 Nas\u0131l Artt\u0131r\u0131l\u0131r?<span class=\"ez-toc-section-end\"><\/span><\/h2><p>\u0130nternet h\u0131z\u0131n\u0131z\u0131n d\u00fc\u015f\u00fck olmas\u0131n\u0131n en b\u00fcy\u00fck nedeni eskimi\u015f cihaz ve kablolard\u0131r. Bunun d\u0131\u015f\u0131nda \u00e7ok fazla modeme ba\u011fl\u0131 cihaz olmas\u0131 da h\u0131z\u0131 d\u00fc\u015f\u00fcr\u00fcr. Ne kadar \u00e7ok indirmeyi ayn\u0131 anda yaparsan\u0131z bu da h\u0131z\u0131n\u0131z\u0131 d\u00fc\u015f\u00fcren bir etkendir. Modeme uzak kald\u0131\u011f\u0131n\u0131z zaman, Wi-fi sinyali azalacakt\u0131r. Bu da h\u0131z d\u00fc\u015f\u00fc\u015f\u00fc demek oluyor.\u00a0 Wi-fi yerine kablo kullanmak her zaman daha h\u0131zl\u0131 bir ba\u011flant\u0131 sa\u011flar. Yine de wi-fi artt\u0131r\u0131c\u0131 cihazlar bu noktada i\u015finizi g\u00f6rebilir. Modemin, cihaz\u0131n yaz\u0131l\u0131mlar\u0131n\u0131n g\u00fcncel olmas\u0131n\u0131 da \u00f6neriyorum.\u00a0<\/p>\t\t\t\t\t\t\t\t<\/div>\n\t\t\t\t<\/div>\n\t\t\t\t\t<\/div>\n\t\t<\/div>\n\t\t\t\t\t<\/div>\n\t\t<\/section>\n\t\t\t\t<\/div>\n\t\t","protected":false},"excerpt":{"rendered":"<p>\u0130nternet H\u0131z Testi H\u0131z testi arac\u0131m\u0131z ile internet ba\u011flant\u0131n\u0131z\u0131n indirme, y\u00fckleme ve gecikme s\u00fcresini an\u0131nda ve \u00fccretsiz olarak \u00f6l\u00e7\u00fcn. Tek t\u0131klamayla ba\u011flant\u0131n\u0131z\u0131n performans\u0131n\u0131 \u00f6\u011frenin ve internet sa\u011flay\u0131c\u0131n\u0131z\u0131n size vaat etti\u011fi h\u0131z\u0131 al\u0131p almad\u0131\u011f\u0131n\u0131z\u0131 kontrol edin. Araca daha h\u0131zl\u0131 ula\u015fabilmek i\u00e7in: bertan.net\/s yaz\u0131p girin. H\u0131z Testi Nedir?\u00a0 Wi-Fi, 3G, 4G, 5G, ADSL, Fiber yada herhangi bir<\/p>\n","protected":false},"author":1,"featured_media":13766,"parent":0,"menu_order":0,"comment_status":"open","ping_status":"open","template":"elementor_header_footer","meta":{"footnotes":""},"class_list":["post-2393","page","type-page","status-publish","has-post-thumbnail"],"yoast_head":"<!-- This site is optimized with the Yoast SEO plugin v27.3 - https:\/\/yoast.com\/product\/yoast-seo-wordpress\/ -->\n<title>\u0130nternet H\u0131z Testi | Bertan<\/title>\n<meta name=\"description\" content=\"H\u0131z testi arac\u0131 ile internet ba\u011flant\u0131n\u0131z\u0131n indirme, y\u00fckleme ve gecikme s\u00fcresini an\u0131nda ve \u00fccretsiz olarak \u00f6l\u00e7\u00fcn.\" \/>\n<meta name=\"robots\" content=\"index, follow, max-snippet:-1, max-image-preview:large, max-video-preview:-1\" \/>\n<link rel=\"canonical\" href=\"https:\/\/bertan.net\/tr\/hiz\/\" \/>\n<meta property=\"og:locale\" content=\"tr_TR\" \/>\n<meta property=\"og:type\" content=\"article\" \/>\n<meta property=\"og:title\" content=\"\u0130nternet H\u0131z Testi | Bertan\" \/>\n<meta property=\"og:description\" content=\"H\u0131z testi arac\u0131 ile internet ba\u011flant\u0131n\u0131z\u0131n indirme, y\u00fckleme ve gecikme s\u00fcresini an\u0131nda ve \u00fccretsiz olarak \u00f6l\u00e7\u00fcn.\" \/>\n<meta property=\"og:url\" content=\"https:\/\/bertan.net\/tr\/hiz\/\" \/>\n<meta property=\"og:site_name\" content=\"Bertan\" \/>\n<meta property=\"article:modified_time\" content=\"2024-08-18T11:00:22+00:00\" \/>\n<meta property=\"og:image\" content=\"https:\/\/bertan.net\/wp-content\/uploads\/2018\/06\/Hiz-Testi.png\" \/>\n\t<meta property=\"og:image:width\" content=\"814\" \/>\n\t<meta property=\"og:image:height\" content=\"543\" \/>\n\t<meta property=\"og:image:type\" content=\"image\/png\" \/>\n<meta name=\"twitter:card\" content=\"summary_large_image\" \/>\n<meta name=\"twitter:label1\" content=\"Tahmini okuma s\u00fcresi\" \/>\n\t<meta name=\"twitter:data1\" content=\"2 dakika\" \/>\n<script type=\"application\/ld+json\" class=\"yoast-schema-graph\">{\"@context\":\"https:\\\/\\\/schema.org\",\"@graph\":[{\"@type\":\"WebPage\",\"@id\":\"https:\\\/\\\/bertan.net\\\/tr\\\/hiz\\\/\",\"url\":\"https:\\\/\\\/bertan.net\\\/tr\\\/hiz\\\/\",\"name\":\"\u0130nternet H\u0131z Testi | Bertan\",\"isPartOf\":{\"@id\":\"https:\\\/\\\/bertan.net\\\/tr\\\/#website\"},\"primaryImageOfPage\":{\"@id\":\"https:\\\/\\\/bertan.net\\\/tr\\\/hiz\\\/#primaryimage\"},\"image\":{\"@id\":\"https:\\\/\\\/bertan.net\\\/tr\\\/hiz\\\/#primaryimage\"},\"thumbnailUrl\":\"https:\\\/\\\/bertan.net\\\/wp-content\\\/uploads\\\/2018\\\/06\\\/Hiz-Testi.png\",\"datePublished\":\"2018-06-04T13:55:09+00:00\",\"dateModified\":\"2024-08-18T11:00:22+00:00\",\"description\":\"H\u0131z testi arac\u0131 ile internet ba\u011flant\u0131n\u0131z\u0131n indirme, y\u00fckleme ve gecikme s\u00fcresini an\u0131nda ve \u00fccretsiz olarak \u00f6l\u00e7\u00fcn.\",\"inLanguage\":\"tr\",\"potentialAction\":[{\"@type\":\"ReadAction\",\"target\":[\"https:\\\/\\\/bertan.net\\\/tr\\\/hiz\\\/\"]}]},{\"@type\":\"ImageObject\",\"inLanguage\":\"tr\",\"@id\":\"https:\\\/\\\/bertan.net\\\/tr\\\/hiz\\\/#primaryimage\",\"url\":\"https:\\\/\\\/bertan.net\\\/wp-content\\\/uploads\\\/2018\\\/06\\\/Hiz-Testi.png\",\"contentUrl\":\"https:\\\/\\\/bertan.net\\\/wp-content\\\/uploads\\\/2018\\\/06\\\/Hiz-Testi.png\",\"width\":814,\"height\":543,\"caption\":\"H\u0131z Testi\"},{\"@type\":\"WebSite\",\"@id\":\"https:\\\/\\\/bertan.net\\\/tr\\\/#website\",\"url\":\"https:\\\/\\\/bertan.net\\\/tr\\\/\",\"name\":\"Bertan\",\"description\":\"\",\"publisher\":{\"@id\":\"https:\\\/\\\/bertan.net\\\/tr\\\/#organization\"},\"alternateName\":\"Bertan\",\"potentialAction\":[{\"@type\":\"SearchAction\",\"target\":{\"@type\":\"EntryPoint\",\"urlTemplate\":\"https:\\\/\\\/bertan.net\\\/tr\\\/?s={search_term_string}\"},\"query-input\":{\"@type\":\"PropertyValueSpecification\",\"valueRequired\":true,\"valueName\":\"search_term_string\"}}],\"inLanguage\":\"tr\"},{\"@type\":\"Organization\",\"@id\":\"https:\\\/\\\/bertan.net\\\/tr\\\/#organization\",\"name\":\"Bertan Agency\",\"alternateName\":\"Bertan\",\"url\":\"https:\\\/\\\/bertan.net\\\/tr\\\/\",\"logo\":{\"@type\":\"ImageObject\",\"inLanguage\":\"tr\",\"@id\":\"https:\\\/\\\/bertan.net\\\/tr\\\/#\\\/schema\\\/logo\\\/image\\\/\",\"url\":\"https:\\\/\\\/bertan.net\\\/wp-content\\\/uploads\\\/2024\\\/05\\\/1000x1000.png\",\"contentUrl\":\"https:\\\/\\\/bertan.net\\\/wp-content\\\/uploads\\\/2024\\\/05\\\/1000x1000.png\",\"width\":1000,\"height\":1000,\"caption\":\"Bertan Agency\"},\"image\":{\"@id\":\"https:\\\/\\\/bertan.net\\\/tr\\\/#\\\/schema\\\/logo\\\/image\\\/\"},\"sameAs\":[\"https:\\\/\\\/www.linkedin.com\\\/company\\\/netbertan\\\/\"]}]}<\/script>\n<!-- \/ Yoast SEO plugin. -->","yoast_head_json":{"title":"\u0130nternet H\u0131z Testi | Bertan","description":"H\u0131z testi arac\u0131 ile internet ba\u011flant\u0131n\u0131z\u0131n indirme, y\u00fckleme ve gecikme s\u00fcresini an\u0131nda ve \u00fccretsiz olarak \u00f6l\u00e7\u00fcn.","robots":{"index":"index","follow":"follow","max-snippet":"max-snippet:-1","max-image-preview":"max-image-preview:large","max-video-preview":"max-video-preview:-1"},"canonical":"https:\/\/bertan.net\/tr\/hiz\/","og_locale":"tr_TR","og_type":"article","og_title":"\u0130nternet H\u0131z Testi | Bertan","og_description":"H\u0131z testi arac\u0131 ile internet ba\u011flant\u0131n\u0131z\u0131n indirme, y\u00fckleme ve gecikme s\u00fcresini an\u0131nda ve \u00fccretsiz olarak \u00f6l\u00e7\u00fcn.","og_url":"https:\/\/bertan.net\/tr\/hiz\/","og_site_name":"Bertan","article_modified_time":"2024-08-18T11:00:22+00:00","og_image":[{"width":814,"height":543,"url":"https:\/\/bertan.net\/wp-content\/uploads\/2018\/06\/Hiz-Testi.png","type":"image\/png"}],"twitter_card":"summary_large_image","twitter_misc":{"Tahmini okuma s\u00fcresi":"2 dakika"},"schema":{"@context":"https:\/\/schema.org","@graph":[{"@type":"WebPage","@id":"https:\/\/bertan.net\/tr\/hiz\/","url":"https:\/\/bertan.net\/tr\/hiz\/","name":"\u0130nternet H\u0131z Testi | Bertan","isPartOf":{"@id":"https:\/\/bertan.net\/tr\/#website"},"primaryImageOfPage":{"@id":"https:\/\/bertan.net\/tr\/hiz\/#primaryimage"},"image":{"@id":"https:\/\/bertan.net\/tr\/hiz\/#primaryimage"},"thumbnailUrl":"https:\/\/bertan.net\/wp-content\/uploads\/2018\/06\/Hiz-Testi.png","datePublished":"2018-06-04T13:55:09+00:00","dateModified":"2024-08-18T11:00:22+00:00","description":"H\u0131z testi arac\u0131 ile internet ba\u011flant\u0131n\u0131z\u0131n indirme, y\u00fckleme ve gecikme s\u00fcresini an\u0131nda ve \u00fccretsiz olarak \u00f6l\u00e7\u00fcn.","inLanguage":"tr","potentialAction":[{"@type":"ReadAction","target":["https:\/\/bertan.net\/tr\/hiz\/"]}]},{"@type":"ImageObject","inLanguage":"tr","@id":"https:\/\/bertan.net\/tr\/hiz\/#primaryimage","url":"https:\/\/bertan.net\/wp-content\/uploads\/2018\/06\/Hiz-Testi.png","contentUrl":"https:\/\/bertan.net\/wp-content\/uploads\/2018\/06\/Hiz-Testi.png","width":814,"height":543,"caption":"H\u0131z Testi"},{"@type":"WebSite","@id":"https:\/\/bertan.net\/tr\/#website","url":"https:\/\/bertan.net\/tr\/","name":"Bertan","description":"","publisher":{"@id":"https:\/\/bertan.net\/tr\/#organization"},"alternateName":"Bertan","potentialAction":[{"@type":"SearchAction","target":{"@type":"EntryPoint","urlTemplate":"https:\/\/bertan.net\/tr\/?s={search_term_string}"},"query-input":{"@type":"PropertyValueSpecification","valueRequired":true,"valueName":"search_term_string"}}],"inLanguage":"tr"},{"@type":"Organization","@id":"https:\/\/bertan.net\/tr\/#organization","name":"Bertan Agency","alternateName":"Bertan","url":"https:\/\/bertan.net\/tr\/","logo":{"@type":"ImageObject","inLanguage":"tr","@id":"https:\/\/bertan.net\/tr\/#\/schema\/logo\/image\/","url":"https:\/\/bertan.net\/wp-content\/uploads\/2024\/05\/1000x1000.png","contentUrl":"https:\/\/bertan.net\/wp-content\/uploads\/2024\/05\/1000x1000.png","width":1000,"height":1000,"caption":"Bertan Agency"},"image":{"@id":"https:\/\/bertan.net\/tr\/#\/schema\/logo\/image\/"},"sameAs":["https:\/\/www.linkedin.com\/company\/netbertan\/"]}]}},"amp_enabled":false,"_links":{"self":[{"href":"https:\/\/bertan.net\/tr\/wp-json\/wp\/v2\/pages\/2393","targetHints":{"allow":["GET"]}}],"collection":[{"href":"https:\/\/bertan.net\/tr\/wp-json\/wp\/v2\/pages"}],"about":[{"href":"https:\/\/bertan.net\/tr\/wp-json\/wp\/v2\/types\/page"}],"author":[{"embeddable":true,"href":"https:\/\/bertan.net\/tr\/wp-json\/wp\/v2\/users\/1"}],"replies":[{"embeddable":true,"href":"https:\/\/bertan.net\/tr\/wp-json\/wp\/v2\/comments?post=2393"}],"version-history":[{"count":22,"href":"https:\/\/bertan.net\/tr\/wp-json\/wp\/v2\/pages\/2393\/revisions"}],"predecessor-version":[{"id":21830,"href":"https:\/\/bertan.net\/tr\/wp-json\/wp\/v2\/pages\/2393\/revisions\/21830"}],"wp:featuredmedia":[{"embeddable":true,"href":"https:\/\/bertan.net\/tr\/wp-json\/wp\/v2\/media\/13766"}],"wp:attachment":[{"href":"https:\/\/bertan.net\/tr\/wp-json\/wp\/v2\/media?parent=2393"}],"curies":[{"name":"wp","href":"https:\/\/api.w.org\/{rel}","templated":true}]}}