{"id":23769,"date":"2025-06-27T01:19:06","date_gmt":"2025-06-26T22:19:06","guid":{"rendered":"https:\/\/bertan.net\/?page_id=23769"},"modified":"2025-09-17T16:22:59","modified_gmt":"2025-09-17T13:22:59","slug":"instagram-reklam","status":"publish","type":"page","link":"https:\/\/bertan.net\/tr\/instagram-reklam\/","title":{"rendered":"Instagram Reklam Verme"},"content":{"rendered":"\t\t<div data-elementor-type=\"wp-page\" data-elementor-id=\"23769\" class=\"elementor elementor-23769\">\n\t\t\t\t\t\t<section class=\"has-el-gap el-gap-default elementor-section elementor-top-section elementor-element elementor-element-7cfe233e elementor-section-boxed elementor-section-height-default elementor-section-height-default\" data-id=\"7cfe233e\" data-element_type=\"section\" data-e-type=\"section\">\n\t\t\t\t\t\t<div class=\"elementor-container elementor-column-gap-no\">\n\t\t\t\t\t<div class=\"elementor-column elementor-col-100 elementor-top-column elementor-element elementor-element-14d5e80b\" data-id=\"14d5e80b\" data-element_type=\"column\" data-e-type=\"column\">\n\t\t\t<div class=\"elementor-widget-wrap elementor-element-populated\">\n\t\t\t\t\t\t<div class=\"elementor-element elementor-element-21ffa194 elementor-widget elementor-widget-spacer\" data-id=\"21ffa194\" data-element_type=\"widget\" data-e-type=\"widget\" data-widget_type=\"spacer.default\">\n\t\t\t\t<div class=\"elementor-widget-container\">\n\t\t\t\t\t\t\t<div class=\"elementor-spacer\">\n\t\t\t<div class=\"elementor-spacer-inner\"><\/div>\n\t\t<\/div>\n\t\t\t\t\t\t<\/div>\n\t\t\t\t<\/div>\n\t\t\t\t<div class=\"elementor-element elementor-element-57308b7b elementor-widget elementor-widget-heading\" data-id=\"57308b7b\" data-element_type=\"widget\" data-e-type=\"widget\" data-widget_type=\"heading.default\">\n\t\t\t\t<div class=\"elementor-widget-container\">\n\t\t\t\t\t<h1 class=\"elementor-heading-title elementor-size-default\"><span class=\"ez-toc-section\" id=\"Instagram_Reklam_Yonetimi\"><\/span>Instagram Reklam Y\u00f6netimi<span class=\"ez-toc-section-end\"><\/span><\/h1>\t\t\t\t<\/div>\n\t\t\t\t<\/div>\n\t\t\t\t\t<\/div>\n\t\t<\/div>\n\t\t\t\t\t<\/div>\n\t\t<\/section>\n\t\t\t\t<section class=\"has-el-gap el-gap-default elementor-section elementor-top-section elementor-element elementor-element-647ec124 elementor-section-boxed elementor-section-height-default elementor-section-height-default\" data-id=\"647ec124\" data-element_type=\"section\" data-e-type=\"section\">\n\t\t\t\t\t\t<div class=\"elementor-container elementor-column-gap-no\">\n\t\t\t\t\t<div class=\"elementor-column elementor-col-50 elementor-top-column elementor-element elementor-element-1384b973\" data-id=\"1384b973\" data-element_type=\"column\" data-e-type=\"column\">\n\t\t\t<div class=\"elementor-widget-wrap elementor-element-populated\">\n\t\t\t\t\t\t<div class=\"elementor-element elementor-element-7e95aa4b elementor-widget elementor-widget-spacer\" data-id=\"7e95aa4b\" data-element_type=\"widget\" data-e-type=\"widget\" data-widget_type=\"spacer.default\">\n\t\t\t\t<div class=\"elementor-widget-container\">\n\t\t\t\t\t\t\t<div class=\"elementor-spacer\">\n\t\t\t<div class=\"elementor-spacer-inner\"><\/div>\n\t\t<\/div>\n\t\t\t\t\t\t<\/div>\n\t\t\t\t<\/div>\n\t\t\t\t<div class=\"elementor-element elementor-element-559486e2 post-content elementor-widget elementor-widget-text-editor\" data-id=\"559486e2\" data-element_type=\"widget\" data-e-type=\"widget\" data-widget_type=\"text-editor.default\">\n\t\t\t\t<div class=\"elementor-widget-container\">\n\t\t\t\t\t\t\t\t\t<p>Instagram&#8217;a reklam vererek markan\u0131z\u0131n bilinirli\u011fini ve sat\u0131\u015flar\u0131n\u0131zi artt\u0131r\u0131n.\u00a0<\/p><p>Instagram d\u00fcnya genelinde 2 milyar, T\u00fcrkiye&#8217;de 58 milyondan fazla aktif kullan\u0131c\u0131s\u0131yla d\u00fcnyan\u0131n en pop\u00fcler sosyal medya platformlar\u0131ndan birisidir.<\/p><p>Bu devasa kullan\u0131c\u0131 kitlesi markalar i\u00e7in benzersiz bir pazarlama f\u0131rsat\u0131 sunar.<\/p><p>Instagram reklamlar\u0131 do\u011fru strateji ve y\u00f6netimle markan\u0131z\u0131 hedef kitlenize etkili bir \u015fekilde ula\u015ft\u0131rman\u0131n en h\u0131zl\u0131 ve verimli yollar\u0131ndan biridir.<\/p>\t\t\t\t\t\t\t\t<\/div>\n\t\t\t\t<\/div>\n\t\t\t\t\t<\/div>\n\t\t<\/div>\n\t\t\t\t<div class=\"elementor-column elementor-col-50 elementor-top-column elementor-element elementor-element-7e46e1ef\" data-id=\"7e46e1ef\" data-element_type=\"column\" data-e-type=\"column\">\n\t\t\t<div class=\"elementor-widget-wrap elementor-element-populated\">\n\t\t\t\t\t\t<div class=\"elementor-element elementor-element-79a506f1 elementor-widget elementor-widget-image\" data-id=\"79a506f1\" data-element_type=\"widget\" data-e-type=\"widget\" data-widget_type=\"image.default\">\n\t\t\t\t<div class=\"elementor-widget-container\">\n\t\t\t\t\t\t\t\t\t\t\t\t\t\t\t<img decoding=\"async\" class=\" lazyload\" src=\"data:image\/svg+xml;base64,PHN2ZyB2aWV3Qm94PScwIDAgMSAxJyB4bWxucz0naHR0cDovL3d3dy53My5vcmcvMjAwMC9zdmcnPjwvc3ZnPg==\" title=\"Instagram.jpg\" alt=\"Instagram.jpg\" loading=\"lazy\" data-src=\"https:\/\/bertan.net\/wp-content\/uploads\/elementor\/thumbs\/Instagram-r7wa0h1oiuhrkn93hpfnevkc91d8jkqibbdiscm5gs.jpg\" \/>\t\t\t\t\t\t\t\t\t\t\t\t\t\t\t<\/div>\n\t\t\t\t<\/div>\n\t\t\t\t\t<\/div>\n\t\t<\/div>\n\t\t\t\t\t<\/div>\n\t\t<\/section>\n\t\t\t\t<section class=\"has-el-gap el-gap-default elementor-section elementor-top-section elementor-element elementor-element-203c3f18 elementor-section-boxed elementor-section-height-default elementor-section-height-default\" data-id=\"203c3f18\" data-element_type=\"section\" data-e-type=\"section\">\n\t\t\t\t\t\t<div class=\"elementor-container elementor-column-gap-no\">\n\t\t\t\t\t<div class=\"elementor-column elementor-col-100 elementor-top-column elementor-element elementor-element-41530cec\" data-id=\"41530cec\" data-element_type=\"column\" data-e-type=\"column\">\n\t\t\t<div class=\"elementor-widget-wrap elementor-element-populated\">\n\t\t\t\t\t\t<div class=\"elementor-element elementor-element-46992d69 post-content elementor-widget elementor-widget-text-editor\" data-id=\"46992d69\" data-element_type=\"widget\" data-e-type=\"widget\" data-widget_type=\"text-editor.default\">\n\t\t\t\t<div class=\"elementor-widget-container\">\n\t\t\t\t\t\t\t\t\t<h2><span class=\"ez-toc-section\" id=\"Neden_Instagrama_Reklam_Vermeliyim\"><\/span>Neden Instagram\u2019a Reklam Vermeliyim?<span class=\"ez-toc-section-end\"><\/span><\/h2><p>Instagram\u2019a reklam vermek, sadece g\u00f6r\u00fcn\u00fcrl\u00fck sa\u011flamak de\u011fil, ayn\u0131 zamanda sat\u0131\u015f, m\u00fc\u015fteri kazan\u0131m\u0131 ve marka bilinirli\u011fi a\u00e7\u0131s\u0131ndan da uzun vadeli bir yat\u0131r\u0131md\u0131r. D\u00fc\u015f\u00fck b\u00fct\u00e7elerle ba\u015flayabilir, performansa g\u00f6re b\u00fct\u00e7enizi art\u0131rarak etkili sonu\u00e7lar elde edebilirsiniz.<\/p><p>Dijital pazarlama stratejilerinin vazge\u00e7ilmezlerinden biri haline gelen Instagram, yaln\u0131zca bir foto\u011fraf payla\u015f\u0131m uygulamas\u0131 olman\u0131n \u00e7ok \u00f6tesine ge\u00e7ti. \u00a0<\/p><h2><a href=\"https:\/\/bertan.net\/wp-content\/uploads\/2019\/02\/instagram-reklam.jpg\"><img fetchpriority=\"high\" decoding=\"async\" class=\"alignleft wp-image-16302 size-full\" src=\"https:\/\/bertan.net\/wp-content\/uploads\/2019\/02\/instagram-reklam.jpg\" alt=\"Instagram\" width=\"1920\" height=\"615\" srcset=\"https:\/\/bertan.net\/wp-content\/uploads\/2019\/02\/instagram-reklam.jpg 1920w, https:\/\/bertan.net\/wp-content\/uploads\/2019\/02\/instagram-reklam-300x96.jpg 300w, https:\/\/bertan.net\/wp-content\/uploads\/2019\/02\/instagram-reklam-1024x328.jpg 1024w, https:\/\/bertan.net\/wp-content\/uploads\/2019\/02\/instagram-reklam-768x246.jpg 768w, https:\/\/bertan.net\/wp-content\/uploads\/2019\/02\/instagram-reklam-1536x492.jpg 1536w, https:\/\/bertan.net\/wp-content\/uploads\/2019\/02\/instagram-reklam-150x48.jpg 150w, https:\/\/bertan.net\/wp-content\/uploads\/2019\/02\/instagram-reklam-450x144.jpg 450w, https:\/\/bertan.net\/wp-content\/uploads\/2019\/02\/instagram-reklam-1200x384.jpg 1200w\" sizes=\"(max-width: 1920px) 100vw, 1920px\" \/><\/a><\/h2><h3><span class=\"ez-toc-section\" id=\"Genis_ve_Hedeflenebilir_Bir_Kitleye_Ulasirsiniz\"><\/span><strong>Geni\u015f ve Hedeflenebilir Bir Kitleye Ula\u015f\u0131rs\u0131n\u0131z<\/strong><span class=\"ez-toc-section-end\"><\/span><\/h3><p>Instagram, ya\u015f, cinsiyet, ilgi alan\u0131, lokasyon, davran\u0131\u015f ve daha bir\u00e7ok detaya g\u00f6re hedefleme yapman\u0131za imk\u00e2n tan\u0131r. Bu da reklamlar\u0131n\u0131z\u0131n sadece ilgi duyan ki\u015filere g\u00f6sterilmesini sa\u011flar. B\u00f6ylece <strong>b\u00fct\u00e7enizi bo\u015fa harcamadan sonu\u00e7 odakl\u0131 kampanyalar<\/strong> y\u00fcr\u00fctebilirsiniz.<\/p><h3><span class=\"ez-toc-section\" id=\"Yuksek_Etkilesim_Orani\"><\/span>Y\u00fcksek Etkile\u015fim Oran\u0131<span class=\"ez-toc-section-end\"><\/span><\/h3><p>Instagram, di\u011fer sosyal medya platformlar\u0131na g\u00f6re \u00e7ok daha y\u00fcksek bir etkile\u015fim oran\u0131na sahiptir. G\u00f6rsel odakl\u0131 yap\u0131s\u0131 sayesinde kullan\u0131c\u0131lar\u0131n dikkatini kolayca \u00e7eker. Reklam\u0131n\u0131z be\u011feni, yorum, kaydetme ya da t\u0131klama gibi aksiyonlarla daha kolay kar\u015f\u0131l\u0131k bulur.<\/p><h3><span class=\"ez-toc-section\" id=\"Farkli_Reklam_Formatlari_ile_Esneklik\"><\/span>Farkl\u0131 Reklam Formatlar\u0131 ile Esneklik<span class=\"ez-toc-section-end\"><\/span><\/h3><p>Instagram\u2019da reklam vermek demek sadece bir foto\u011fraf payla\u015fmak anlam\u0131na gelmez.<br \/>Kullanabilece\u011finiz reklam formatlar\u0131 \u015funlard\u0131r:<\/p><ul><li><p><strong>Hik\u00e2ye Reklamlar\u0131<\/strong><\/p><\/li><li><p><strong>Ak\u0131\u015f Reklamlar\u0131<\/strong><\/p><\/li><li><p><strong>Reels Reklamlar\u0131<\/strong><\/p><\/li><li><p><strong>Koleksiyon Reklamlar\u0131<\/strong><\/p><\/li><li><p><strong>Ke\u015ffet Reklamlar\u0131<\/strong><br \/>Her format, farkl\u0131 hedefler i\u00e7in kullan\u0131labilir. \u00d6rne\u011fin, Reels reklamlar\u0131 gen\u00e7 kitlelere ula\u015fmak i\u00e7in idealken, hik\u00e2ye reklamlar\u0131 do\u011frudan aksiyon ald\u0131rmak i\u00e7in olduk\u00e7a etkilidir.<\/p><\/li><\/ul><h3><span class=\"ez-toc-section\" id=\"Satisa_Donuk_Reklam_Modelleri\"><\/span>Sat\u0131\u015fa D\u00f6n\u00fck Reklam Modelleri<span class=\"ez-toc-section-end\"><\/span><\/h3><p>Instagram, \u00f6zellikle e-ticaret yapan markalar i\u00e7in b\u00fcy\u00fck bir avantaj sa\u011flar.<br \/>\u00dcr\u00fcn etiketleme, al\u0131\u015fveri\u015f sekmesi ve t\u0131klanabilir link \u00f6zellikleriyle do\u011frudan sat\u0131\u015f yapman\u0131z m\u00fcmk\u00fcnd\u00fcr.<br \/>Ziyaret\u00e7iyi tek tu\u015fla \u00fcr\u00fcn sayfan\u0131za y\u00f6nlendirebilir, <strong>sat\u0131\u015f d\u00f6n\u00fc\u015f\u00fcmlerini art\u0131rabilirsiniz<\/strong>.<\/p><h3><span class=\"ez-toc-section\" id=\"Detayli_Raporlama_ve_Analiz_Imkani\"><\/span>Detayl\u0131 Raporlama ve Analiz \u0130mk\u00e2n\u0131<span class=\"ez-toc-section-end\"><\/span><\/h3><p>Instagram reklamlar\u0131, kampanyan\u0131z\u0131n performans\u0131n\u0131 ayr\u0131nt\u0131l\u0131 olarak analiz etmenizi sa\u011flar.<br \/>Hangi reklam format\u0131 daha etkili? Hangi ya\u015f grubu daha \u00e7ok t\u0131klad\u0131? Hangi \u015fehirde daha iyi d\u00f6n\u00fc\u015f\u00fcm ald\u0131n\u0131z?<br \/>T\u00fcm bu sorulara net yan\u0131tlar alarak <strong>stratejinizi s\u00fcrekli olarak geli\u015ftirebilirsiniz.<\/strong><\/p><h3><span class=\"ez-toc-section\" id=\"Rekabette_Geri_Kalmayin\"><\/span>Rekabette Geri Kalmay\u0131n<span class=\"ez-toc-section-end\"><\/span><\/h3><p>Rakipleriniz Instagram\u2019da aktif mi? Cevap muhtemelen <strong>evet<\/strong>.<br \/>Potansiyel m\u00fc\u015fterilerinizi rakiplerinize kapt\u0131rmamak i\u00e7in siz de bu alanda g\u00f6r\u00fcn\u00fcr olmal\u0131s\u0131n\u0131z.<br \/>Instagram reklamlar\u0131, marka bilinirli\u011finizi art\u0131rman\u0131n ve sekt\u00f6r\u00fcn\u00fczde \u00f6ne \u00e7\u0131kman\u0131n en pratik yollar\u0131ndan biridir.<\/p><p><a href=\"https:\/\/bertan.net\/wp-content\/uploads\/2023\/12\/Instagram-Mobile-App.jpg\"><img decoding=\"async\" class=\"alignnone wp-image-17606 size-large\" src=\"https:\/\/bertan.net\/wp-content\/uploads\/2023\/12\/Instagram-Mobile-App-1024x640.jpg\" alt=\"Instagram-Mobile-App\" width=\"788\" height=\"493\" srcset=\"https:\/\/bertan.net\/wp-content\/uploads\/2023\/12\/Instagram-Mobile-App-1024x640.jpg 1024w, https:\/\/bertan.net\/wp-content\/uploads\/2023\/12\/Instagram-Mobile-App-300x188.jpg 300w, https:\/\/bertan.net\/wp-content\/uploads\/2023\/12\/Instagram-Mobile-App-768x480.jpg 768w, https:\/\/bertan.net\/wp-content\/uploads\/2023\/12\/Instagram-Mobile-App-150x94.jpg 150w, https:\/\/bertan.net\/wp-content\/uploads\/2023\/12\/Instagram-Mobile-App-450x281.jpg 450w, https:\/\/bertan.net\/wp-content\/uploads\/2023\/12\/Instagram-Mobile-App-1200x750.jpg 1200w, https:\/\/bertan.net\/wp-content\/uploads\/2023\/12\/Instagram-Mobile-App.jpg 1280w\" sizes=\"(max-width: 788px) 100vw, 788px\" \/><\/a><\/p>\t\t\t\t\t\t\t\t<\/div>\n\t\t\t\t<\/div>\n\t\t\t\t\t<\/div>\n\t\t<\/div>\n\t\t\t\t\t<\/div>\n\t\t<\/section>\n\t\t\t\t<\/div>\n\t\t","protected":false},"excerpt":{"rendered":"<p>Instagram Reklam Y\u00f6netimi Instagram&#8217;a reklam vererek markan\u0131z\u0131n bilinirli\u011fini ve sat\u0131\u015flar\u0131n\u0131zi artt\u0131r\u0131n.\u00a0 Instagram d\u00fcnya genelinde 2 milyar, T\u00fcrkiye&#8217;de 58 milyondan fazla aktif kullan\u0131c\u0131s\u0131yla d\u00fcnyan\u0131n en pop\u00fcler sosyal medya platformlar\u0131ndan birisidir. Bu devasa kullan\u0131c\u0131 kitlesi markalar i\u00e7in benzersiz bir pazarlama f\u0131rsat\u0131 sunar. Instagram reklamlar\u0131 do\u011fru strateji ve y\u00f6netimle markan\u0131z\u0131 hedef kitlenize etkili bir \u015fekilde ula\u015ft\u0131rman\u0131n en h\u0131zl\u0131<\/p>\n","protected":false},"author":1,"featured_media":17793,"parent":0,"menu_order":0,"comment_status":"closed","ping_status":"closed","template":"elementor_header_footer","meta":{"footnotes":""},"class_list":["post-23769","page","type-page","status-publish","has-post-thumbnail"],"yoast_head":"<!-- This site is optimized with the Yoast SEO plugin v27.1.1 - https:\/\/yoast.com\/product\/yoast-seo-wordpress\/ -->\n<title>Instagram Reklam Verme | Bertan<\/title>\n<meta name=\"description\" content=\"Instagram reklam verme s\u00fcrecinde, hedef kitlenizin ilgisini \u00e7ekecek stratejilerle markan\u0131z\u0131 g\u00f6r\u00fcn\u00fcr k\u0131l\u0131yoruz.\" \/>\n<meta name=\"robots\" content=\"index, follow, max-snippet:-1, max-image-preview:large, max-video-preview:-1\" \/>\n<link rel=\"canonical\" href=\"https:\/\/bertan.net\/tr\/instagram-reklam\/\" \/>\n<meta property=\"og:locale\" content=\"tr_TR\" \/>\n<meta property=\"og:type\" content=\"article\" \/>\n<meta property=\"og:title\" content=\"Instagram Reklam Verme | Bertan\" \/>\n<meta property=\"og:description\" content=\"Instagram reklam verme s\u00fcrecinde, hedef kitlenizin ilgisini \u00e7ekecek stratejilerle markan\u0131z\u0131 g\u00f6r\u00fcn\u00fcr k\u0131l\u0131yoruz.\" \/>\n<meta property=\"og:url\" content=\"https:\/\/bertan.net\/tr\/instagram-reklam\/\" \/>\n<meta property=\"og:site_name\" content=\"Bertan\" \/>\n<meta property=\"article:modified_time\" content=\"2025-09-17T13:22:59+00:00\" \/>\n<meta property=\"og:image\" content=\"https:\/\/bertan.net\/wp-content\/uploads\/2024\/01\/Makaronlarla-Instagram-simgesi.jpg\" \/>\n\t<meta property=\"og:image:width\" content=\"1200\" \/>\n\t<meta property=\"og:image:height\" content=\"800\" \/>\n\t<meta property=\"og:image:type\" content=\"image\/jpeg\" \/>\n<meta name=\"twitter:card\" content=\"summary_large_image\" \/>\n<meta name=\"twitter:label1\" content=\"Tahmini okuma s\u00fcresi\" \/>\n\t<meta name=\"twitter:data1\" content=\"3 dakika\" \/>\n<script type=\"application\/ld+json\" class=\"yoast-schema-graph\">{\"@context\":\"https:\/\/schema.org\",\"@graph\":[{\"@type\":\"WebPage\",\"@id\":\"https:\/\/bertan.net\/tr\/instagram-reklam\/\",\"url\":\"https:\/\/bertan.net\/tr\/instagram-reklam\/\",\"name\":\"Instagram Reklam Verme | Bertan\",\"isPartOf\":{\"@id\":\"https:\/\/bertan.net\/tr\/#website\"},\"primaryImageOfPage\":{\"@id\":\"https:\/\/bertan.net\/tr\/instagram-reklam\/#primaryimage\"},\"image\":{\"@id\":\"https:\/\/bertan.net\/tr\/instagram-reklam\/#primaryimage\"},\"thumbnailUrl\":\"https:\/\/bertan.net\/wp-content\/uploads\/2024\/01\/Makaronlarla-Instagram-simgesi.jpg\",\"datePublished\":\"2025-06-26T22:19:06+00:00\",\"dateModified\":\"2025-09-17T13:22:59+00:00\",\"description\":\"Instagram reklam verme s\u00fcrecinde, hedef kitlenizin ilgisini \u00e7ekecek stratejilerle markan\u0131z\u0131 g\u00f6r\u00fcn\u00fcr k\u0131l\u0131yoruz.\",\"inLanguage\":\"tr\",\"potentialAction\":[{\"@type\":\"ReadAction\",\"target\":[\"https:\/\/bertan.net\/tr\/instagram-reklam\/\"]}]},{\"@type\":\"ImageObject\",\"inLanguage\":\"tr\",\"@id\":\"https:\/\/bertan.net\/tr\/instagram-reklam\/#primaryimage\",\"url\":\"https:\/\/bertan.net\/wp-content\/uploads\/2024\/01\/Makaronlarla-Instagram-simgesi.jpg\",\"contentUrl\":\"https:\/\/bertan.net\/wp-content\/uploads\/2024\/01\/Makaronlarla-Instagram-simgesi.jpg\",\"width\":1200,\"height\":800,\"caption\":\"Makaronlarla Instagram Simgesi\"},{\"@type\":\"WebSite\",\"@id\":\"https:\/\/bertan.net\/tr\/#website\",\"url\":\"https:\/\/bertan.net\/tr\/\",\"name\":\"Bertan\",\"description\":\"\",\"publisher\":{\"@id\":\"https:\/\/bertan.net\/tr\/#organization\"},\"alternateName\":\"Bertan\",\"potentialAction\":[{\"@type\":\"SearchAction\",\"target\":{\"@type\":\"EntryPoint\",\"urlTemplate\":\"https:\/\/bertan.net\/tr\/?s={search_term_string}\"},\"query-input\":{\"@type\":\"PropertyValueSpecification\",\"valueRequired\":true,\"valueName\":\"search_term_string\"}}],\"inLanguage\":\"tr\"},{\"@type\":\"Organization\",\"@id\":\"https:\/\/bertan.net\/tr\/#organization\",\"name\":\"Bertan Agency\",\"alternateName\":\"Bertan\",\"url\":\"https:\/\/bertan.net\/tr\/\",\"logo\":{\"@type\":\"ImageObject\",\"inLanguage\":\"tr\",\"@id\":\"https:\/\/bertan.net\/tr\/#\/schema\/logo\/image\/\",\"url\":\"https:\/\/bertan.net\/wp-content\/uploads\/2024\/05\/1000x1000.png\",\"contentUrl\":\"https:\/\/bertan.net\/wp-content\/uploads\/2024\/05\/1000x1000.png\",\"width\":1000,\"height\":1000,\"caption\":\"Bertan Agency\"},\"image\":{\"@id\":\"https:\/\/bertan.net\/tr\/#\/schema\/logo\/image\/\"},\"sameAs\":[\"https:\/\/www.linkedin.com\/company\/netbertan\/\"]}]}<\/script>\n<!-- \/ Yoast SEO plugin. -->","yoast_head_json":{"title":"Instagram Reklam Verme | Bertan","description":"Instagram reklam verme s\u00fcrecinde, hedef kitlenizin ilgisini \u00e7ekecek stratejilerle markan\u0131z\u0131 g\u00f6r\u00fcn\u00fcr k\u0131l\u0131yoruz.","robots":{"index":"index","follow":"follow","max-snippet":"max-snippet:-1","max-image-preview":"max-image-preview:large","max-video-preview":"max-video-preview:-1"},"canonical":"https:\/\/bertan.net\/tr\/instagram-reklam\/","og_locale":"tr_TR","og_type":"article","og_title":"Instagram Reklam Verme | Bertan","og_description":"Instagram reklam verme s\u00fcrecinde, hedef kitlenizin ilgisini \u00e7ekecek stratejilerle markan\u0131z\u0131 g\u00f6r\u00fcn\u00fcr k\u0131l\u0131yoruz.","og_url":"https:\/\/bertan.net\/tr\/instagram-reklam\/","og_site_name":"Bertan","article_modified_time":"2025-09-17T13:22:59+00:00","og_image":[{"width":1200,"height":800,"url":"https:\/\/bertan.net\/wp-content\/uploads\/2024\/01\/Makaronlarla-Instagram-simgesi.jpg","type":"image\/jpeg"}],"twitter_card":"summary_large_image","twitter_misc":{"Tahmini okuma s\u00fcresi":"3 dakika"},"schema":{"@context":"https:\/\/schema.org","@graph":[{"@type":"WebPage","@id":"https:\/\/bertan.net\/tr\/instagram-reklam\/","url":"https:\/\/bertan.net\/tr\/instagram-reklam\/","name":"Instagram Reklam Verme | Bertan","isPartOf":{"@id":"https:\/\/bertan.net\/tr\/#website"},"primaryImageOfPage":{"@id":"https:\/\/bertan.net\/tr\/instagram-reklam\/#primaryimage"},"image":{"@id":"https:\/\/bertan.net\/tr\/instagram-reklam\/#primaryimage"},"thumbnailUrl":"https:\/\/bertan.net\/wp-content\/uploads\/2024\/01\/Makaronlarla-Instagram-simgesi.jpg","datePublished":"2025-06-26T22:19:06+00:00","dateModified":"2025-09-17T13:22:59+00:00","description":"Instagram reklam verme s\u00fcrecinde, hedef kitlenizin ilgisini \u00e7ekecek stratejilerle markan\u0131z\u0131 g\u00f6r\u00fcn\u00fcr k\u0131l\u0131yoruz.","inLanguage":"tr","potentialAction":[{"@type":"ReadAction","target":["https:\/\/bertan.net\/tr\/instagram-reklam\/"]}]},{"@type":"ImageObject","inLanguage":"tr","@id":"https:\/\/bertan.net\/tr\/instagram-reklam\/#primaryimage","url":"https:\/\/bertan.net\/wp-content\/uploads\/2024\/01\/Makaronlarla-Instagram-simgesi.jpg","contentUrl":"https:\/\/bertan.net\/wp-content\/uploads\/2024\/01\/Makaronlarla-Instagram-simgesi.jpg","width":1200,"height":800,"caption":"Makaronlarla Instagram Simgesi"},{"@type":"WebSite","@id":"https:\/\/bertan.net\/tr\/#website","url":"https:\/\/bertan.net\/tr\/","name":"Bertan","description":"","publisher":{"@id":"https:\/\/bertan.net\/tr\/#organization"},"alternateName":"Bertan","potentialAction":[{"@type":"SearchAction","target":{"@type":"EntryPoint","urlTemplate":"https:\/\/bertan.net\/tr\/?s={search_term_string}"},"query-input":{"@type":"PropertyValueSpecification","valueRequired":true,"valueName":"search_term_string"}}],"inLanguage":"tr"},{"@type":"Organization","@id":"https:\/\/bertan.net\/tr\/#organization","name":"Bertan Agency","alternateName":"Bertan","url":"https:\/\/bertan.net\/tr\/","logo":{"@type":"ImageObject","inLanguage":"tr","@id":"https:\/\/bertan.net\/tr\/#\/schema\/logo\/image\/","url":"https:\/\/bertan.net\/wp-content\/uploads\/2024\/05\/1000x1000.png","contentUrl":"https:\/\/bertan.net\/wp-content\/uploads\/2024\/05\/1000x1000.png","width":1000,"height":1000,"caption":"Bertan Agency"},"image":{"@id":"https:\/\/bertan.net\/tr\/#\/schema\/logo\/image\/"},"sameAs":["https:\/\/www.linkedin.com\/company\/netbertan\/"]}]}},"amp_enabled":true,"_links":{"self":[{"href":"https:\/\/bertan.net\/tr\/wp-json\/wp\/v2\/pages\/23769","targetHints":{"allow":["GET"]}}],"collection":[{"href":"https:\/\/bertan.net\/tr\/wp-json\/wp\/v2\/pages"}],"about":[{"href":"https:\/\/bertan.net\/tr\/wp-json\/wp\/v2\/types\/page"}],"author":[{"embeddable":true,"href":"https:\/\/bertan.net\/tr\/wp-json\/wp\/v2\/users\/1"}],"replies":[{"embeddable":true,"href":"https:\/\/bertan.net\/tr\/wp-json\/wp\/v2\/comments?post=23769"}],"version-history":[{"count":37,"href":"https:\/\/bertan.net\/tr\/wp-json\/wp\/v2\/pages\/23769\/revisions"}],"predecessor-version":[{"id":24399,"href":"https:\/\/bertan.net\/tr\/wp-json\/wp\/v2\/pages\/23769\/revisions\/24399"}],"wp:featuredmedia":[{"embeddable":true,"href":"https:\/\/bertan.net\/tr\/wp-json\/wp\/v2\/media\/17793"}],"wp:attachment":[{"href":"https:\/\/bertan.net\/tr\/wp-json\/wp\/v2\/media?parent=23769"}],"curies":[{"name":"wp","href":"https:\/\/api.w.org\/{rel}","templated":true}]}}