{"id":23097,"date":"2025-02-10T16:06:11","date_gmt":"2025-02-10T13:06:11","guid":{"rendered":"https:\/\/bertan.net\/?page_id=23097"},"modified":"2025-06-24T23:48:47","modified_gmt":"2025-06-24T20:48:47","slug":"hakkimizda","status":"publish","type":"page","link":"https:\/\/bertan.net\/tr\/hakkimizda\/","title":{"rendered":"Hakk\u0131m\u0131zda &#8211; Bertan Ajans"},"content":{"rendered":"\t\t<div data-elementor-type=\"wp-page\" data-elementor-id=\"23097\" class=\"elementor elementor-23097 elementor-23095\">\n\t\t\t\t\t\t<section class=\"elementor-section elementor-top-section elementor-element elementor-element-3c45aa18 elementor-section-boxed elementor-section-height-default elementor-section-height-default\" data-id=\"3c45aa18\" data-element_type=\"section\" data-e-type=\"section\">\n\t\t\t\t\t\t<div class=\"elementor-container elementor-column-gap-default\">\n\t\t\t\t\t<div class=\"elementor-column elementor-col-100 elementor-top-column elementor-element elementor-element-52417e41\" data-id=\"52417e41\" data-element_type=\"column\" data-e-type=\"column\">\n\t\t\t<div class=\"elementor-widget-wrap elementor-element-populated\">\n\t\t\t\t\t\t<div class=\"elementor-element elementor-element-1f6fbf9b elementor-widget elementor-widget-heading\" data-id=\"1f6fbf9b\" data-element_type=\"widget\" data-e-type=\"widget\" data-widget_type=\"heading.default\">\n\t\t\t\t<div class=\"elementor-widget-container\">\n\t\t\t\t\t<h1 class=\"elementor-heading-title elementor-size-default\"><span class=\"ez-toc-section\" id=\"Hakkimizda\"><\/span>Hakk\u0131m\u0131zda<span class=\"ez-toc-section-end\"><\/span><\/h1>\t\t\t\t<\/div>\n\t\t\t\t<\/div>\n\t\t\t\t<div class=\"elementor-element elementor-element-274bc9d9 post-content elementor-widget elementor-widget-text-editor\" data-id=\"274bc9d9\" data-element_type=\"widget\" data-e-type=\"widget\" data-widget_type=\"text-editor.default\">\n\t\t\t\t<div class=\"elementor-widget-container\">\n\t\t\t\t\t\t\t\t\t<p>Bertan, <strong>2006 y\u0131l\u0131ndan bu yana<\/strong> hizmet veren bir dijital pazarlama \u015firketidir.<\/p><p><strong>Web sitenizi optimize ederek<\/strong> arama motoru s\u0131ralamalar\u0131nda, d\u00f6n\u00fc\u015f\u00fcm oranlar\u0131nda, site h\u0131z\u0131, mobil uyumluluk, kullan\u0131c\u0131 deneyimi, g\u00fcvenlik ve marka bilinirli\u011finizin artmas\u0131nda olman\u0131za yard\u0131mc\u0131 oluyoruz.<\/p><p>\u015eirketinizin bir departman\u0131 gibi hareket ederek; sat\u0131\u015f, yaz\u0131l\u0131m ve pazarlamada ba\u015far\u0131l\u0131 sonu\u00e7lar elde etmeye hizmet edecek yeni stratejiler geli\u015ftirelim.<\/p><p>Analitik ara\u00e7lar kullanarak; sayfa ziyaretlerini, oturum s\u00fcrelerini, hemen \u00e7\u0131kma oranlar\u0131n\u0131, d\u00f6n\u00fc\u015f\u00fcm oranlar\u0131n\u0131 takip ederek, hizmetlerimizin\/hedeflerimizin ba\u015far\u0131s\u0131n\u0131 takip edece\u011fiz.<\/p><p>M\u00fc\u015fterilerimiz ad\u0131na y\u00fcr\u00fctt\u00fc\u011f\u00fcm\u00fcz operasyonlar\u0131n ba\u015far\u0131s\u0131n\u0131 artt\u0131rmak i\u00e7in, kendimizi <strong>s\u00fcrekli g\u00fcncel tutmaya<\/strong> azami \u00f6zen g\u00f6steriyoruz.\u00a0Detayl\u0131 raporlamam\u0131z sayesinde, i\u015f ortaklar\u0131m\u0131z\u0131 s\u00fcrece her zaman dahil etti\u011fimizden emin oluyoruz; <strong>internetteki varl\u0131\u011f\u0131n\u0131z\u0131<\/strong> iyile\u015ftirmek i\u00e7in yapt\u0131\u011f\u0131m\u0131z \u00e7abalar hakk\u0131nda detayl\u0131 bilgiye sahip olacaks\u0131n\u0131z.<\/p><p>Yapaca\u011f\u0131m\u0131z \u015fey; sitenizin <strong>her y\u00f6n\u00fcn\u00fc<\/strong> dikkate almakt\u0131r.\u00a0 O halde, i\u015finizin dijital pazarlama yolculu\u011funda onu <strong>analiz etmemize, optimize etmemize ve denetlememize<\/strong>\u00a0izin verin. Ve bunu yaparak, m\u00fc\u015fterilerin sizi ke\u015ffetmesini sa\u011flayal\u0131m.<\/p>\t\t\t\t\t\t\t\t<\/div>\n\t\t\t\t<\/div>\n\t\t\t\t\t<\/div>\n\t\t<\/div>\n\t\t\t\t\t<\/div>\n\t\t<\/section>\n\t\t\t\t<section class=\"has-el-gap el-gap-default elementor-section elementor-top-section elementor-element elementor-element-79ad0a9d elementor-section-boxed elementor-section-height-default elementor-section-height-default elementor-invisible\" data-id=\"79ad0a9d\" data-element_type=\"section\" data-e-type=\"section\" data-settings=\"{&quot;animation&quot;:&quot;fadeInUp&quot;}\">\n\t\t\t\t\t\t<div class=\"elementor-container elementor-column-gap-no\">\n\t\t\t\t\t<div class=\"elementor-column elementor-col-100 elementor-top-column elementor-element elementor-element-ef02e29\" data-id=\"ef02e29\" data-element_type=\"column\" data-e-type=\"column\">\n\t\t\t<div class=\"elementor-widget-wrap elementor-element-populated\">\n\t\t\t\t\t\t<div class=\"elementor-element elementor-element-2483b601 elementor-widget-divider--separator-type-pattern elementor-widget-divider--view-line elementor-widget elementor-widget-divider\" data-id=\"2483b601\" data-element_type=\"widget\" data-e-type=\"widget\" data-widget_type=\"divider.default\">\n\t\t\t\t<div class=\"elementor-widget-container\">\n\t\t\t\t\t\t\t<div class=\"elementor-divider\" style=\"--divider-pattern-url: url(&quot;data:image\/svg+xml,%3Csvg xmlns=&#039;http:\/\/www.w3.org\/2000\/svg&#039; preserveAspectRatio=&#039;none&#039; overflow=&#039;visible&#039; height=&#039;100%&#039; viewBox=&#039;0 0 24 24&#039; fill=&#039;none&#039; stroke=&#039;black&#039; stroke-width=&#039;1&#039; stroke-linecap=&#039;square&#039; stroke-miterlimit=&#039;10&#039;%3E%3Cpath d=&#039;M0,6c6,0,0.9,11.1,6.9,11.1S18,6,24,6&#039;\/%3E%3C\/svg%3E&quot;);\">\n\t\t\t<span class=\"elementor-divider-separator\">\n\t\t\t\t\t\t<\/span>\n\t\t<\/div>\n\t\t\t\t\t\t<\/div>\n\t\t\t\t<\/div>\n\t\t\t\t<div class=\"elementor-element elementor-element-4c72a534 post-content elementor-widget elementor-widget-text-editor\" data-id=\"4c72a534\" data-element_type=\"widget\" data-e-type=\"widget\" data-widget_type=\"text-editor.default\">\n\t\t\t\t<div class=\"elementor-widget-container\">\n\t\t\t\t\t\t\t\t\t<h2 style=\"text-align: center;\"><span class=\"ez-toc-section\" id=\"Calisilan_Markalar\"><\/span>\u00c7al\u0131\u015f\u0131lan Markalar<span class=\"ez-toc-section-end\"><\/span><\/h2>\n\t\t\t\t\t\t\t\t<\/div>\n\t\t\t\t<\/div>\n\t\t\t\t<div class=\"elementor-element elementor-element-578cb177 elementor-arrows-position-inside elementor-pagination-position-outside elementor-widget elementor-widget-image-carousel\" data-id=\"578cb177\" data-element_type=\"widget\" data-e-type=\"widget\" data-settings=\"{&quot;slides_to_show&quot;:&quot;5&quot;,&quot;infinite&quot;:&quot;no&quot;,&quot;navigation&quot;:&quot;both&quot;,&quot;autoplay&quot;:&quot;yes&quot;,&quot;pause_on_hover&quot;:&quot;yes&quot;,&quot;pause_on_interaction&quot;:&quot;yes&quot;,&quot;autoplay_speed&quot;:5000,&quot;speed&quot;:500}\" data-widget_type=\"image-carousel.default\">\n\t\t\t\t<div class=\"elementor-widget-container\">\n\t\t\t\t\t\t\t<div class=\"elementor-image-carousel-wrapper swiper\" role=\"region\" aria-roledescription=\"carousel\" aria-label=\"Image Carousel\" dir=\"ltr\">\n\t\t\t<div class=\"elementor-image-carousel swiper-wrapper\" aria-live=\"off\">\n\t\t\t\t\t\t\t\t<div class=\"swiper-slide\" role=\"group\" aria-roledescription=\"slide\" aria-label=\"1 \/ 5\"><figure class=\"swiper-slide-inner\"><img decoding=\"async\" class=\"swiper-slide-image\" src=\"https:\/\/bertan.net\/wp-content\/uploads\/2024\/03\/bayer-logo-2-1.png\" alt=\"bayer-logo-2.png\" \/><\/figure><\/div><div class=\"swiper-slide\" role=\"group\" aria-roledescription=\"slide\" aria-label=\"2 \/ 5\"><figure class=\"swiper-slide-inner\"><img decoding=\"async\" class=\"swiper-slide-image\" src=\"https:\/\/bertan.net\/wp-content\/uploads\/2024\/03\/Abbvie-Logo-1.png\" alt=\"Abbvie-Logo.png\" \/><\/figure><\/div><div class=\"swiper-slide\" role=\"group\" aria-roledescription=\"slide\" aria-label=\"3 \/ 5\"><figure class=\"swiper-slide-inner\"><img decoding=\"async\" class=\"swiper-slide-image\" src=\"https:\/\/bertan.net\/wp-content\/uploads\/2024\/03\/Novo-Nordisk-Logo-2-1.png\" alt=\"Novo-Nordisk-Logo-2.png\" \/><\/figure><\/div><div class=\"swiper-slide\" role=\"group\" aria-roledescription=\"slide\" aria-label=\"4 \/ 5\"><figure class=\"swiper-slide-inner\"><img decoding=\"async\" class=\"swiper-slide-image\" src=\"https:\/\/bertan.net\/wp-content\/uploads\/2024\/03\/Eczacibasi-Logo-1.png\" alt=\"Eczacibasi-Logo.png\" \/><\/figure><\/div><div class=\"swiper-slide\" role=\"group\" aria-roledescription=\"slide\" aria-label=\"5 \/ 5\"><figure class=\"swiper-slide-inner\"><img decoding=\"async\" class=\"swiper-slide-image\" src=\"https:\/\/bertan.net\/wp-content\/uploads\/2024\/03\/Vakko-Logo-1.png\" alt=\"Vakko-Logo.png\" \/><\/figure><\/div>\t\t\t<\/div>\n\t\t\t\t\t\t\t\t\t\t\t\t<div class=\"elementor-swiper-button elementor-swiper-button-prev\" role=\"button\" tabindex=\"0\">\n\t\t\t\t\t\t<svg aria-hidden=\"true\" class=\"e-font-icon-svg e-eicon-chevron-left\" viewBox=\"0 0 1000 1000\" xmlns=\"http:\/\/www.w3.org\/2000\/svg\"><path d=\"M646 125C629 125 613 133 604 142L308 442C296 454 292 471 292 487 292 504 296 521 308 533L604 854C617 867 629 875 646 875 663 875 679 871 692 858 704 846 713 829 713 812 713 796 708 779 692 767L438 487 692 225C700 217 708 204 708 187 708 171 704 154 692 142 675 129 663 125 646 125Z\"><\/path><\/svg>\t\t\t\t\t<\/div>\n\t\t\t\t\t<div class=\"elementor-swiper-button elementor-swiper-button-next\" role=\"button\" tabindex=\"0\">\n\t\t\t\t\t\t<svg aria-hidden=\"true\" class=\"e-font-icon-svg e-eicon-chevron-right\" viewBox=\"0 0 1000 1000\" xmlns=\"http:\/\/www.w3.org\/2000\/svg\"><path d=\"M696 533C708 521 713 504 713 487 713 471 708 454 696 446L400 146C388 133 375 125 354 125 338 125 325 129 313 142 300 154 292 171 292 187 292 204 296 221 308 233L563 492 304 771C292 783 288 800 288 817 288 833 296 850 308 863 321 871 338 875 354 875 371 875 388 867 400 854L696 533Z\"><\/path><\/svg>\t\t\t\t\t<\/div>\n\t\t\t\t\n\t\t\t\t\t\t\t\t\t<div class=\"swiper-pagination\"><\/div>\n\t\t\t\t\t\t\t\t\t<\/div>\n\t\t\t\t\t\t<\/div>\n\t\t\t\t<\/div>\n\t\t\t\t<div class=\"elementor-element elementor-element-440aa987 post-content elementor-widget elementor-widget-text-editor\" data-id=\"440aa987\" data-element_type=\"widget\" data-e-type=\"widget\" data-widget_type=\"text-editor.default\">\n\t\t\t\t<div class=\"elementor-widget-container\">\n\t\t\t\t\t\t\t\t\t<h2 style=\"text-align: center;\"><span class=\"ez-toc-section\" id=\"Tavsiye_Edenler\"><\/span><strong>Tavsiye Edenler<\/strong><span class=\"ez-toc-section-end\"><\/span><\/h2>\t\t\t\t\t\t\t\t<\/div>\n\t\t\t\t<\/div>\n\t\t\t\t<div class=\"elementor-element elementor-element-7a6e5c1e elementor-arrows-position-inside elementor-pagination-position-outside elementor-widget elementor-widget-image-carousel\" data-id=\"7a6e5c1e\" data-element_type=\"widget\" data-e-type=\"widget\" data-settings=\"{&quot;slides_to_show&quot;:&quot;1&quot;,&quot;infinite&quot;:&quot;no&quot;,&quot;_animation&quot;:&quot;none&quot;,&quot;navigation&quot;:&quot;both&quot;,&quot;autoplay&quot;:&quot;yes&quot;,&quot;pause_on_hover&quot;:&quot;yes&quot;,&quot;pause_on_interaction&quot;:&quot;yes&quot;,&quot;autoplay_speed&quot;:5000,&quot;effect&quot;:&quot;slide&quot;,&quot;speed&quot;:500}\" data-widget_type=\"image-carousel.default\">\n\t\t\t\t<div class=\"elementor-widget-container\">\n\t\t\t\t\t\t\t<div class=\"elementor-image-carousel-wrapper swiper\" role=\"region\" aria-roledescription=\"carousel\" aria-label=\"Image Carousel\" dir=\"ltr\">\n\t\t\t<div class=\"elementor-image-carousel swiper-wrapper\" aria-live=\"off\">\n\t\t\t\t\t\t\t\t<div class=\"swiper-slide\" role=\"group\" aria-roledescription=\"slide\" aria-label=\"1 \/ 1\"><figure class=\"swiper-slide-inner\"><img decoding=\"async\" class=\"swiper-slide-image\" src=\"https:\/\/bertan.net\/wp-content\/uploads\/2025\/06\/Digital-Agency-Network.png\" alt=\"Digital-Agency-Network.png\" \/><\/figure><\/div>\t\t\t<\/div>\n\t\t\t\t\t<\/div>\n\t\t\t\t\t\t<\/div>\n\t\t\t\t<\/div>\n\t\t\t\t\t<\/div>\n\t\t<\/div>\n\t\t\t\t\t<\/div>\n\t\t<\/section>\n\t\t\t\t<\/div>\n\t\t","protected":false},"excerpt":{"rendered":"<p>Hakk\u0131m\u0131zda Bertan, 2006 y\u0131l\u0131ndan bu yana hizmet veren bir dijital pazarlama \u015firketidir. Web sitenizi optimize ederek arama motoru s\u0131ralamalar\u0131nda, d\u00f6n\u00fc\u015f\u00fcm oranlar\u0131nda, site h\u0131z\u0131, mobil uyumluluk, kullan\u0131c\u0131 deneyimi, g\u00fcvenlik ve marka bilinirli\u011finizin artmas\u0131nda olman\u0131za yard\u0131mc\u0131 oluyoruz. \u015eirketinizin bir departman\u0131 gibi hareket ederek; sat\u0131\u015f, yaz\u0131l\u0131m ve pazarlamada ba\u015far\u0131l\u0131 sonu\u00e7lar elde etmeye hizmet edecek yeni stratejiler geli\u015ftirelim. Analitik<\/p>\n","protected":false},"author":1,"featured_media":18444,"parent":0,"menu_order":0,"comment_status":"closed","ping_status":"closed","template":"elementor_header_footer","meta":{"footnotes":""},"class_list":["post-23097","page","type-page","status-publish","has-post-thumbnail"],"yoast_head":"<!-- This site is optimized with the Yoast SEO plugin v27.3 - https:\/\/yoast.com\/product\/yoast-seo-wordpress\/ -->\n<title>Hakk\u0131m\u0131zda - Bertan Ajans<\/title>\n<meta name=\"description\" content=\"Bertan; 2006 y\u0131l\u0131ndan bu yana hizmet veren bir dijital pazarlama \u015firketidir.\" \/>\n<meta name=\"robots\" content=\"index, follow, max-snippet:-1, max-image-preview:large, max-video-preview:-1\" \/>\n<link rel=\"canonical\" href=\"https:\/\/bertan.net\/tr\/hakkimizda\/\" \/>\n<meta property=\"og:locale\" content=\"tr_TR\" \/>\n<meta property=\"og:type\" content=\"article\" \/>\n<meta property=\"og:title\" content=\"Hakk\u0131m\u0131zda - Bertan Ajans\" \/>\n<meta property=\"og:description\" content=\"Bertan; 2006 y\u0131l\u0131ndan bu yana hizmet veren bir dijital pazarlama \u015firketidir.\" \/>\n<meta property=\"og:url\" content=\"https:\/\/bertan.net\/tr\/hakkimizda\/\" \/>\n<meta property=\"og:site_name\" content=\"Bertan\" \/>\n<meta property=\"article:modified_time\" content=\"2025-06-24T20:48:47+00:00\" \/>\n<meta property=\"og:image\" content=\"https:\/\/bertan.net\/wp-content\/uploads\/2024\/05\/cropped-512-1.png\" \/>\n\t<meta property=\"og:image:width\" content=\"512\" \/>\n\t<meta property=\"og:image:height\" content=\"512\" \/>\n\t<meta property=\"og:image:type\" content=\"image\/png\" \/>\n<meta name=\"twitter:card\" content=\"summary_large_image\" \/>\n<meta name=\"twitter:label1\" content=\"Tahmini okuma s\u00fcresi\" \/>\n\t<meta name=\"twitter:data1\" content=\"3 dakika\" \/>\n<script type=\"application\/ld+json\" class=\"yoast-schema-graph\">{\"@context\":\"https:\\\/\\\/schema.org\",\"@graph\":[{\"@type\":\"WebPage\",\"@id\":\"https:\\\/\\\/bertan.net\\\/tr\\\/hakkimizda\\\/\",\"url\":\"https:\\\/\\\/bertan.net\\\/tr\\\/hakkimizda\\\/\",\"name\":\"Hakk\u0131m\u0131zda - Bertan Ajans\",\"isPartOf\":{\"@id\":\"https:\\\/\\\/bertan.net\\\/tr\\\/#website\"},\"primaryImageOfPage\":{\"@id\":\"https:\\\/\\\/bertan.net\\\/tr\\\/hakkimizda\\\/#primaryimage\"},\"image\":{\"@id\":\"https:\\\/\\\/bertan.net\\\/tr\\\/hakkimizda\\\/#primaryimage\"},\"thumbnailUrl\":\"https:\\\/\\\/bertan.net\\\/wp-content\\\/uploads\\\/2024\\\/05\\\/cropped-512-1.png\",\"datePublished\":\"2025-02-10T13:06:11+00:00\",\"dateModified\":\"2025-06-24T20:48:47+00:00\",\"description\":\"Bertan; 2006 y\u0131l\u0131ndan bu yana hizmet veren bir dijital pazarlama \u015firketidir.\",\"inLanguage\":\"tr\",\"potentialAction\":[{\"@type\":\"ReadAction\",\"target\":[\"https:\\\/\\\/bertan.net\\\/tr\\\/hakkimizda\\\/\"]}]},{\"@type\":\"ImageObject\",\"inLanguage\":\"tr\",\"@id\":\"https:\\\/\\\/bertan.net\\\/tr\\\/hakkimizda\\\/#primaryimage\",\"url\":\"https:\\\/\\\/bertan.net\\\/wp-content\\\/uploads\\\/2024\\\/05\\\/cropped-512-1.png\",\"contentUrl\":\"https:\\\/\\\/bertan.net\\\/wp-content\\\/uploads\\\/2024\\\/05\\\/cropped-512-1.png\",\"width\":512,\"height\":512,\"caption\":\"Icon 512px\"},{\"@type\":\"WebSite\",\"@id\":\"https:\\\/\\\/bertan.net\\\/tr\\\/#website\",\"url\":\"https:\\\/\\\/bertan.net\\\/tr\\\/\",\"name\":\"Bertan\",\"description\":\"\",\"publisher\":{\"@id\":\"https:\\\/\\\/bertan.net\\\/tr\\\/#organization\"},\"alternateName\":\"Bertan\",\"potentialAction\":[{\"@type\":\"SearchAction\",\"target\":{\"@type\":\"EntryPoint\",\"urlTemplate\":\"https:\\\/\\\/bertan.net\\\/tr\\\/?s={search_term_string}\"},\"query-input\":{\"@type\":\"PropertyValueSpecification\",\"valueRequired\":true,\"valueName\":\"search_term_string\"}}],\"inLanguage\":\"tr\"},{\"@type\":\"Organization\",\"@id\":\"https:\\\/\\\/bertan.net\\\/tr\\\/#organization\",\"name\":\"Bertan Agency\",\"alternateName\":\"Bertan\",\"url\":\"https:\\\/\\\/bertan.net\\\/tr\\\/\",\"logo\":{\"@type\":\"ImageObject\",\"inLanguage\":\"tr\",\"@id\":\"https:\\\/\\\/bertan.net\\\/tr\\\/#\\\/schema\\\/logo\\\/image\\\/\",\"url\":\"https:\\\/\\\/bertan.net\\\/wp-content\\\/uploads\\\/2024\\\/05\\\/1000x1000.png\",\"contentUrl\":\"https:\\\/\\\/bertan.net\\\/wp-content\\\/uploads\\\/2024\\\/05\\\/1000x1000.png\",\"width\":1000,\"height\":1000,\"caption\":\"Bertan Agency\"},\"image\":{\"@id\":\"https:\\\/\\\/bertan.net\\\/tr\\\/#\\\/schema\\\/logo\\\/image\\\/\"},\"sameAs\":[\"https:\\\/\\\/www.linkedin.com\\\/company\\\/netbertan\\\/\"]}]}<\/script>\n<!-- \/ Yoast SEO plugin. -->","yoast_head_json":{"title":"Hakk\u0131m\u0131zda - Bertan Ajans","description":"Bertan; 2006 y\u0131l\u0131ndan bu yana hizmet veren bir dijital pazarlama \u015firketidir.","robots":{"index":"index","follow":"follow","max-snippet":"max-snippet:-1","max-image-preview":"max-image-preview:large","max-video-preview":"max-video-preview:-1"},"canonical":"https:\/\/bertan.net\/tr\/hakkimizda\/","og_locale":"tr_TR","og_type":"article","og_title":"Hakk\u0131m\u0131zda - Bertan Ajans","og_description":"Bertan; 2006 y\u0131l\u0131ndan bu yana hizmet veren bir dijital pazarlama \u015firketidir.","og_url":"https:\/\/bertan.net\/tr\/hakkimizda\/","og_site_name":"Bertan","article_modified_time":"2025-06-24T20:48:47+00:00","og_image":[{"width":512,"height":512,"url":"https:\/\/bertan.net\/wp-content\/uploads\/2024\/05\/cropped-512-1.png","type":"image\/png"}],"twitter_card":"summary_large_image","twitter_misc":{"Tahmini okuma s\u00fcresi":"3 dakika"},"schema":{"@context":"https:\/\/schema.org","@graph":[{"@type":"WebPage","@id":"https:\/\/bertan.net\/tr\/hakkimizda\/","url":"https:\/\/bertan.net\/tr\/hakkimizda\/","name":"Hakk\u0131m\u0131zda - Bertan Ajans","isPartOf":{"@id":"https:\/\/bertan.net\/tr\/#website"},"primaryImageOfPage":{"@id":"https:\/\/bertan.net\/tr\/hakkimizda\/#primaryimage"},"image":{"@id":"https:\/\/bertan.net\/tr\/hakkimizda\/#primaryimage"},"thumbnailUrl":"https:\/\/bertan.net\/wp-content\/uploads\/2024\/05\/cropped-512-1.png","datePublished":"2025-02-10T13:06:11+00:00","dateModified":"2025-06-24T20:48:47+00:00","description":"Bertan; 2006 y\u0131l\u0131ndan bu yana hizmet veren bir dijital pazarlama \u015firketidir.","inLanguage":"tr","potentialAction":[{"@type":"ReadAction","target":["https:\/\/bertan.net\/tr\/hakkimizda\/"]}]},{"@type":"ImageObject","inLanguage":"tr","@id":"https:\/\/bertan.net\/tr\/hakkimizda\/#primaryimage","url":"https:\/\/bertan.net\/wp-content\/uploads\/2024\/05\/cropped-512-1.png","contentUrl":"https:\/\/bertan.net\/wp-content\/uploads\/2024\/05\/cropped-512-1.png","width":512,"height":512,"caption":"Icon 512px"},{"@type":"WebSite","@id":"https:\/\/bertan.net\/tr\/#website","url":"https:\/\/bertan.net\/tr\/","name":"Bertan","description":"","publisher":{"@id":"https:\/\/bertan.net\/tr\/#organization"},"alternateName":"Bertan","potentialAction":[{"@type":"SearchAction","target":{"@type":"EntryPoint","urlTemplate":"https:\/\/bertan.net\/tr\/?s={search_term_string}"},"query-input":{"@type":"PropertyValueSpecification","valueRequired":true,"valueName":"search_term_string"}}],"inLanguage":"tr"},{"@type":"Organization","@id":"https:\/\/bertan.net\/tr\/#organization","name":"Bertan Agency","alternateName":"Bertan","url":"https:\/\/bertan.net\/tr\/","logo":{"@type":"ImageObject","inLanguage":"tr","@id":"https:\/\/bertan.net\/tr\/#\/schema\/logo\/image\/","url":"https:\/\/bertan.net\/wp-content\/uploads\/2024\/05\/1000x1000.png","contentUrl":"https:\/\/bertan.net\/wp-content\/uploads\/2024\/05\/1000x1000.png","width":1000,"height":1000,"caption":"Bertan Agency"},"image":{"@id":"https:\/\/bertan.net\/tr\/#\/schema\/logo\/image\/"},"sameAs":["https:\/\/www.linkedin.com\/company\/netbertan\/"]}]}},"amp_enabled":true,"_links":{"self":[{"href":"https:\/\/bertan.net\/tr\/wp-json\/wp\/v2\/pages\/23097","targetHints":{"allow":["GET"]}}],"collection":[{"href":"https:\/\/bertan.net\/tr\/wp-json\/wp\/v2\/pages"}],"about":[{"href":"https:\/\/bertan.net\/tr\/wp-json\/wp\/v2\/types\/page"}],"author":[{"embeddable":true,"href":"https:\/\/bertan.net\/tr\/wp-json\/wp\/v2\/users\/1"}],"replies":[{"embeddable":true,"href":"https:\/\/bertan.net\/tr\/wp-json\/wp\/v2\/comments?post=23097"}],"version-history":[{"count":38,"href":"https:\/\/bertan.net\/tr\/wp-json\/wp\/v2\/pages\/23097\/revisions"}],"predecessor-version":[{"id":23717,"href":"https:\/\/bertan.net\/tr\/wp-json\/wp\/v2\/pages\/23097\/revisions\/23717"}],"wp:featuredmedia":[{"embeddable":true,"href":"https:\/\/bertan.net\/tr\/wp-json\/wp\/v2\/media\/18444"}],"wp:attachment":[{"href":"https:\/\/bertan.net\/tr\/wp-json\/wp\/v2\/media?parent=23097"}],"curies":[{"name":"wp","href":"https:\/\/api.w.org\/{rel}","templated":true}]}}