{"id":18523,"date":"2024-05-13T12:50:20","date_gmt":"2024-05-13T12:50:20","guid":{"rendered":"https:\/\/bertan.net\/?page_id=18523"},"modified":"2024-08-02T08:58:24","modified_gmt":"2024-08-02T05:58:24","slug":"yuzde-hesaplama","status":"publish","type":"page","link":"https:\/\/bertan.net\/tr\/yuzde-hesaplama\/","title":{"rendered":"Y\u00fczde Hesaplama Arac\u0131"},"content":{"rendered":"\t\t<div data-elementor-type=\"wp-page\" data-elementor-id=\"18523\" class=\"elementor elementor-18523\">\n\t\t\t\t\t\t<section class=\"elementor-section elementor-top-section elementor-element elementor-element-7c47cbcb elementor-section-boxed elementor-section-height-default elementor-section-height-default\" data-id=\"7c47cbcb\" data-element_type=\"section\" data-e-type=\"section\">\n\t\t\t\t\t\t<div class=\"elementor-container elementor-column-gap-default\">\n\t\t\t\t\t<div class=\"elementor-column elementor-col-100 elementor-top-column elementor-element elementor-element-5df5d7c6\" data-id=\"5df5d7c6\" data-element_type=\"column\" data-e-type=\"column\">\n\t\t\t<div class=\"elementor-widget-wrap elementor-element-populated\">\n\t\t\t\t\t\t<div class=\"elementor-element elementor-element-3736253e post-content elementor-widget elementor-widget-text-editor\" data-id=\"3736253e\" data-element_type=\"widget\" data-e-type=\"widget\" data-widget_type=\"text-editor.default\">\n\t\t\t\t<div class=\"elementor-widget-container\">\n\t\t\t\t\t\t\t\t\t<h1><span class=\"ez-toc-section\" id=\"Yuzde_Hesaplama\"><\/span>Y\u00fczde Hesaplama<span class=\"ez-toc-section-end\"><\/span><\/h1><p>Y\u00fczde hesaplama, belirli bir say\u0131n\u0131n y\u00fczdesinin ne oldu\u011funu bulma i\u015flemidir. Y\u00fczde, genellikle bir b\u00fct\u00fcnden belirli bir k\u0131sm\u0131 ifade etmek i\u00e7in kullan\u0131l\u0131r ve 100 \u00fczerinden de\u011ferlendirilir. \u00d6rne\u011fin, 50&#8217;nin 100 i\u00e7erisindeki y\u00fczdesi %50&#8217;dir.<\/p><p><\/p><h2><span class=\"ez-toc-section\" id=\"Yuzde_Hesaplama_Araci_Nasil_Kullanilir\"><\/span>Y\u00fczde Hesaplama Arac\u0131 Nas\u0131l Kullan\u0131l\u0131r?<span class=\"ez-toc-section-end\"><\/span><\/h2><ol><li>Web tabanl\u0131 aray\u00fcz\u00fcm\u00fcze gidin.<\/li><li>Gerekli say\u0131lar\u0131 (A ve B) girin.<\/li><li>Yapmak istedi\u011finiz y\u00fczde hesaplamas\u0131n\u0131 se\u00e7in.<\/li><li>&#8220;Hesapla&#8221; butonuna t\u0131klay\u0131n ve sonu\u00e7lar\u0131 an\u0131nda g\u00f6r\u00fcn.<\/li><\/ol><h2><span class=\"ez-toc-section\" id=\"Yuzde_Hesaplama_Temelleri\"><\/span>Y\u00fczde Hesaplama Temelleri<span class=\"ez-toc-section-end\"><\/span><\/h2><p>Y\u00fczde hesaplamalar\u0131 i\u00e7in kullan\u0131lan temel form\u00fcller<\/p><h3><span class=\"ez-toc-section\" id=\"Bir_Sayinin_Yuzdesini_Bulma\"><\/span>Bir Say\u0131n\u0131n Y\u00fczdesini Bulma:<span class=\"ez-toc-section-end\"><\/span><\/h3><p>Burada &#8220;A&#8221; say\u0131s\u0131n\u0131n &#8220;%B&#8221; y\u00fczdesini hesaplamak i\u00e7in, &#8220;A&#8221; say\u0131s\u0131n\u0131 &#8220;B&#8221; de\u011ferinin 100&#8217;e b\u00f6l\u00fcnm\u00fc\u015f haliyle \u00e7arpars\u0131n\u0131z.<\/p><pre><strong>Form\u00fcl:<\/strong> A * (B \/ 100)<\/pre><h3><span class=\"ez-toc-section\" id=\"Bir_Sayinin_Baska_Bir_Sayiya_Orani\"><\/span>Bir Say\u0131n\u0131n Ba\u015fka Bir Say\u0131ya Oran\u0131<span class=\"ez-toc-section-end\"><\/span><\/h3><p>Bu i\u015flem, &#8220;A&#8221; say\u0131s\u0131n\u0131n &#8220;B&#8221; say\u0131s\u0131na oran\u0131n\u0131 y\u00fczde olarak ifade eder. &#8220;A&#8221; say\u0131s\u0131n\u0131 &#8220;B&#8221; say\u0131s\u0131na b\u00f6l\u00fcn ve \u00e7\u0131kan sonucu 100 ile \u00e7arp\u0131n.<\/p><pre><strong>Form\u00fcl:<\/strong> (A \/ B) * 100<\/pre><h3><span class=\"ez-toc-section\" id=\"Yuzde_Degisim_Hesaplama\"><\/span>Y\u00fczde De\u011fi\u015fim Hesaplama<span class=\"ez-toc-section-end\"><\/span><\/h3><p>Bu form\u00fcller, bir de\u011ferin zaman i\u00e7inde nas\u0131l de\u011fi\u015fti\u011fini y\u00fczde olarak hesaplar. E\u011fer yeni de\u011fer eski de\u011ferden b\u00fcy\u00fckse, bu bir art\u0131\u015f\u0131; e\u011fer k\u00fc\u00e7\u00fckse, bir azal\u0131\u015f\u0131 g\u00f6sterir.<\/p><pre><strong>Art\u0131\u015f i\u00e7in form\u00fcl:<\/strong> ((Yeni De\u011fer - Eski De\u011fer) \/ Eski De\u011fer) * 100\n<strong>Azal\u0131\u015f i\u00e7in form\u00fcl:<\/strong> ((Eski De\u011fer - Yeni De\u011fer) \/ Eski De\u011fer) * 100<\/pre>\t\t\t\t\t\t\t\t<\/div>\n\t\t\t\t<\/div>\n\t\t\t\t\t<\/div>\n\t\t<\/div>\n\t\t\t\t\t<\/div>\n\t\t<\/section>\n\t\t\t\t<\/div>\n\t\t","protected":false},"excerpt":{"rendered":"<p>Y\u00fczde Hesaplama Y\u00fczde hesaplama, belirli bir say\u0131n\u0131n y\u00fczdesinin ne oldu\u011funu bulma i\u015flemidir. Y\u00fczde, genellikle bir b\u00fct\u00fcnden belirli bir k\u0131sm\u0131 ifade etmek i\u00e7in kullan\u0131l\u0131r ve 100 \u00fczerinden de\u011ferlendirilir. \u00d6rne\u011fin, 50&#8217;nin 100 i\u00e7erisindeki y\u00fczdesi %50&#8217;dir. Y\u00fczde Hesaplama Arac\u0131 Nas\u0131l Kullan\u0131l\u0131r? Web tabanl\u0131 aray\u00fcz\u00fcm\u00fcze gidin. Gerekli say\u0131lar\u0131 (A ve B) girin. Yapmak istedi\u011finiz y\u00fczde hesaplamas\u0131n\u0131 se\u00e7in. &#8220;Hesapla&#8221; butonuna<\/p>\n","protected":false},"author":1,"featured_media":18521,"parent":0,"menu_order":0,"comment_status":"closed","ping_status":"closed","template":"elementor_header_footer","meta":{"footnotes":""},"class_list":["post-18523","page","type-page","status-publish","has-post-thumbnail"],"yoast_head":"<!-- This site is optimized with the Yoast SEO plugin v27.1.1 - https:\/\/yoast.com\/product\/yoast-seo-wordpress\/ -->\n<title>Y\u00fczde Hesaplama Arac\u0131 | Bertan<\/title>\n<meta name=\"description\" content=\"Karma\u015f\u0131k hesaplamalar art\u0131k zorlay\u0131c\u0131 olmak zorunda de\u011fil. Y\u00fczde hesaplama arac\u0131 ile g\u00fcnl\u00fck i\u015flemlerinizi kolayla\u015ft\u0131r\u0131n!\" \/>\n<meta name=\"robots\" content=\"index, follow, max-snippet:-1, max-image-preview:large, max-video-preview:-1\" \/>\n<link rel=\"canonical\" href=\"https:\/\/bertan.net\/tr\/yuzde-hesaplama\/\" \/>\n<meta property=\"og:locale\" content=\"tr_TR\" \/>\n<meta property=\"og:type\" content=\"article\" \/>\n<meta property=\"og:title\" content=\"Y\u00fczde Hesaplama Arac\u0131 | Bertan\" \/>\n<meta property=\"og:description\" content=\"Karma\u015f\u0131k hesaplamalar art\u0131k zorlay\u0131c\u0131 olmak zorunda de\u011fil. Y\u00fczde hesaplama arac\u0131 ile g\u00fcnl\u00fck i\u015flemlerinizi kolayla\u015ft\u0131r\u0131n!\" \/>\n<meta property=\"og:url\" content=\"https:\/\/bertan.net\/tr\/yuzde-hesaplama\/\" \/>\n<meta property=\"og:site_name\" content=\"Bertan\" \/>\n<meta property=\"article:modified_time\" content=\"2024-08-02T05:58:24+00:00\" \/>\n<meta property=\"og:image\" content=\"https:\/\/bertan.net\/wp-content\/uploads\/2024\/05\/Yuzde-Isareti.jpeg\" \/>\n\t<meta property=\"og:image:width\" content=\"1200\" \/>\n\t<meta property=\"og:image:height\" content=\"800\" \/>\n\t<meta property=\"og:image:type\" content=\"image\/jpeg\" \/>\n<meta name=\"twitter:card\" content=\"summary_large_image\" \/>\n<meta name=\"twitter:label1\" content=\"Tahmini okuma s\u00fcresi\" \/>\n\t<meta name=\"twitter:data1\" content=\"1 dakika\" \/>\n<script type=\"application\/ld+json\" class=\"yoast-schema-graph\">{\"@context\":\"https:\/\/schema.org\",\"@graph\":[{\"@type\":\"WebPage\",\"@id\":\"https:\/\/bertan.net\/tr\/yuzde-hesaplama\/\",\"url\":\"https:\/\/bertan.net\/tr\/yuzde-hesaplama\/\",\"name\":\"Y\u00fczde Hesaplama Arac\u0131 | Bertan\",\"isPartOf\":{\"@id\":\"https:\/\/bertan.net\/tr\/#website\"},\"primaryImageOfPage\":{\"@id\":\"https:\/\/bertan.net\/tr\/yuzde-hesaplama\/#primaryimage\"},\"image\":{\"@id\":\"https:\/\/bertan.net\/tr\/yuzde-hesaplama\/#primaryimage\"},\"thumbnailUrl\":\"https:\/\/bertan.net\/wp-content\/uploads\/2024\/05\/Yuzde-Isareti.jpeg\",\"datePublished\":\"2024-05-13T12:50:20+00:00\",\"dateModified\":\"2024-08-02T05:58:24+00:00\",\"description\":\"Karma\u015f\u0131k hesaplamalar art\u0131k zorlay\u0131c\u0131 olmak zorunda de\u011fil. Y\u00fczde hesaplama arac\u0131 ile g\u00fcnl\u00fck i\u015flemlerinizi kolayla\u015ft\u0131r\u0131n!\",\"inLanguage\":\"tr\",\"potentialAction\":[{\"@type\":\"ReadAction\",\"target\":[\"https:\/\/bertan.net\/tr\/yuzde-hesaplama\/\"]}]},{\"@type\":\"ImageObject\",\"inLanguage\":\"tr\",\"@id\":\"https:\/\/bertan.net\/tr\/yuzde-hesaplama\/#primaryimage\",\"url\":\"https:\/\/bertan.net\/wp-content\/uploads\/2024\/05\/Yuzde-Isareti.jpeg\",\"contentUrl\":\"https:\/\/bertan.net\/wp-content\/uploads\/2024\/05\/Yuzde-Isareti.jpeg\",\"width\":1200,\"height\":800,\"caption\":\"Mavi Zemin \u00dczerine Y\u00fczde \u0130\u015fareti\"},{\"@type\":\"WebSite\",\"@id\":\"https:\/\/bertan.net\/tr\/#website\",\"url\":\"https:\/\/bertan.net\/tr\/\",\"name\":\"Bertan\",\"description\":\"\",\"publisher\":{\"@id\":\"https:\/\/bertan.net\/tr\/#organization\"},\"alternateName\":\"Bertan\",\"potentialAction\":[{\"@type\":\"SearchAction\",\"target\":{\"@type\":\"EntryPoint\",\"urlTemplate\":\"https:\/\/bertan.net\/tr\/?s={search_term_string}\"},\"query-input\":{\"@type\":\"PropertyValueSpecification\",\"valueRequired\":true,\"valueName\":\"search_term_string\"}}],\"inLanguage\":\"tr\"},{\"@type\":\"Organization\",\"@id\":\"https:\/\/bertan.net\/tr\/#organization\",\"name\":\"Bertan Agency\",\"alternateName\":\"Bertan\",\"url\":\"https:\/\/bertan.net\/tr\/\",\"logo\":{\"@type\":\"ImageObject\",\"inLanguage\":\"tr\",\"@id\":\"https:\/\/bertan.net\/tr\/#\/schema\/logo\/image\/\",\"url\":\"https:\/\/bertan.net\/wp-content\/uploads\/2024\/05\/1000x1000.png\",\"contentUrl\":\"https:\/\/bertan.net\/wp-content\/uploads\/2024\/05\/1000x1000.png\",\"width\":1000,\"height\":1000,\"caption\":\"Bertan Agency\"},\"image\":{\"@id\":\"https:\/\/bertan.net\/tr\/#\/schema\/logo\/image\/\"},\"sameAs\":[\"https:\/\/www.linkedin.com\/company\/netbertan\/\"]}]}<\/script>\n<!-- \/ Yoast SEO plugin. -->","yoast_head_json":{"title":"Y\u00fczde Hesaplama Arac\u0131 | Bertan","description":"Karma\u015f\u0131k hesaplamalar art\u0131k zorlay\u0131c\u0131 olmak zorunda de\u011fil. Y\u00fczde hesaplama arac\u0131 ile g\u00fcnl\u00fck i\u015flemlerinizi kolayla\u015ft\u0131r\u0131n!","robots":{"index":"index","follow":"follow","max-snippet":"max-snippet:-1","max-image-preview":"max-image-preview:large","max-video-preview":"max-video-preview:-1"},"canonical":"https:\/\/bertan.net\/tr\/yuzde-hesaplama\/","og_locale":"tr_TR","og_type":"article","og_title":"Y\u00fczde Hesaplama Arac\u0131 | Bertan","og_description":"Karma\u015f\u0131k hesaplamalar art\u0131k zorlay\u0131c\u0131 olmak zorunda de\u011fil. Y\u00fczde hesaplama arac\u0131 ile g\u00fcnl\u00fck i\u015flemlerinizi kolayla\u015ft\u0131r\u0131n!","og_url":"https:\/\/bertan.net\/tr\/yuzde-hesaplama\/","og_site_name":"Bertan","article_modified_time":"2024-08-02T05:58:24+00:00","og_image":[{"width":1200,"height":800,"url":"https:\/\/bertan.net\/wp-content\/uploads\/2024\/05\/Yuzde-Isareti.jpeg","type":"image\/jpeg"}],"twitter_card":"summary_large_image","twitter_misc":{"Tahmini okuma s\u00fcresi":"1 dakika"},"schema":{"@context":"https:\/\/schema.org","@graph":[{"@type":"WebPage","@id":"https:\/\/bertan.net\/tr\/yuzde-hesaplama\/","url":"https:\/\/bertan.net\/tr\/yuzde-hesaplama\/","name":"Y\u00fczde Hesaplama Arac\u0131 | Bertan","isPartOf":{"@id":"https:\/\/bertan.net\/tr\/#website"},"primaryImageOfPage":{"@id":"https:\/\/bertan.net\/tr\/yuzde-hesaplama\/#primaryimage"},"image":{"@id":"https:\/\/bertan.net\/tr\/yuzde-hesaplama\/#primaryimage"},"thumbnailUrl":"https:\/\/bertan.net\/wp-content\/uploads\/2024\/05\/Yuzde-Isareti.jpeg","datePublished":"2024-05-13T12:50:20+00:00","dateModified":"2024-08-02T05:58:24+00:00","description":"Karma\u015f\u0131k hesaplamalar art\u0131k zorlay\u0131c\u0131 olmak zorunda de\u011fil. Y\u00fczde hesaplama arac\u0131 ile g\u00fcnl\u00fck i\u015flemlerinizi kolayla\u015ft\u0131r\u0131n!","inLanguage":"tr","potentialAction":[{"@type":"ReadAction","target":["https:\/\/bertan.net\/tr\/yuzde-hesaplama\/"]}]},{"@type":"ImageObject","inLanguage":"tr","@id":"https:\/\/bertan.net\/tr\/yuzde-hesaplama\/#primaryimage","url":"https:\/\/bertan.net\/wp-content\/uploads\/2024\/05\/Yuzde-Isareti.jpeg","contentUrl":"https:\/\/bertan.net\/wp-content\/uploads\/2024\/05\/Yuzde-Isareti.jpeg","width":1200,"height":800,"caption":"Mavi Zemin \u00dczerine Y\u00fczde \u0130\u015fareti"},{"@type":"WebSite","@id":"https:\/\/bertan.net\/tr\/#website","url":"https:\/\/bertan.net\/tr\/","name":"Bertan","description":"","publisher":{"@id":"https:\/\/bertan.net\/tr\/#organization"},"alternateName":"Bertan","potentialAction":[{"@type":"SearchAction","target":{"@type":"EntryPoint","urlTemplate":"https:\/\/bertan.net\/tr\/?s={search_term_string}"},"query-input":{"@type":"PropertyValueSpecification","valueRequired":true,"valueName":"search_term_string"}}],"inLanguage":"tr"},{"@type":"Organization","@id":"https:\/\/bertan.net\/tr\/#organization","name":"Bertan Agency","alternateName":"Bertan","url":"https:\/\/bertan.net\/tr\/","logo":{"@type":"ImageObject","inLanguage":"tr","@id":"https:\/\/bertan.net\/tr\/#\/schema\/logo\/image\/","url":"https:\/\/bertan.net\/wp-content\/uploads\/2024\/05\/1000x1000.png","contentUrl":"https:\/\/bertan.net\/wp-content\/uploads\/2024\/05\/1000x1000.png","width":1000,"height":1000,"caption":"Bertan Agency"},"image":{"@id":"https:\/\/bertan.net\/tr\/#\/schema\/logo\/image\/"},"sameAs":["https:\/\/www.linkedin.com\/company\/netbertan\/"]}]}},"amp_enabled":false,"_links":{"self":[{"href":"https:\/\/bertan.net\/tr\/wp-json\/wp\/v2\/pages\/18523","targetHints":{"allow":["GET"]}}],"collection":[{"href":"https:\/\/bertan.net\/tr\/wp-json\/wp\/v2\/pages"}],"about":[{"href":"https:\/\/bertan.net\/tr\/wp-json\/wp\/v2\/types\/page"}],"author":[{"embeddable":true,"href":"https:\/\/bertan.net\/tr\/wp-json\/wp\/v2\/users\/1"}],"replies":[{"embeddable":true,"href":"https:\/\/bertan.net\/tr\/wp-json\/wp\/v2\/comments?post=18523"}],"version-history":[{"count":12,"href":"https:\/\/bertan.net\/tr\/wp-json\/wp\/v2\/pages\/18523\/revisions"}],"predecessor-version":[{"id":20896,"href":"https:\/\/bertan.net\/tr\/wp-json\/wp\/v2\/pages\/18523\/revisions\/20896"}],"wp:featuredmedia":[{"embeddable":true,"href":"https:\/\/bertan.net\/tr\/wp-json\/wp\/v2\/media\/18521"}],"wp:attachment":[{"href":"https:\/\/bertan.net\/tr\/wp-json\/wp\/v2\/media?parent=18523"}],"curies":[{"name":"wp","href":"https:\/\/api.w.org\/{rel}","templated":true}]}}