{"id":18511,"date":"2024-05-13T12:26:34","date_gmt":"2024-05-13T12:26:34","guid":{"rendered":"https:\/\/bertan.net\/?page_id=18511"},"modified":"2025-07-03T05:38:05","modified_gmt":"2025-07-03T02:38:05","slug":"kelime-karakter-sayaci","status":"publish","type":"page","link":"https:\/\/bertan.net\/tr\/kelime-karakter-sayaci\/","title":{"rendered":"Kelime &#038; Karakter Sayac\u0131"},"content":{"rendered":"<p>Yaz\u0131lar\u0131n\u0131z\u0131n kelime ve karakter say\u0131s\u0131n\u0131 h\u0131zl\u0131ca \u00f6\u011frenmek i\u00e7in kelime ve karakter sayac\u0131n\u0131 kullan\u0131n. Sosyal medya, akademik yaz\u0131lar ve SEO i\u00e7in say\u0131m arac\u0131.<br \/>\n<\/p>\n","protected":false},"excerpt":{"rendered":"<p>Yaz\u0131lar\u0131n\u0131z\u0131n kelime ve karakter say\u0131s\u0131n\u0131 h\u0131zl\u0131ca \u00f6\u011frenmek i\u00e7in kelime ve karakter sayac\u0131n\u0131 kullan\u0131n. Sosyal medya, akademik yaz\u0131lar ve SEO i\u00e7in say\u0131m arac\u0131.<\/p>\n","protected":false},"author":1,"featured_media":0,"parent":0,"menu_order":0,"comment_status":"closed","ping_status":"closed","template":"","meta":{"footnotes":""},"class_list":["post-18511","page","type-page","status-publish"],"yoast_head":"<!-- This site is optimized with the Yoast SEO plugin v27.1.1 - https:\/\/yoast.com\/product\/yoast-seo-wordpress\/ -->\n<title>Kelime &amp; Karakter Sayac\u0131 | Bertan<\/title>\n<meta name=\"description\" content=\"Yaz\u0131lar\u0131n\u0131z\u0131n kelime ve karakter say\u0131s\u0131n\u0131 h\u0131zl\u0131ca \u00f6\u011frenmek i\u00e7in kelime ve karakter sayac\u0131n\u0131 kullan\u0131n. Sosyal medya, akademik yaz\u0131lar ve SEO i\u00e7in say\u0131m arac\u0131.\" \/>\n<meta name=\"robots\" content=\"index, follow, max-snippet:-1, max-image-preview:large, max-video-preview:-1\" \/>\n<link rel=\"canonical\" href=\"https:\/\/bertan.net\/tr\/kelime-karakter-sayaci\/\" \/>\n<meta property=\"og:locale\" content=\"tr_TR\" \/>\n<meta property=\"og:type\" content=\"article\" \/>\n<meta property=\"og:title\" content=\"Kelime &amp; Karakter Sayac\u0131 | Bertan\" \/>\n<meta property=\"og:description\" content=\"Yaz\u0131lar\u0131n\u0131z\u0131n kelime ve karakter say\u0131s\u0131n\u0131 h\u0131zl\u0131ca \u00f6\u011frenmek i\u00e7in kelime ve karakter sayac\u0131n\u0131 kullan\u0131n. Sosyal medya, akademik yaz\u0131lar ve SEO i\u00e7in say\u0131m arac\u0131.\" \/>\n<meta property=\"og:url\" content=\"https:\/\/bertan.net\/tr\/kelime-karakter-sayaci\/\" \/>\n<meta property=\"og:site_name\" content=\"Bertan\" \/>\n<meta property=\"article:modified_time\" content=\"2025-07-03T02:38:05+00:00\" \/>\n<meta property=\"og:image\" content=\"https:\/\/bertan.net\/wp-content\/uploads\/2024\/07\/Bertan-Horizontal-Logo.png\" \/>\n\t<meta property=\"og:image:width\" content=\"1200\" \/>\n\t<meta property=\"og:image:height\" content=\"675\" \/>\n\t<meta property=\"og:image:type\" content=\"image\/png\" \/>\n<meta name=\"twitter:card\" content=\"summary_large_image\" \/>\n<meta name=\"twitter:label1\" content=\"Tahmini okuma s\u00fcresi\" \/>\n\t<meta name=\"twitter:data1\" content=\"1 dakika\" \/>\n<script type=\"application\/ld+json\" class=\"yoast-schema-graph\">{\"@context\":\"https:\/\/schema.org\",\"@graph\":[{\"@type\":\"WebPage\",\"@id\":\"https:\/\/bertan.net\/tr\/kelime-karakter-sayaci\/\",\"url\":\"https:\/\/bertan.net\/tr\/kelime-karakter-sayaci\/\",\"name\":\"Kelime & Karakter Sayac\u0131 | Bertan\",\"isPartOf\":{\"@id\":\"https:\/\/bertan.net\/tr\/#website\"},\"datePublished\":\"2024-05-13T12:26:34+00:00\",\"dateModified\":\"2025-07-03T02:38:05+00:00\",\"description\":\"Yaz\u0131lar\u0131n\u0131z\u0131n kelime ve karakter say\u0131s\u0131n\u0131 h\u0131zl\u0131ca \u00f6\u011frenmek i\u00e7in kelime ve karakter sayac\u0131n\u0131 kullan\u0131n. Sosyal medya, akademik yaz\u0131lar ve SEO i\u00e7in say\u0131m arac\u0131.\",\"inLanguage\":\"tr\",\"potentialAction\":[{\"@type\":\"ReadAction\",\"target\":[\"https:\/\/bertan.net\/tr\/kelime-karakter-sayaci\/\"]}]},{\"@type\":\"WebSite\",\"@id\":\"https:\/\/bertan.net\/tr\/#website\",\"url\":\"https:\/\/bertan.net\/tr\/\",\"name\":\"Bertan\",\"description\":\"\",\"publisher\":{\"@id\":\"https:\/\/bertan.net\/tr\/#organization\"},\"alternateName\":\"Bertan\",\"potentialAction\":[{\"@type\":\"SearchAction\",\"target\":{\"@type\":\"EntryPoint\",\"urlTemplate\":\"https:\/\/bertan.net\/tr\/?s={search_term_string}\"},\"query-input\":{\"@type\":\"PropertyValueSpecification\",\"valueRequired\":true,\"valueName\":\"search_term_string\"}}],\"inLanguage\":\"tr\"},{\"@type\":\"Organization\",\"@id\":\"https:\/\/bertan.net\/tr\/#organization\",\"name\":\"Bertan Agency\",\"alternateName\":\"Bertan\",\"url\":\"https:\/\/bertan.net\/tr\/\",\"logo\":{\"@type\":\"ImageObject\",\"inLanguage\":\"tr\",\"@id\":\"https:\/\/bertan.net\/tr\/#\/schema\/logo\/image\/\",\"url\":\"https:\/\/bertan.net\/wp-content\/uploads\/2024\/05\/1000x1000.png\",\"contentUrl\":\"https:\/\/bertan.net\/wp-content\/uploads\/2024\/05\/1000x1000.png\",\"width\":1000,\"height\":1000,\"caption\":\"Bertan Agency\"},\"image\":{\"@id\":\"https:\/\/bertan.net\/tr\/#\/schema\/logo\/image\/\"},\"sameAs\":[\"https:\/\/www.linkedin.com\/company\/netbertan\/\"]}]}<\/script>\n<!-- \/ Yoast SEO plugin. -->","yoast_head_json":{"title":"Kelime & Karakter Sayac\u0131 | Bertan","description":"Yaz\u0131lar\u0131n\u0131z\u0131n kelime ve karakter say\u0131s\u0131n\u0131 h\u0131zl\u0131ca \u00f6\u011frenmek i\u00e7in kelime ve karakter sayac\u0131n\u0131 kullan\u0131n. Sosyal medya, akademik yaz\u0131lar ve SEO i\u00e7in say\u0131m arac\u0131.","robots":{"index":"index","follow":"follow","max-snippet":"max-snippet:-1","max-image-preview":"max-image-preview:large","max-video-preview":"max-video-preview:-1"},"canonical":"https:\/\/bertan.net\/tr\/kelime-karakter-sayaci\/","og_locale":"tr_TR","og_type":"article","og_title":"Kelime & Karakter Sayac\u0131 | Bertan","og_description":"Yaz\u0131lar\u0131n\u0131z\u0131n kelime ve karakter say\u0131s\u0131n\u0131 h\u0131zl\u0131ca \u00f6\u011frenmek i\u00e7in kelime ve karakter sayac\u0131n\u0131 kullan\u0131n. Sosyal medya, akademik yaz\u0131lar ve SEO i\u00e7in say\u0131m arac\u0131.","og_url":"https:\/\/bertan.net\/tr\/kelime-karakter-sayaci\/","og_site_name":"Bertan","article_modified_time":"2025-07-03T02:38:05+00:00","og_image":[{"width":1200,"height":675,"url":"https:\/\/bertan.net\/wp-content\/uploads\/2024\/07\/Bertan-Horizontal-Logo.png","type":"image\/png"}],"twitter_card":"summary_large_image","twitter_misc":{"Tahmini okuma s\u00fcresi":"1 dakika"},"schema":{"@context":"https:\/\/schema.org","@graph":[{"@type":"WebPage","@id":"https:\/\/bertan.net\/tr\/kelime-karakter-sayaci\/","url":"https:\/\/bertan.net\/tr\/kelime-karakter-sayaci\/","name":"Kelime & Karakter Sayac\u0131 | Bertan","isPartOf":{"@id":"https:\/\/bertan.net\/tr\/#website"},"datePublished":"2024-05-13T12:26:34+00:00","dateModified":"2025-07-03T02:38:05+00:00","description":"Yaz\u0131lar\u0131n\u0131z\u0131n kelime ve karakter say\u0131s\u0131n\u0131 h\u0131zl\u0131ca \u00f6\u011frenmek i\u00e7in kelime ve karakter sayac\u0131n\u0131 kullan\u0131n. Sosyal medya, akademik yaz\u0131lar ve SEO i\u00e7in say\u0131m arac\u0131.","inLanguage":"tr","potentialAction":[{"@type":"ReadAction","target":["https:\/\/bertan.net\/tr\/kelime-karakter-sayaci\/"]}]},{"@type":"WebSite","@id":"https:\/\/bertan.net\/tr\/#website","url":"https:\/\/bertan.net\/tr\/","name":"Bertan","description":"","publisher":{"@id":"https:\/\/bertan.net\/tr\/#organization"},"alternateName":"Bertan","potentialAction":[{"@type":"SearchAction","target":{"@type":"EntryPoint","urlTemplate":"https:\/\/bertan.net\/tr\/?s={search_term_string}"},"query-input":{"@type":"PropertyValueSpecification","valueRequired":true,"valueName":"search_term_string"}}],"inLanguage":"tr"},{"@type":"Organization","@id":"https:\/\/bertan.net\/tr\/#organization","name":"Bertan Agency","alternateName":"Bertan","url":"https:\/\/bertan.net\/tr\/","logo":{"@type":"ImageObject","inLanguage":"tr","@id":"https:\/\/bertan.net\/tr\/#\/schema\/logo\/image\/","url":"https:\/\/bertan.net\/wp-content\/uploads\/2024\/05\/1000x1000.png","contentUrl":"https:\/\/bertan.net\/wp-content\/uploads\/2024\/05\/1000x1000.png","width":1000,"height":1000,"caption":"Bertan Agency"},"image":{"@id":"https:\/\/bertan.net\/tr\/#\/schema\/logo\/image\/"},"sameAs":["https:\/\/www.linkedin.com\/company\/netbertan\/"]}]}},"amp_enabled":false,"_links":{"self":[{"href":"https:\/\/bertan.net\/tr\/wp-json\/wp\/v2\/pages\/18511","targetHints":{"allow":["GET"]}}],"collection":[{"href":"https:\/\/bertan.net\/tr\/wp-json\/wp\/v2\/pages"}],"about":[{"href":"https:\/\/bertan.net\/tr\/wp-json\/wp\/v2\/types\/page"}],"author":[{"embeddable":true,"href":"https:\/\/bertan.net\/tr\/wp-json\/wp\/v2\/users\/1"}],"replies":[{"embeddable":true,"href":"https:\/\/bertan.net\/tr\/wp-json\/wp\/v2\/comments?post=18511"}],"version-history":[{"count":7,"href":"https:\/\/bertan.net\/tr\/wp-json\/wp\/v2\/pages\/18511\/revisions"}],"predecessor-version":[{"id":24016,"href":"https:\/\/bertan.net\/tr\/wp-json\/wp\/v2\/pages\/18511\/revisions\/24016"}],"wp:attachment":[{"href":"https:\/\/bertan.net\/tr\/wp-json\/wp\/v2\/media?parent=18511"}],"curies":[{"name":"wp","href":"https:\/\/api.w.org\/{rel}","templated":true}]}}