{"id":15048,"date":"2024-05-08T20:56:52","date_gmt":"2024-05-08T17:56:52","guid":{"rendered":"https:\/\/bertan.net\/tr\/?page_id=15022"},"modified":"2024-06-23T05:34:30","modified_gmt":"2024-06-23T02:34:30","slug":"yapisal-veri-isaretleyici","status":"publish","type":"page","link":"https:\/\/bertan.net\/tr\/yapisal-veri-isaretleyici\/","title":{"rendered":"Yap\u0131sal Veri \u0130\u015faretleyici"},"content":{"rendered":"\t\t<div data-elementor-type=\"wp-page\" data-elementor-id=\"15048\" class=\"elementor elementor-15048\">\n\t\t\t\t\t\t<section class=\"elementor-section elementor-top-section elementor-element elementor-element-629620c8 elementor-section-boxed elementor-section-height-default elementor-section-height-default\" data-id=\"629620c8\" data-element_type=\"section\" data-e-type=\"section\">\n\t\t\t\t\t\t<div class=\"elementor-container elementor-column-gap-default\">\n\t\t\t\t\t<div class=\"elementor-column elementor-col-100 elementor-top-column elementor-element elementor-element-6c586672\" data-id=\"6c586672\" data-element_type=\"column\" data-e-type=\"column\">\n\t\t\t<div class=\"elementor-widget-wrap elementor-element-populated\">\n\t\t\t\t\t\t<div class=\"elementor-element elementor-element-74e23044 post-content elementor-widget elementor-widget-text-editor\" data-id=\"74e23044\" data-element_type=\"widget\" data-e-type=\"widget\" data-widget_type=\"text-editor.default\">\n\t\t\t\t<div class=\"elementor-widget-container\">\n\t\t\t\t\t\t\t\t\t<h1>Yap\u0131sal Veri \u0130\u015faretleyici<\/h1><p>Yap\u0131sal veri i\u015faretleyici arac\u0131, web siteniz i\u00e7in JSON-LD yap\u0131land\u0131r\u0131lm\u0131\u015f veri i\u015faretleme olu\u015fturmay\u0131 kolayla\u015ft\u0131r\u0131r. Bu, Kurulu\u015f, \u00dcr\u00fcn, Makale ve SSS Sayfas\u0131 gibi \u00e7e\u015fitli \u015fema t\u00fcrlerinden se\u00e7im yapman\u0131za olanak tan\u0131r ve ilgili bilgileri doldurmak i\u00e7in sezgisel formlar sunar. Ara\u00e7, sitenizin arama sonu\u00e7lar\u0131n\u0131n par\u00e7alar\u0131n\u0131 do\u011frudan g\u00f6mmek i\u00e7in kullan\u0131labilecek bir \u015fema i\u015faretleme olu\u015fturur ve SEO g\u00f6r\u00fcn\u00fcrl\u00fc\u011f\u00fcn\u00fc art\u0131r\u0131r.<\/p><p><\/p>\t\t\t\t\t\t\t\t<\/div>\n\t\t\t\t<\/div>\n\t\t\t\t\t<\/div>\n\t\t<\/div>\n\t\t\t\t\t<\/div>\n\t\t<\/section>\n\t\t\t\t<\/div>\n\t\t","protected":false},"excerpt":{"rendered":"<p>Yap\u0131sal Veri \u0130\u015faretleyici Yap\u0131sal veri i\u015faretleyici arac\u0131, web siteniz i\u00e7in JSON-LD yap\u0131land\u0131r\u0131lm\u0131\u015f veri i\u015faretleme olu\u015fturmay\u0131 kolayla\u015ft\u0131r\u0131r. Bu, Kurulu\u015f, \u00dcr\u00fcn, Makale ve SSS Sayfas\u0131 gibi \u00e7e\u015fitli \u015fema t\u00fcrlerinden se\u00e7im yapman\u0131za olanak tan\u0131r ve ilgili bilgileri doldurmak i\u00e7in sezgisel formlar sunar. Ara\u00e7, sitenizin arama sonu\u00e7lar\u0131n\u0131n par\u00e7alar\u0131n\u0131 do\u011frudan g\u00f6mmek i\u00e7in kullan\u0131labilecek bir \u015fema i\u015faretleme olu\u015fturur ve SEO g\u00f6r\u00fcn\u00fcrl\u00fc\u011f\u00fcn\u00fc<\/p>\n","protected":false},"author":1,"featured_media":0,"parent":0,"menu_order":0,"comment_status":"closed","ping_status":"closed","template":"elementor_header_footer","meta":{"footnotes":""},"class_list":["post-15048","page","type-page","status-publish"],"yoast_head":"<!-- This site is optimized with the Yoast SEO plugin v27.1.1 - https:\/\/yoast.com\/product\/yoast-seo-wordpress\/ -->\n<title>Yap\u0131sal Veri \u0130\u015faretleyici | Bertan<\/title>\n<meta name=\"description\" content=\"Yap\u0131sal Veri \u0130\u015faretleyici Yap\u0131sal veri i\u015faretleyici arac\u0131, web siteniz i\u00e7in JSON-LD yap\u0131land\u0131r\u0131lm\u0131\u015f veri i\u015faretleme olu\u015fturmay\u0131 kolayla\u015ft\u0131r\u0131r. Bu,\" \/>\n<meta name=\"robots\" content=\"index, follow, max-snippet:-1, max-image-preview:large, max-video-preview:-1\" \/>\n<link rel=\"canonical\" href=\"https:\/\/bertan.net\/tr\/yapisal-veri-isaretleyici\/\" \/>\n<meta property=\"og:locale\" content=\"tr_TR\" \/>\n<meta property=\"og:type\" content=\"article\" \/>\n<meta property=\"og:title\" content=\"Yap\u0131sal Veri \u0130\u015faretleyici | Bertan\" \/>\n<meta property=\"og:description\" content=\"Yap\u0131sal Veri \u0130\u015faretleyici Yap\u0131sal veri i\u015faretleyici arac\u0131, web siteniz i\u00e7in JSON-LD yap\u0131land\u0131r\u0131lm\u0131\u015f veri i\u015faretleme olu\u015fturmay\u0131 kolayla\u015ft\u0131r\u0131r. Bu,\" \/>\n<meta property=\"og:url\" content=\"https:\/\/bertan.net\/tr\/yapisal-veri-isaretleyici\/\" \/>\n<meta property=\"og:site_name\" content=\"Bertan\" \/>\n<meta property=\"article:modified_time\" content=\"2024-06-23T02:34:30+00:00\" \/>\n<meta property=\"og:image\" content=\"https:\/\/bertan.net\/wp-content\/uploads\/2024\/07\/Bertan-Horizontal-Logo.png\" \/>\n\t<meta property=\"og:image:width\" content=\"1200\" \/>\n\t<meta property=\"og:image:height\" content=\"675\" \/>\n\t<meta property=\"og:image:type\" content=\"image\/png\" \/>\n<meta name=\"twitter:card\" content=\"summary_large_image\" \/>\n<meta name=\"twitter:label1\" content=\"Tahmini okuma s\u00fcresi\" \/>\n\t<meta name=\"twitter:data1\" content=\"1 dakika\" \/>\n<script type=\"application\/ld+json\" class=\"yoast-schema-graph\">{\"@context\":\"https:\/\/schema.org\",\"@graph\":[{\"@type\":\"WebPage\",\"@id\":\"https:\/\/bertan.net\/tr\/yapisal-veri-isaretleyici\/\",\"url\":\"https:\/\/bertan.net\/tr\/yapisal-veri-isaretleyici\/\",\"name\":\"Yap\u0131sal Veri \u0130\u015faretleyici | Bertan\",\"isPartOf\":{\"@id\":\"https:\/\/bertan.net\/tr\/#website\"},\"datePublished\":\"2024-05-08T17:56:52+00:00\",\"dateModified\":\"2024-06-23T02:34:30+00:00\",\"description\":\"Yap\u0131sal Veri \u0130\u015faretleyici Yap\u0131sal veri i\u015faretleyici arac\u0131, web siteniz i\u00e7in JSON-LD yap\u0131land\u0131r\u0131lm\u0131\u015f veri i\u015faretleme olu\u015fturmay\u0131 kolayla\u015ft\u0131r\u0131r. Bu,\",\"inLanguage\":\"tr\",\"potentialAction\":[{\"@type\":\"ReadAction\",\"target\":[\"https:\/\/bertan.net\/tr\/yapisal-veri-isaretleyici\/\"]}]},{\"@type\":\"WebSite\",\"@id\":\"https:\/\/bertan.net\/tr\/#website\",\"url\":\"https:\/\/bertan.net\/tr\/\",\"name\":\"Bertan\",\"description\":\"\",\"publisher\":{\"@id\":\"https:\/\/bertan.net\/tr\/#organization\"},\"alternateName\":\"Bertan\",\"potentialAction\":[{\"@type\":\"SearchAction\",\"target\":{\"@type\":\"EntryPoint\",\"urlTemplate\":\"https:\/\/bertan.net\/tr\/?s={search_term_string}\"},\"query-input\":{\"@type\":\"PropertyValueSpecification\",\"valueRequired\":true,\"valueName\":\"search_term_string\"}}],\"inLanguage\":\"tr\"},{\"@type\":\"Organization\",\"@id\":\"https:\/\/bertan.net\/tr\/#organization\",\"name\":\"Bertan Agency\",\"alternateName\":\"Bertan\",\"url\":\"https:\/\/bertan.net\/tr\/\",\"logo\":{\"@type\":\"ImageObject\",\"inLanguage\":\"tr\",\"@id\":\"https:\/\/bertan.net\/tr\/#\/schema\/logo\/image\/\",\"url\":\"https:\/\/bertan.net\/wp-content\/uploads\/2024\/05\/1000x1000.png\",\"contentUrl\":\"https:\/\/bertan.net\/wp-content\/uploads\/2024\/05\/1000x1000.png\",\"width\":1000,\"height\":1000,\"caption\":\"Bertan Agency\"},\"image\":{\"@id\":\"https:\/\/bertan.net\/tr\/#\/schema\/logo\/image\/\"},\"sameAs\":[\"https:\/\/www.linkedin.com\/company\/netbertan\/\"]}]}<\/script>\n<!-- \/ Yoast SEO plugin. -->","yoast_head_json":{"title":"Yap\u0131sal Veri \u0130\u015faretleyici | Bertan","description":"Yap\u0131sal Veri \u0130\u015faretleyici Yap\u0131sal veri i\u015faretleyici arac\u0131, web siteniz i\u00e7in JSON-LD yap\u0131land\u0131r\u0131lm\u0131\u015f veri i\u015faretleme olu\u015fturmay\u0131 kolayla\u015ft\u0131r\u0131r. Bu,","robots":{"index":"index","follow":"follow","max-snippet":"max-snippet:-1","max-image-preview":"max-image-preview:large","max-video-preview":"max-video-preview:-1"},"canonical":"https:\/\/bertan.net\/tr\/yapisal-veri-isaretleyici\/","og_locale":"tr_TR","og_type":"article","og_title":"Yap\u0131sal Veri \u0130\u015faretleyici | Bertan","og_description":"Yap\u0131sal Veri \u0130\u015faretleyici Yap\u0131sal veri i\u015faretleyici arac\u0131, web siteniz i\u00e7in JSON-LD yap\u0131land\u0131r\u0131lm\u0131\u015f veri i\u015faretleme olu\u015fturmay\u0131 kolayla\u015ft\u0131r\u0131r. Bu,","og_url":"https:\/\/bertan.net\/tr\/yapisal-veri-isaretleyici\/","og_site_name":"Bertan","article_modified_time":"2024-06-23T02:34:30+00:00","og_image":[{"width":1200,"height":675,"url":"https:\/\/bertan.net\/wp-content\/uploads\/2024\/07\/Bertan-Horizontal-Logo.png","type":"image\/png"}],"twitter_card":"summary_large_image","twitter_misc":{"Tahmini okuma s\u00fcresi":"1 dakika"},"schema":{"@context":"https:\/\/schema.org","@graph":[{"@type":"WebPage","@id":"https:\/\/bertan.net\/tr\/yapisal-veri-isaretleyici\/","url":"https:\/\/bertan.net\/tr\/yapisal-veri-isaretleyici\/","name":"Yap\u0131sal Veri \u0130\u015faretleyici | Bertan","isPartOf":{"@id":"https:\/\/bertan.net\/tr\/#website"},"datePublished":"2024-05-08T17:56:52+00:00","dateModified":"2024-06-23T02:34:30+00:00","description":"Yap\u0131sal Veri \u0130\u015faretleyici Yap\u0131sal veri i\u015faretleyici arac\u0131, web siteniz i\u00e7in JSON-LD yap\u0131land\u0131r\u0131lm\u0131\u015f veri i\u015faretleme olu\u015fturmay\u0131 kolayla\u015ft\u0131r\u0131r. Bu,","inLanguage":"tr","potentialAction":[{"@type":"ReadAction","target":["https:\/\/bertan.net\/tr\/yapisal-veri-isaretleyici\/"]}]},{"@type":"WebSite","@id":"https:\/\/bertan.net\/tr\/#website","url":"https:\/\/bertan.net\/tr\/","name":"Bertan","description":"","publisher":{"@id":"https:\/\/bertan.net\/tr\/#organization"},"alternateName":"Bertan","potentialAction":[{"@type":"SearchAction","target":{"@type":"EntryPoint","urlTemplate":"https:\/\/bertan.net\/tr\/?s={search_term_string}"},"query-input":{"@type":"PropertyValueSpecification","valueRequired":true,"valueName":"search_term_string"}}],"inLanguage":"tr"},{"@type":"Organization","@id":"https:\/\/bertan.net\/tr\/#organization","name":"Bertan Agency","alternateName":"Bertan","url":"https:\/\/bertan.net\/tr\/","logo":{"@type":"ImageObject","inLanguage":"tr","@id":"https:\/\/bertan.net\/tr\/#\/schema\/logo\/image\/","url":"https:\/\/bertan.net\/wp-content\/uploads\/2024\/05\/1000x1000.png","contentUrl":"https:\/\/bertan.net\/wp-content\/uploads\/2024\/05\/1000x1000.png","width":1000,"height":1000,"caption":"Bertan Agency"},"image":{"@id":"https:\/\/bertan.net\/tr\/#\/schema\/logo\/image\/"},"sameAs":["https:\/\/www.linkedin.com\/company\/netbertan\/"]}]}},"amp_enabled":false,"_links":{"self":[{"href":"https:\/\/bertan.net\/tr\/wp-json\/wp\/v2\/pages\/15048","targetHints":{"allow":["GET"]}}],"collection":[{"href":"https:\/\/bertan.net\/tr\/wp-json\/wp\/v2\/pages"}],"about":[{"href":"https:\/\/bertan.net\/tr\/wp-json\/wp\/v2\/types\/page"}],"author":[{"embeddable":true,"href":"https:\/\/bertan.net\/tr\/wp-json\/wp\/v2\/users\/1"}],"replies":[{"embeddable":true,"href":"https:\/\/bertan.net\/tr\/wp-json\/wp\/v2\/comments?post=15048"}],"version-history":[{"count":2,"href":"https:\/\/bertan.net\/tr\/wp-json\/wp\/v2\/pages\/15048\/revisions"}],"predecessor-version":[{"id":20150,"href":"https:\/\/bertan.net\/tr\/wp-json\/wp\/v2\/pages\/15048\/revisions\/20150"}],"wp:attachment":[{"href":"https:\/\/bertan.net\/tr\/wp-json\/wp\/v2\/media?parent=15048"}],"curies":[{"name":"wp","href":"https:\/\/api.w.org\/{rel}","templated":true}]}}