{"id":14973,"date":"2024-05-08T14:02:48","date_gmt":"2024-05-08T11:02:48","guid":{"rendered":"https:\/\/bertan.net\/tr\/?page_id=14973"},"modified":"2024-08-25T01:42:43","modified_gmt":"2024-08-24T22:42:43","slug":"araclar","status":"publish","type":"page","link":"https:\/\/bertan.net\/tr\/araclar\/","title":{"rendered":"Ara\u00e7lar"},"content":{"rendered":"<p>\u00dccretsiz ara\u00e7lar\u0131m\u0131z\u0131n sundu\u011fu ger\u00e7ek\u00e7i deneyim ve sonu\u00e7larla web deneyiminizi geli\u015ftirin.<\/p>\n<h2><span class=\"ez-toc-section\" id=\"Internet_Hiz_Testi\"><\/span><a href=\"https:\/\/bertan.net\/tr\/hiz\/\">\u0130nternet H\u0131z Testi<\/a><span class=\"ez-toc-section-end\"><\/span><\/h2>\n<p>H\u0131z testi arac\u0131m\u0131z ile internet ba\u011flant\u0131n\u0131z\u0131n indirme, y\u00fckleme ve gecikme s\u00fcresini an\u0131nda ve \u00fccretsiz olarak \u00f6l\u00e7\u00fcn. Tek t\u0131klamayla ba\u011flant\u0131n\u0131z\u0131n performans\u0131n\u0131 \u00f6\u011frenin ve internet sa\u011flay\u0131c\u0131n\u0131z\u0131n size vaat etti\u011fi h\u0131z\u0131 al\u0131p almad\u0131\u011f\u0131n\u0131z\u0131 kontrol edin.<\/p>\n<h2><span class=\"ez-toc-section\" id=\"Sifre_Olusturucu\"><\/span><a href=\"https:\/\/bertan.net\/tr\/sifre-olusturucu\/\">\u015eifre Olu\u015fturucu<\/a><span class=\"ez-toc-section-end\"><\/span><\/h2>\n<p>\u015eifre Olu\u015fturucu ile g\u00fcvenlik seviyenizi art\u0131r\u0131n! Bu kullan\u0131\u015fl\u0131 ara\u00e7 sayesinde g\u00fc\u00e7l\u00fc, rastgele \u015fifreler olu\u015fturun ve dijital varl\u0131klar\u0131n\u0131z\u0131 koruyun. Ki\u015fiselle\u015ftirilmi\u015f ve karma\u015f\u0131k \u015fifrelerle hesaplar\u0131n\u0131zda ekstra bir savunma katman\u0131 olu\u015fturun.<\/p>\n<h2><span class=\"ez-toc-section\" id=\"Online_HTML_Editor\"><\/span><a href=\"https:\/\/bertan.net\/tr\/html-editor\/\">Online HTML Edit\u00f6r<\/a><span class=\"ez-toc-section-end\"><\/span><\/h2>\n<p>Online HTML d\u00fczenleyicimize ho\u015f geldiniz, burada etkileyici web sayfalar\u0131 kolayca olu\u015fturabilirsiniz. Deneyimli bir geli\u015ftirici olun ya da yeni ba\u015fl\u0131yor olun, sezgisel aray\u00fcz\u00fcm\u00fcz HTML belgeleri olu\u015fturmay\u0131 ve d\u00fczenlemeyi kolayla\u015ft\u0131r\u0131r.<\/p>\n<h2><span class=\"ez-toc-section\" id=\"UTM_Olusturucu\"><\/span><a href=\"https:\/\/bertan.net\/tr\/utm-olusturucu\/\">UTM Olu\u015fturucu<\/a><span class=\"ez-toc-section-end\"><\/span><\/h2>\n<p>Analytics\u2019in UTM\u2019i tan\u0131mas\u0131 i\u00e7in, Temelde web sitesi adresi, ve kampanya kayna\u011f\u0131 gerekir. De\u011ferleri girdikten sonra tam kampanya URL\u2019i sizin i\u00e7in olu\u015fturulacakt\u0131r.<\/p>\n<h2><span class=\"ez-toc-section\" id=\"Serp_Onizleme_Araci\"><\/span><a href=\"https:\/\/bertan.net\/tr\/serp\/\">Serp \u00d6nizleme Arac\u0131<\/a><span class=\"ez-toc-section-end\"><\/span><\/h2>\n<p>Site adresi, Title ve Description girerek, sitenizin Google\u2019da nas\u0131l g\u00f6r\u00fcnece\u011fini test edebilirsiniz.<\/p>\n<h2><span class=\"ez-toc-section\" id=\"Yapisal_Veri_Isaretleyici\"><\/span><a href=\"https:\/\/bertan.net\/tr\/yapisal-veri-isaretleyici\/\">Yap\u0131sal Veri \u0130\u015faretleyici<\/a><span class=\"ez-toc-section-end\"><\/span><\/h2>\n<p>Yap\u0131sal veri i\u015faretleyici arac\u0131, web siteniz i\u00e7in JSON-LD yap\u0131land\u0131r\u0131lm\u0131\u015f veri i\u015faretleme olu\u015fturmay\u0131 kolayla\u015ft\u0131r\u0131r.<\/p>\n<h2><span class=\"ez-toc-section\" id=\"Kelime_%E2%80%93_Karakter_Sayaci\"><\/span><a href=\"https:\/\/bertan.net\/tr\/kelime-karakter-sayaci\/\">Kelime &#8211; Karakter Sayac\u0131<\/a><span class=\"ez-toc-section-end\"><\/span><\/h2>\n<p>Bu ara\u00e7 yard\u0131m\u0131yla giri\u015f yap\u0131lan metnin kelime ve karakter say\u0131s\u0131n\u0131 hesaplayabilirsiniz.<\/p>\n<h2><span class=\"ez-toc-section\" id=\"Yuzde_Hesaplama\"><\/span><a href=\"https:\/\/bertan.net\/tr\/yuzde-hesaplama\/\">Y\u00fczde Hesaplama<\/a><span class=\"ez-toc-section-end\"><\/span><\/h2>\n<p>Karma\u015f\u0131k hesaplamalar art\u0131k zorlay\u0131c\u0131 olmak zorunda de\u011fil. Y\u00fczde hesaplama arac\u0131 ile g\u00fcnl\u00fck i\u015flemlerinizi kolayla\u015ft\u0131r\u0131n!<\/p>\n","protected":false},"excerpt":{"rendered":"<p>\u00dccretsiz ara\u00e7lar\u0131m\u0131z\u0131n sundu\u011fu ger\u00e7ek\u00e7i deneyim ve sonu\u00e7larla web deneyiminizi geli\u015ftirin. \u0130nternet H\u0131z Testi H\u0131z testi arac\u0131m\u0131z ile internet ba\u011flant\u0131n\u0131z\u0131n indirme, y\u00fckleme ve gecikme s\u00fcresini an\u0131nda ve \u00fccretsiz olarak \u00f6l\u00e7\u00fcn. Tek t\u0131klamayla ba\u011flant\u0131n\u0131z\u0131n performans\u0131n\u0131 \u00f6\u011frenin ve internet sa\u011flay\u0131c\u0131n\u0131z\u0131n size vaat etti\u011fi h\u0131z\u0131 al\u0131p almad\u0131\u011f\u0131n\u0131z\u0131 kontrol edin. \u015eifre Olu\u015fturucu \u015eifre Olu\u015fturucu ile g\u00fcvenlik seviyenizi art\u0131r\u0131n! Bu kullan\u0131\u015fl\u0131<\/p>\n","protected":false},"author":1,"featured_media":20349,"parent":0,"menu_order":0,"comment_status":"closed","ping_status":"closed","template":"","meta":{"footnotes":""},"class_list":["post-14973","page","type-page","status-publish","has-post-thumbnail"],"yoast_head":"<!-- This site is optimized with the Yoast SEO plugin v27.4 - https:\/\/yoast.com\/product\/yoast-seo-wordpress\/ -->\n<title>Ara\u00e7lar | Bertan<\/title>\n<meta name=\"description\" content=\"\u00dccretsiz ara\u00e7lar\u0131m\u0131z\u0131n sundu\u011fu ger\u00e7ek\u00e7i deneyim ve sonu\u00e7larla web deneyiminizi geli\u015ftirin. \u0130nternet H\u0131z Testi H\u0131z testi arac\u0131m\u0131z ile internet\" \/>\n<meta name=\"robots\" content=\"index, follow, max-snippet:-1, max-image-preview:large, max-video-preview:-1\" \/>\n<link rel=\"canonical\" href=\"https:\/\/bertan.net\/tr\/araclar\/\" \/>\n<meta property=\"og:locale\" content=\"tr_TR\" \/>\n<meta property=\"og:type\" content=\"article\" \/>\n<meta property=\"og:title\" content=\"Ara\u00e7lar | Bertan\" \/>\n<meta property=\"og:description\" content=\"\u00dccretsiz ara\u00e7lar\u0131m\u0131z\u0131n sundu\u011fu ger\u00e7ek\u00e7i deneyim ve sonu\u00e7larla web deneyiminizi geli\u015ftirin. \u0130nternet H\u0131z Testi H\u0131z testi arac\u0131m\u0131z ile internet\" \/>\n<meta property=\"og:url\" content=\"https:\/\/bertan.net\/tr\/araclar\/\" \/>\n<meta property=\"og:site_name\" content=\"Bertan\" \/>\n<meta property=\"article:modified_time\" content=\"2024-08-24T22:42:43+00:00\" \/>\n<meta property=\"og:image\" content=\"https:\/\/bertan.net\/wp-content\/uploads\/2024\/05\/Web-Tools.jpg\" \/>\n\t<meta property=\"og:image:width\" content=\"700\" \/>\n\t<meta property=\"og:image:height\" content=\"350\" \/>\n\t<meta property=\"og:image:type\" content=\"image\/jpeg\" \/>\n<meta name=\"twitter:card\" content=\"summary_large_image\" \/>\n<meta name=\"twitter:label1\" content=\"Tahmini okuma s\u00fcresi\" \/>\n\t<meta name=\"twitter:data1\" content=\"2 dakika\" \/>\n<script type=\"application\/ld+json\" class=\"yoast-schema-graph\">{\"@context\":\"https:\\\/\\\/schema.org\",\"@graph\":[{\"@type\":\"WebPage\",\"@id\":\"https:\\\/\\\/bertan.net\\\/tr\\\/araclar\\\/\",\"url\":\"https:\\\/\\\/bertan.net\\\/tr\\\/araclar\\\/\",\"name\":\"Ara\u00e7lar | Bertan\",\"isPartOf\":{\"@id\":\"https:\\\/\\\/bertan.net\\\/tr\\\/#website\"},\"primaryImageOfPage\":{\"@id\":\"https:\\\/\\\/bertan.net\\\/tr\\\/araclar\\\/#primaryimage\"},\"image\":{\"@id\":\"https:\\\/\\\/bertan.net\\\/tr\\\/araclar\\\/#primaryimage\"},\"thumbnailUrl\":\"https:\\\/\\\/bertan.net\\\/wp-content\\\/uploads\\\/2024\\\/05\\\/Web-Tools.jpg\",\"datePublished\":\"2024-05-08T11:02:48+00:00\",\"dateModified\":\"2024-08-24T22:42:43+00:00\",\"description\":\"\u00dccretsiz ara\u00e7lar\u0131m\u0131z\u0131n sundu\u011fu ger\u00e7ek\u00e7i deneyim ve sonu\u00e7larla web deneyiminizi geli\u015ftirin. \u0130nternet H\u0131z Testi H\u0131z testi arac\u0131m\u0131z ile internet\",\"inLanguage\":\"tr\",\"potentialAction\":[{\"@type\":\"ReadAction\",\"target\":[\"https:\\\/\\\/bertan.net\\\/tr\\\/araclar\\\/\"]}]},{\"@type\":\"ImageObject\",\"inLanguage\":\"tr\",\"@id\":\"https:\\\/\\\/bertan.net\\\/tr\\\/araclar\\\/#primaryimage\",\"url\":\"https:\\\/\\\/bertan.net\\\/wp-content\\\/uploads\\\/2024\\\/05\\\/Web-Tools.jpg\",\"contentUrl\":\"https:\\\/\\\/bertan.net\\\/wp-content\\\/uploads\\\/2024\\\/05\\\/Web-Tools.jpg\",\"width\":700,\"height\":350},{\"@type\":\"WebSite\",\"@id\":\"https:\\\/\\\/bertan.net\\\/tr\\\/#website\",\"url\":\"https:\\\/\\\/bertan.net\\\/tr\\\/\",\"name\":\"Bertan\",\"description\":\"\",\"publisher\":{\"@id\":\"https:\\\/\\\/bertan.net\\\/tr\\\/#organization\"},\"alternateName\":\"Bertan\",\"potentialAction\":[{\"@type\":\"SearchAction\",\"target\":{\"@type\":\"EntryPoint\",\"urlTemplate\":\"https:\\\/\\\/bertan.net\\\/tr\\\/?s={search_term_string}\"},\"query-input\":{\"@type\":\"PropertyValueSpecification\",\"valueRequired\":true,\"valueName\":\"search_term_string\"}}],\"inLanguage\":\"tr\"},{\"@type\":\"Organization\",\"@id\":\"https:\\\/\\\/bertan.net\\\/tr\\\/#organization\",\"name\":\"Bertan Agency\",\"alternateName\":\"Bertan\",\"url\":\"https:\\\/\\\/bertan.net\\\/tr\\\/\",\"logo\":{\"@type\":\"ImageObject\",\"inLanguage\":\"tr\",\"@id\":\"https:\\\/\\\/bertan.net\\\/tr\\\/#\\\/schema\\\/logo\\\/image\\\/\",\"url\":\"https:\\\/\\\/bertan.net\\\/wp-content\\\/uploads\\\/2024\\\/05\\\/1000x1000.png\",\"contentUrl\":\"https:\\\/\\\/bertan.net\\\/wp-content\\\/uploads\\\/2024\\\/05\\\/1000x1000.png\",\"width\":1000,\"height\":1000,\"caption\":\"Bertan Agency\"},\"image\":{\"@id\":\"https:\\\/\\\/bertan.net\\\/tr\\\/#\\\/schema\\\/logo\\\/image\\\/\"},\"sameAs\":[\"https:\\\/\\\/www.linkedin.com\\\/company\\\/netbertan\\\/\"]}]}<\/script>\n<!-- \/ Yoast SEO plugin. -->","yoast_head_json":{"title":"Ara\u00e7lar | Bertan","description":"\u00dccretsiz ara\u00e7lar\u0131m\u0131z\u0131n sundu\u011fu ger\u00e7ek\u00e7i deneyim ve sonu\u00e7larla web deneyiminizi geli\u015ftirin. \u0130nternet H\u0131z Testi H\u0131z testi arac\u0131m\u0131z ile internet","robots":{"index":"index","follow":"follow","max-snippet":"max-snippet:-1","max-image-preview":"max-image-preview:large","max-video-preview":"max-video-preview:-1"},"canonical":"https:\/\/bertan.net\/tr\/araclar\/","og_locale":"tr_TR","og_type":"article","og_title":"Ara\u00e7lar | Bertan","og_description":"\u00dccretsiz ara\u00e7lar\u0131m\u0131z\u0131n sundu\u011fu ger\u00e7ek\u00e7i deneyim ve sonu\u00e7larla web deneyiminizi geli\u015ftirin. \u0130nternet H\u0131z Testi H\u0131z testi arac\u0131m\u0131z ile internet","og_url":"https:\/\/bertan.net\/tr\/araclar\/","og_site_name":"Bertan","article_modified_time":"2024-08-24T22:42:43+00:00","og_image":[{"width":700,"height":350,"url":"https:\/\/bertan.net\/wp-content\/uploads\/2024\/05\/Web-Tools.jpg","type":"image\/jpeg"}],"twitter_card":"summary_large_image","twitter_misc":{"Tahmini okuma s\u00fcresi":"2 dakika"},"schema":{"@context":"https:\/\/schema.org","@graph":[{"@type":"WebPage","@id":"https:\/\/bertan.net\/tr\/araclar\/","url":"https:\/\/bertan.net\/tr\/araclar\/","name":"Ara\u00e7lar | Bertan","isPartOf":{"@id":"https:\/\/bertan.net\/tr\/#website"},"primaryImageOfPage":{"@id":"https:\/\/bertan.net\/tr\/araclar\/#primaryimage"},"image":{"@id":"https:\/\/bertan.net\/tr\/araclar\/#primaryimage"},"thumbnailUrl":"https:\/\/bertan.net\/wp-content\/uploads\/2024\/05\/Web-Tools.jpg","datePublished":"2024-05-08T11:02:48+00:00","dateModified":"2024-08-24T22:42:43+00:00","description":"\u00dccretsiz ara\u00e7lar\u0131m\u0131z\u0131n sundu\u011fu ger\u00e7ek\u00e7i deneyim ve sonu\u00e7larla web deneyiminizi geli\u015ftirin. \u0130nternet H\u0131z Testi H\u0131z testi arac\u0131m\u0131z ile internet","inLanguage":"tr","potentialAction":[{"@type":"ReadAction","target":["https:\/\/bertan.net\/tr\/araclar\/"]}]},{"@type":"ImageObject","inLanguage":"tr","@id":"https:\/\/bertan.net\/tr\/araclar\/#primaryimage","url":"https:\/\/bertan.net\/wp-content\/uploads\/2024\/05\/Web-Tools.jpg","contentUrl":"https:\/\/bertan.net\/wp-content\/uploads\/2024\/05\/Web-Tools.jpg","width":700,"height":350},{"@type":"WebSite","@id":"https:\/\/bertan.net\/tr\/#website","url":"https:\/\/bertan.net\/tr\/","name":"Bertan","description":"","publisher":{"@id":"https:\/\/bertan.net\/tr\/#organization"},"alternateName":"Bertan","potentialAction":[{"@type":"SearchAction","target":{"@type":"EntryPoint","urlTemplate":"https:\/\/bertan.net\/tr\/?s={search_term_string}"},"query-input":{"@type":"PropertyValueSpecification","valueRequired":true,"valueName":"search_term_string"}}],"inLanguage":"tr"},{"@type":"Organization","@id":"https:\/\/bertan.net\/tr\/#organization","name":"Bertan Agency","alternateName":"Bertan","url":"https:\/\/bertan.net\/tr\/","logo":{"@type":"ImageObject","inLanguage":"tr","@id":"https:\/\/bertan.net\/tr\/#\/schema\/logo\/image\/","url":"https:\/\/bertan.net\/wp-content\/uploads\/2024\/05\/1000x1000.png","contentUrl":"https:\/\/bertan.net\/wp-content\/uploads\/2024\/05\/1000x1000.png","width":1000,"height":1000,"caption":"Bertan Agency"},"image":{"@id":"https:\/\/bertan.net\/tr\/#\/schema\/logo\/image\/"},"sameAs":["https:\/\/www.linkedin.com\/company\/netbertan\/"]}]}},"amp_enabled":true,"_links":{"self":[{"href":"https:\/\/bertan.net\/tr\/wp-json\/wp\/v2\/pages\/14973","targetHints":{"allow":["GET"]}}],"collection":[{"href":"https:\/\/bertan.net\/tr\/wp-json\/wp\/v2\/pages"}],"about":[{"href":"https:\/\/bertan.net\/tr\/wp-json\/wp\/v2\/types\/page"}],"author":[{"embeddable":true,"href":"https:\/\/bertan.net\/tr\/wp-json\/wp\/v2\/users\/1"}],"replies":[{"embeddable":true,"href":"https:\/\/bertan.net\/tr\/wp-json\/wp\/v2\/comments?post=14973"}],"version-history":[{"count":13,"href":"https:\/\/bertan.net\/tr\/wp-json\/wp\/v2\/pages\/14973\/revisions"}],"predecessor-version":[{"id":22564,"href":"https:\/\/bertan.net\/tr\/wp-json\/wp\/v2\/pages\/14973\/revisions\/22564"}],"wp:featuredmedia":[{"embeddable":true,"href":"https:\/\/bertan.net\/tr\/wp-json\/wp\/v2\/media\/20349"}],"wp:attachment":[{"href":"https:\/\/bertan.net\/tr\/wp-json\/wp\/v2\/media?parent=14973"}],"curies":[{"name":"wp","href":"https:\/\/api.w.org\/{rel}","templated":true}]}}