{"id":14934,"date":"2024-05-08T01:51:26","date_gmt":"2024-05-07T22:51:26","guid":{"rendered":"https:\/\/bertan.net\/tr\/?page_id=14934"},"modified":"2024-06-23T05:34:02","modified_gmt":"2024-06-23T02:34:02","slug":"sifre-olusturucu","status":"publish","type":"page","link":"https:\/\/bertan.net\/tr\/sifre-olusturucu\/","title":{"rendered":"\u015eifre Olu\u015fturucu"},"content":{"rendered":"<p>\u015eifre Olu\u015fturucu ile g\u00fcvenlik seviyenizi art\u0131r\u0131n! Bu kullan\u0131\u015fl\u0131 ara\u00e7 sayesinde g\u00fc\u00e7l\u00fc, rastgele \u015fifreler olu\u015fturun ve dijital varl\u0131klar\u0131n\u0131z\u0131 koruyun. Ki\u015fiselle\u015ftirilmi\u015f ve karma\u015f\u0131k \u015fifrelerle hesaplar\u0131n\u0131zda ekstra bir savunma katman\u0131 olu\u015fturun. Art\u0131k \u015fifre g\u00fcvenli\u011fi konusunda endi\u015fe etmeyin.<br \/>\n<\/p>\n","protected":false},"excerpt":{"rendered":"<p>\u015eifre Olu\u015fturucu ile g\u00fcvenlik seviyenizi art\u0131r\u0131n! Bu kullan\u0131\u015fl\u0131 ara\u00e7 sayesinde g\u00fc\u00e7l\u00fc, rastgele \u015fifreler olu\u015fturun ve dijital varl\u0131klar\u0131n\u0131z\u0131 koruyun. Ki\u015fiselle\u015ftirilmi\u015f ve karma\u015f\u0131k \u015fifrelerle hesaplar\u0131n\u0131zda ekstra bir savunma katman\u0131 olu\u015fturun. Art\u0131k \u015fifre g\u00fcvenli\u011fi konusunda endi\u015fe etmeyin.<\/p>\n","protected":false},"author":1,"featured_media":18233,"parent":0,"menu_order":0,"comment_status":"closed","ping_status":"closed","template":"","meta":{"footnotes":""},"class_list":["post-14934","page","type-page","status-publish","has-post-thumbnail"],"yoast_head":"<!-- This site is optimized with the Yoast SEO plugin v27.4 - https:\/\/yoast.com\/product\/yoast-seo-wordpress\/ -->\n<title>\u015eifre Olu\u015fturucu | Bertan<\/title>\n<meta name=\"description\" content=\"\u015eifre Olu\u015fturucu ile g\u00fcvenlik seviyenizi art\u0131r\u0131n! Bu kullan\u0131\u015fl\u0131 ara\u00e7 sayesinde g\u00fc\u00e7l\u00fc, rastgele \u015fifreler olu\u015fturun ve dijital varl\u0131klar\u0131n\u0131z\u0131 koruyun. Ki\u015fiselle\u015ftirilmi\u015f ve karma\u015f\u0131k \u015fifrelerle hesaplar\u0131n\u0131zda ekstra bir savunma katman\u0131 olu\u015fturun. Art\u0131k \u015fifre g\u00fcvenli\u011fi konusunda endi\u015fe etmeyin.\" \/>\n<meta name=\"robots\" content=\"index, follow, max-snippet:-1, max-image-preview:large, max-video-preview:-1\" \/>\n<link rel=\"canonical\" href=\"https:\/\/bertan.net\/tr\/sifre-olusturucu\/\" \/>\n<meta property=\"og:locale\" content=\"tr_TR\" \/>\n<meta property=\"og:type\" content=\"article\" \/>\n<meta property=\"og:title\" content=\"\u015eifre Olu\u015fturucu | Bertan\" \/>\n<meta property=\"og:description\" content=\"\u015eifre Olu\u015fturucu ile g\u00fcvenlik seviyenizi art\u0131r\u0131n! Bu kullan\u0131\u015fl\u0131 ara\u00e7 sayesinde g\u00fc\u00e7l\u00fc, rastgele \u015fifreler olu\u015fturun ve dijital varl\u0131klar\u0131n\u0131z\u0131 koruyun. Ki\u015fiselle\u015ftirilmi\u015f ve karma\u015f\u0131k \u015fifrelerle hesaplar\u0131n\u0131zda ekstra bir savunma katman\u0131 olu\u015fturun. Art\u0131k \u015fifre g\u00fcvenli\u011fi konusunda endi\u015fe etmeyin.\" \/>\n<meta property=\"og:url\" content=\"https:\/\/bertan.net\/tr\/sifre-olusturucu\/\" \/>\n<meta property=\"og:site_name\" content=\"Bertan\" \/>\n<meta property=\"article:modified_time\" content=\"2024-06-23T02:34:02+00:00\" \/>\n<meta property=\"og:image\" content=\"https:\/\/bertan.net\/wp-content\/uploads\/2024\/05\/3D-sari-asma-kilit-cizimi.jpg\" \/>\n\t<meta property=\"og:image:width\" content=\"1200\" \/>\n\t<meta property=\"og:image:height\" content=\"800\" \/>\n\t<meta property=\"og:image:type\" content=\"image\/jpeg\" \/>\n<meta name=\"twitter:card\" content=\"summary_large_image\" \/>\n<meta name=\"twitter:label1\" content=\"Tahmini okuma s\u00fcresi\" \/>\n\t<meta name=\"twitter:data1\" content=\"1 dakika\" \/>\n<script type=\"application\/ld+json\" class=\"yoast-schema-graph\">{\"@context\":\"https:\\\/\\\/schema.org\",\"@graph\":[{\"@type\":\"WebPage\",\"@id\":\"https:\\\/\\\/bertan.net\\\/tr\\\/sifre-olusturucu\\\/\",\"url\":\"https:\\\/\\\/bertan.net\\\/tr\\\/sifre-olusturucu\\\/\",\"name\":\"\u015eifre Olu\u015fturucu | Bertan\",\"isPartOf\":{\"@id\":\"https:\\\/\\\/bertan.net\\\/tr\\\/#website\"},\"primaryImageOfPage\":{\"@id\":\"https:\\\/\\\/bertan.net\\\/tr\\\/sifre-olusturucu\\\/#primaryimage\"},\"image\":{\"@id\":\"https:\\\/\\\/bertan.net\\\/tr\\\/sifre-olusturucu\\\/#primaryimage\"},\"thumbnailUrl\":\"https:\\\/\\\/bertan.net\\\/wp-content\\\/uploads\\\/2024\\\/05\\\/3D-sari-asma-kilit-cizimi.jpg\",\"datePublished\":\"2024-05-07T22:51:26+00:00\",\"dateModified\":\"2024-06-23T02:34:02+00:00\",\"description\":\"\u015eifre Olu\u015fturucu ile g\u00fcvenlik seviyenizi art\u0131r\u0131n! Bu kullan\u0131\u015fl\u0131 ara\u00e7 sayesinde g\u00fc\u00e7l\u00fc, rastgele \u015fifreler olu\u015fturun ve dijital varl\u0131klar\u0131n\u0131z\u0131 koruyun. Ki\u015fiselle\u015ftirilmi\u015f ve karma\u015f\u0131k \u015fifrelerle hesaplar\u0131n\u0131zda ekstra bir savunma katman\u0131 olu\u015fturun. Art\u0131k \u015fifre g\u00fcvenli\u011fi konusunda endi\u015fe etmeyin.\",\"inLanguage\":\"tr\",\"potentialAction\":[{\"@type\":\"ReadAction\",\"target\":[\"https:\\\/\\\/bertan.net\\\/tr\\\/sifre-olusturucu\\\/\"]}]},{\"@type\":\"ImageObject\",\"inLanguage\":\"tr\",\"@id\":\"https:\\\/\\\/bertan.net\\\/tr\\\/sifre-olusturucu\\\/#primaryimage\",\"url\":\"https:\\\/\\\/bertan.net\\\/wp-content\\\/uploads\\\/2024\\\/05\\\/3D-sari-asma-kilit-cizimi.jpg\",\"contentUrl\":\"https:\\\/\\\/bertan.net\\\/wp-content\\\/uploads\\\/2024\\\/05\\\/3D-sari-asma-kilit-cizimi.jpg\",\"width\":1200,\"height\":800,\"caption\":\"3D sar\u0131 asma kilit \u00e7izimi\"},{\"@type\":\"WebSite\",\"@id\":\"https:\\\/\\\/bertan.net\\\/tr\\\/#website\",\"url\":\"https:\\\/\\\/bertan.net\\\/tr\\\/\",\"name\":\"Bertan\",\"description\":\"\",\"publisher\":{\"@id\":\"https:\\\/\\\/bertan.net\\\/tr\\\/#organization\"},\"alternateName\":\"Bertan\",\"potentialAction\":[{\"@type\":\"SearchAction\",\"target\":{\"@type\":\"EntryPoint\",\"urlTemplate\":\"https:\\\/\\\/bertan.net\\\/tr\\\/?s={search_term_string}\"},\"query-input\":{\"@type\":\"PropertyValueSpecification\",\"valueRequired\":true,\"valueName\":\"search_term_string\"}}],\"inLanguage\":\"tr\"},{\"@type\":\"Organization\",\"@id\":\"https:\\\/\\\/bertan.net\\\/tr\\\/#organization\",\"name\":\"Bertan Agency\",\"alternateName\":\"Bertan\",\"url\":\"https:\\\/\\\/bertan.net\\\/tr\\\/\",\"logo\":{\"@type\":\"ImageObject\",\"inLanguage\":\"tr\",\"@id\":\"https:\\\/\\\/bertan.net\\\/tr\\\/#\\\/schema\\\/logo\\\/image\\\/\",\"url\":\"https:\\\/\\\/bertan.net\\\/wp-content\\\/uploads\\\/2024\\\/05\\\/1000x1000.png\",\"contentUrl\":\"https:\\\/\\\/bertan.net\\\/wp-content\\\/uploads\\\/2024\\\/05\\\/1000x1000.png\",\"width\":1000,\"height\":1000,\"caption\":\"Bertan Agency\"},\"image\":{\"@id\":\"https:\\\/\\\/bertan.net\\\/tr\\\/#\\\/schema\\\/logo\\\/image\\\/\"},\"sameAs\":[\"https:\\\/\\\/www.linkedin.com\\\/company\\\/netbertan\\\/\"]}]}<\/script>\n<!-- \/ Yoast SEO plugin. -->","yoast_head_json":{"title":"\u015eifre Olu\u015fturucu | Bertan","description":"\u015eifre Olu\u015fturucu ile g\u00fcvenlik seviyenizi art\u0131r\u0131n! Bu kullan\u0131\u015fl\u0131 ara\u00e7 sayesinde g\u00fc\u00e7l\u00fc, rastgele \u015fifreler olu\u015fturun ve dijital varl\u0131klar\u0131n\u0131z\u0131 koruyun. Ki\u015fiselle\u015ftirilmi\u015f ve karma\u015f\u0131k \u015fifrelerle hesaplar\u0131n\u0131zda ekstra bir savunma katman\u0131 olu\u015fturun. Art\u0131k \u015fifre g\u00fcvenli\u011fi konusunda endi\u015fe etmeyin.","robots":{"index":"index","follow":"follow","max-snippet":"max-snippet:-1","max-image-preview":"max-image-preview:large","max-video-preview":"max-video-preview:-1"},"canonical":"https:\/\/bertan.net\/tr\/sifre-olusturucu\/","og_locale":"tr_TR","og_type":"article","og_title":"\u015eifre Olu\u015fturucu | Bertan","og_description":"\u015eifre Olu\u015fturucu ile g\u00fcvenlik seviyenizi art\u0131r\u0131n! Bu kullan\u0131\u015fl\u0131 ara\u00e7 sayesinde g\u00fc\u00e7l\u00fc, rastgele \u015fifreler olu\u015fturun ve dijital varl\u0131klar\u0131n\u0131z\u0131 koruyun. Ki\u015fiselle\u015ftirilmi\u015f ve karma\u015f\u0131k \u015fifrelerle hesaplar\u0131n\u0131zda ekstra bir savunma katman\u0131 olu\u015fturun. Art\u0131k \u015fifre g\u00fcvenli\u011fi konusunda endi\u015fe etmeyin.","og_url":"https:\/\/bertan.net\/tr\/sifre-olusturucu\/","og_site_name":"Bertan","article_modified_time":"2024-06-23T02:34:02+00:00","og_image":[{"width":1200,"height":800,"url":"https:\/\/bertan.net\/wp-content\/uploads\/2024\/05\/3D-sari-asma-kilit-cizimi.jpg","type":"image\/jpeg"}],"twitter_card":"summary_large_image","twitter_misc":{"Tahmini okuma s\u00fcresi":"1 dakika"},"schema":{"@context":"https:\/\/schema.org","@graph":[{"@type":"WebPage","@id":"https:\/\/bertan.net\/tr\/sifre-olusturucu\/","url":"https:\/\/bertan.net\/tr\/sifre-olusturucu\/","name":"\u015eifre Olu\u015fturucu | Bertan","isPartOf":{"@id":"https:\/\/bertan.net\/tr\/#website"},"primaryImageOfPage":{"@id":"https:\/\/bertan.net\/tr\/sifre-olusturucu\/#primaryimage"},"image":{"@id":"https:\/\/bertan.net\/tr\/sifre-olusturucu\/#primaryimage"},"thumbnailUrl":"https:\/\/bertan.net\/wp-content\/uploads\/2024\/05\/3D-sari-asma-kilit-cizimi.jpg","datePublished":"2024-05-07T22:51:26+00:00","dateModified":"2024-06-23T02:34:02+00:00","description":"\u015eifre Olu\u015fturucu ile g\u00fcvenlik seviyenizi art\u0131r\u0131n! Bu kullan\u0131\u015fl\u0131 ara\u00e7 sayesinde g\u00fc\u00e7l\u00fc, rastgele \u015fifreler olu\u015fturun ve dijital varl\u0131klar\u0131n\u0131z\u0131 koruyun. Ki\u015fiselle\u015ftirilmi\u015f ve karma\u015f\u0131k \u015fifrelerle hesaplar\u0131n\u0131zda ekstra bir savunma katman\u0131 olu\u015fturun. Art\u0131k \u015fifre g\u00fcvenli\u011fi konusunda endi\u015fe etmeyin.","inLanguage":"tr","potentialAction":[{"@type":"ReadAction","target":["https:\/\/bertan.net\/tr\/sifre-olusturucu\/"]}]},{"@type":"ImageObject","inLanguage":"tr","@id":"https:\/\/bertan.net\/tr\/sifre-olusturucu\/#primaryimage","url":"https:\/\/bertan.net\/wp-content\/uploads\/2024\/05\/3D-sari-asma-kilit-cizimi.jpg","contentUrl":"https:\/\/bertan.net\/wp-content\/uploads\/2024\/05\/3D-sari-asma-kilit-cizimi.jpg","width":1200,"height":800,"caption":"3D sar\u0131 asma kilit \u00e7izimi"},{"@type":"WebSite","@id":"https:\/\/bertan.net\/tr\/#website","url":"https:\/\/bertan.net\/tr\/","name":"Bertan","description":"","publisher":{"@id":"https:\/\/bertan.net\/tr\/#organization"},"alternateName":"Bertan","potentialAction":[{"@type":"SearchAction","target":{"@type":"EntryPoint","urlTemplate":"https:\/\/bertan.net\/tr\/?s={search_term_string}"},"query-input":{"@type":"PropertyValueSpecification","valueRequired":true,"valueName":"search_term_string"}}],"inLanguage":"tr"},{"@type":"Organization","@id":"https:\/\/bertan.net\/tr\/#organization","name":"Bertan Agency","alternateName":"Bertan","url":"https:\/\/bertan.net\/tr\/","logo":{"@type":"ImageObject","inLanguage":"tr","@id":"https:\/\/bertan.net\/tr\/#\/schema\/logo\/image\/","url":"https:\/\/bertan.net\/wp-content\/uploads\/2024\/05\/1000x1000.png","contentUrl":"https:\/\/bertan.net\/wp-content\/uploads\/2024\/05\/1000x1000.png","width":1000,"height":1000,"caption":"Bertan Agency"},"image":{"@id":"https:\/\/bertan.net\/tr\/#\/schema\/logo\/image\/"},"sameAs":["https:\/\/www.linkedin.com\/company\/netbertan\/"]}]}},"amp_enabled":false,"_links":{"self":[{"href":"https:\/\/bertan.net\/tr\/wp-json\/wp\/v2\/pages\/14934","targetHints":{"allow":["GET"]}}],"collection":[{"href":"https:\/\/bertan.net\/tr\/wp-json\/wp\/v2\/pages"}],"about":[{"href":"https:\/\/bertan.net\/tr\/wp-json\/wp\/v2\/types\/page"}],"author":[{"embeddable":true,"href":"https:\/\/bertan.net\/tr\/wp-json\/wp\/v2\/users\/1"}],"replies":[{"embeddable":true,"href":"https:\/\/bertan.net\/tr\/wp-json\/wp\/v2\/comments?post=14934"}],"version-history":[{"count":1,"href":"https:\/\/bertan.net\/tr\/wp-json\/wp\/v2\/pages\/14934\/revisions"}],"predecessor-version":[{"id":18395,"href":"https:\/\/bertan.net\/tr\/wp-json\/wp\/v2\/pages\/14934\/revisions\/18395"}],"wp:featuredmedia":[{"embeddable":true,"href":"https:\/\/bertan.net\/tr\/wp-json\/wp\/v2\/media\/18233"}],"wp:attachment":[{"href":"https:\/\/bertan.net\/tr\/wp-json\/wp\/v2\/media?parent=14934"}],"curies":[{"name":"wp","href":"https:\/\/api.w.org\/{rel}","templated":true}]}}