{"id":13562,"date":"2024-03-16T07:30:36","date_gmt":"2024-03-16T04:30:36","guid":{"rendered":"https:\/\/bertan.net\/tr\/?page_id=13562"},"modified":"2024-07-27T06:44:15","modified_gmt":"2024-07-27T03:44:15","slug":"html-editor","status":"publish","type":"page","link":"https:\/\/bertan.net\/tr\/html-editor\/","title":{"rendered":"Online HTML Edit\u00f6r"},"content":{"rendered":"\t\t<div data-elementor-type=\"wp-page\" data-elementor-id=\"13562\" class=\"elementor elementor-13562\">\n\t\t\t\t\t\t<section class=\"elementor-section elementor-top-section elementor-element elementor-element-724bb9b6 elementor-section-boxed elementor-section-height-default elementor-section-height-default\" data-id=\"724bb9b6\" data-element_type=\"section\" data-e-type=\"section\">\n\t\t\t\t\t\t<div class=\"elementor-container elementor-column-gap-default\">\n\t\t\t\t\t<div class=\"elementor-column elementor-col-100 elementor-top-column elementor-element elementor-element-7a376ae2\" data-id=\"7a376ae2\" data-element_type=\"column\" data-e-type=\"column\">\n\t\t\t<div class=\"elementor-widget-wrap elementor-element-populated\">\n\t\t\t\t\t\t<div class=\"elementor-element elementor-element-6c7a949 elementor-widget elementor-widget-heading\" data-id=\"6c7a949\" data-element_type=\"widget\" data-e-type=\"widget\" data-widget_type=\"heading.default\">\n\t\t\t\t<div class=\"elementor-widget-container\">\n\t\t\t\t\t<h1 class=\"elementor-heading-title elementor-size-default\">Online HTML Edit\u00f6r<\/h1>\t\t\t\t<\/div>\n\t\t\t\t<\/div>\n\t\t\t\t<div class=\"elementor-element elementor-element-43c77093 post-content elementor-widget elementor-widget-text-editor\" data-id=\"43c77093\" data-element_type=\"widget\" data-e-type=\"widget\" data-widget_type=\"text-editor.default\">\n\t\t\t\t<div class=\"elementor-widget-container\">\n\t\t\t\t\t\t\t\t\t<p><br \/><br \/>HTML d\u00fczenleyici edit\u00f6r ile etkileyici web sayfalar\u0131 olu\u015fturabilirsiniz. S\u00f6zdizimi vurgulama, otomatik girintileme ve ger\u00e7ek zamanl\u0131 \u00f6nizleme gibi \u00f6zellikler sayesinde de\u011fi\u015fikliklerinizi an\u0131nda g\u00f6rebilirsiniz. Hantal masa\u00fcst\u00fc yaz\u0131l\u0131mlara veda edin ve \u00e7evrimi\u00e7i HTML d\u00fczenleyicimizle sorunsuz web geli\u015ftirme deneyimine merhaba deyin.<\/p>\t\t\t\t\t\t\t\t<\/div>\n\t\t\t\t<\/div>\n\t\t\t\t\t<\/div>\n\t\t<\/div>\n\t\t\t\t\t<\/div>\n\t\t<\/section>\n\t\t\t\t<\/div>\n\t\t","protected":false},"excerpt":{"rendered":"<p>Online HTML Edit\u00f6r HTML d\u00fczenleyici edit\u00f6r ile etkileyici web sayfalar\u0131 olu\u015fturabilirsiniz. S\u00f6zdizimi vurgulama, otomatik girintileme ve ger\u00e7ek zamanl\u0131 \u00f6nizleme gibi \u00f6zellikler sayesinde de\u011fi\u015fikliklerinizi an\u0131nda g\u00f6rebilirsiniz. Hantal masa\u00fcst\u00fc yaz\u0131l\u0131mlara veda edin ve \u00e7evrimi\u00e7i HTML d\u00fczenleyicimizle sorunsuz web geli\u015ftirme deneyimine merhaba deyin.<\/p>\n","protected":false},"author":1,"featured_media":13700,"parent":0,"menu_order":0,"comment_status":"closed","ping_status":"closed","template":"elementor_header_footer","meta":{"footnotes":""},"class_list":["post-13562","page","type-page","status-publish","has-post-thumbnail"],"yoast_head":"<!-- This site is optimized with the Yoast SEO plugin v27.3 - https:\/\/yoast.com\/product\/yoast-seo-wordpress\/ -->\n<title>Online HTML Edit\u00f6r | Bertan<\/title>\n<meta name=\"description\" content=\"HTML d\u00fczenleyici edit\u00f6r ile etkileyici web sayfalar\u0131 olu\u015fturabilirsiniz. Hantal masa\u00fcst\u00fc yaz\u0131l\u0131mlara veda edin ve \u00e7evrimi\u00e7i HTML d\u00fczenleyicimizle sorunsuz web geli\u015ftirme deneyimine merhaba deyin.\" \/>\n<meta name=\"robots\" content=\"index, follow, max-snippet:-1, max-image-preview:large, max-video-preview:-1\" \/>\n<link rel=\"canonical\" href=\"https:\/\/bertan.net\/tr\/html-editor\/\" \/>\n<meta property=\"og:locale\" content=\"tr_TR\" \/>\n<meta property=\"og:type\" content=\"article\" \/>\n<meta property=\"og:title\" content=\"Online HTML Edit\u00f6r | Bertan\" \/>\n<meta property=\"og:description\" content=\"HTML d\u00fczenleyici edit\u00f6r ile etkileyici web sayfalar\u0131 olu\u015fturabilirsiniz. Hantal masa\u00fcst\u00fc yaz\u0131l\u0131mlara veda edin ve \u00e7evrimi\u00e7i HTML d\u00fczenleyicimizle sorunsuz web geli\u015ftirme deneyimine merhaba deyin.\" \/>\n<meta property=\"og:url\" content=\"https:\/\/bertan.net\/tr\/html-editor\/\" \/>\n<meta property=\"og:site_name\" content=\"Bertan\" \/>\n<meta property=\"article:modified_time\" content=\"2024-07-27T03:44:15+00:00\" \/>\n<meta property=\"og:image\" content=\"https:\/\/bertan.net\/wp-content\/uploads\/2024\/03\/HTML.jpg\" \/>\n\t<meta property=\"og:image:width\" content=\"1200\" \/>\n\t<meta property=\"og:image:height\" content=\"800\" \/>\n\t<meta property=\"og:image:type\" content=\"image\/jpeg\" \/>\n<meta name=\"twitter:card\" content=\"summary_large_image\" \/>\n<meta name=\"twitter:label1\" content=\"Tahmini okuma s\u00fcresi\" \/>\n\t<meta name=\"twitter:data1\" content=\"1 dakika\" \/>\n<script type=\"application\/ld+json\" class=\"yoast-schema-graph\">{\"@context\":\"https:\\\/\\\/schema.org\",\"@graph\":[{\"@type\":\"WebPage\",\"@id\":\"https:\\\/\\\/bertan.net\\\/tr\\\/html-editor\\\/\",\"url\":\"https:\\\/\\\/bertan.net\\\/tr\\\/html-editor\\\/\",\"name\":\"Online HTML Edit\u00f6r | Bertan\",\"isPartOf\":{\"@id\":\"https:\\\/\\\/bertan.net\\\/tr\\\/#website\"},\"primaryImageOfPage\":{\"@id\":\"https:\\\/\\\/bertan.net\\\/tr\\\/html-editor\\\/#primaryimage\"},\"image\":{\"@id\":\"https:\\\/\\\/bertan.net\\\/tr\\\/html-editor\\\/#primaryimage\"},\"thumbnailUrl\":\"https:\\\/\\\/bertan.net\\\/wp-content\\\/uploads\\\/2024\\\/03\\\/HTML.jpg\",\"datePublished\":\"2024-03-16T04:30:36+00:00\",\"dateModified\":\"2024-07-27T03:44:15+00:00\",\"description\":\"HTML d\u00fczenleyici edit\u00f6r ile etkileyici web sayfalar\u0131 olu\u015fturabilirsiniz. Hantal masa\u00fcst\u00fc yaz\u0131l\u0131mlara veda edin ve \u00e7evrimi\u00e7i HTML d\u00fczenleyicimizle sorunsuz web geli\u015ftirme deneyimine merhaba deyin.\",\"inLanguage\":\"tr\",\"potentialAction\":[{\"@type\":\"ReadAction\",\"target\":[\"https:\\\/\\\/bertan.net\\\/tr\\\/html-editor\\\/\"]}]},{\"@type\":\"ImageObject\",\"inLanguage\":\"tr\",\"@id\":\"https:\\\/\\\/bertan.net\\\/tr\\\/html-editor\\\/#primaryimage\",\"url\":\"https:\\\/\\\/bertan.net\\\/wp-content\\\/uploads\\\/2024\\\/03\\\/HTML.jpg\",\"contentUrl\":\"https:\\\/\\\/bertan.net\\\/wp-content\\\/uploads\\\/2024\\\/03\\\/HTML.jpg\",\"width\":1200,\"height\":800,\"caption\":\"HTML Anasayfa Tasar\u0131m Konsepti\"},{\"@type\":\"WebSite\",\"@id\":\"https:\\\/\\\/bertan.net\\\/tr\\\/#website\",\"url\":\"https:\\\/\\\/bertan.net\\\/tr\\\/\",\"name\":\"Bertan\",\"description\":\"\",\"publisher\":{\"@id\":\"https:\\\/\\\/bertan.net\\\/tr\\\/#organization\"},\"alternateName\":\"Bertan\",\"potentialAction\":[{\"@type\":\"SearchAction\",\"target\":{\"@type\":\"EntryPoint\",\"urlTemplate\":\"https:\\\/\\\/bertan.net\\\/tr\\\/?s={search_term_string}\"},\"query-input\":{\"@type\":\"PropertyValueSpecification\",\"valueRequired\":true,\"valueName\":\"search_term_string\"}}],\"inLanguage\":\"tr\"},{\"@type\":\"Organization\",\"@id\":\"https:\\\/\\\/bertan.net\\\/tr\\\/#organization\",\"name\":\"Bertan Agency\",\"alternateName\":\"Bertan\",\"url\":\"https:\\\/\\\/bertan.net\\\/tr\\\/\",\"logo\":{\"@type\":\"ImageObject\",\"inLanguage\":\"tr\",\"@id\":\"https:\\\/\\\/bertan.net\\\/tr\\\/#\\\/schema\\\/logo\\\/image\\\/\",\"url\":\"https:\\\/\\\/bertan.net\\\/wp-content\\\/uploads\\\/2024\\\/05\\\/1000x1000.png\",\"contentUrl\":\"https:\\\/\\\/bertan.net\\\/wp-content\\\/uploads\\\/2024\\\/05\\\/1000x1000.png\",\"width\":1000,\"height\":1000,\"caption\":\"Bertan Agency\"},\"image\":{\"@id\":\"https:\\\/\\\/bertan.net\\\/tr\\\/#\\\/schema\\\/logo\\\/image\\\/\"},\"sameAs\":[\"https:\\\/\\\/www.linkedin.com\\\/company\\\/netbertan\\\/\"]}]}<\/script>\n<!-- \/ Yoast SEO plugin. -->","yoast_head_json":{"title":"Online HTML Edit\u00f6r | Bertan","description":"HTML d\u00fczenleyici edit\u00f6r ile etkileyici web sayfalar\u0131 olu\u015fturabilirsiniz. Hantal masa\u00fcst\u00fc yaz\u0131l\u0131mlara veda edin ve \u00e7evrimi\u00e7i HTML d\u00fczenleyicimizle sorunsuz web geli\u015ftirme deneyimine merhaba deyin.","robots":{"index":"index","follow":"follow","max-snippet":"max-snippet:-1","max-image-preview":"max-image-preview:large","max-video-preview":"max-video-preview:-1"},"canonical":"https:\/\/bertan.net\/tr\/html-editor\/","og_locale":"tr_TR","og_type":"article","og_title":"Online HTML Edit\u00f6r | Bertan","og_description":"HTML d\u00fczenleyici edit\u00f6r ile etkileyici web sayfalar\u0131 olu\u015fturabilirsiniz. Hantal masa\u00fcst\u00fc yaz\u0131l\u0131mlara veda edin ve \u00e7evrimi\u00e7i HTML d\u00fczenleyicimizle sorunsuz web geli\u015ftirme deneyimine merhaba deyin.","og_url":"https:\/\/bertan.net\/tr\/html-editor\/","og_site_name":"Bertan","article_modified_time":"2024-07-27T03:44:15+00:00","og_image":[{"width":1200,"height":800,"url":"https:\/\/bertan.net\/wp-content\/uploads\/2024\/03\/HTML.jpg","type":"image\/jpeg"}],"twitter_card":"summary_large_image","twitter_misc":{"Tahmini okuma s\u00fcresi":"1 dakika"},"schema":{"@context":"https:\/\/schema.org","@graph":[{"@type":"WebPage","@id":"https:\/\/bertan.net\/tr\/html-editor\/","url":"https:\/\/bertan.net\/tr\/html-editor\/","name":"Online HTML Edit\u00f6r | Bertan","isPartOf":{"@id":"https:\/\/bertan.net\/tr\/#website"},"primaryImageOfPage":{"@id":"https:\/\/bertan.net\/tr\/html-editor\/#primaryimage"},"image":{"@id":"https:\/\/bertan.net\/tr\/html-editor\/#primaryimage"},"thumbnailUrl":"https:\/\/bertan.net\/wp-content\/uploads\/2024\/03\/HTML.jpg","datePublished":"2024-03-16T04:30:36+00:00","dateModified":"2024-07-27T03:44:15+00:00","description":"HTML d\u00fczenleyici edit\u00f6r ile etkileyici web sayfalar\u0131 olu\u015fturabilirsiniz. Hantal masa\u00fcst\u00fc yaz\u0131l\u0131mlara veda edin ve \u00e7evrimi\u00e7i HTML d\u00fczenleyicimizle sorunsuz web geli\u015ftirme deneyimine merhaba deyin.","inLanguage":"tr","potentialAction":[{"@type":"ReadAction","target":["https:\/\/bertan.net\/tr\/html-editor\/"]}]},{"@type":"ImageObject","inLanguage":"tr","@id":"https:\/\/bertan.net\/tr\/html-editor\/#primaryimage","url":"https:\/\/bertan.net\/wp-content\/uploads\/2024\/03\/HTML.jpg","contentUrl":"https:\/\/bertan.net\/wp-content\/uploads\/2024\/03\/HTML.jpg","width":1200,"height":800,"caption":"HTML Anasayfa Tasar\u0131m Konsepti"},{"@type":"WebSite","@id":"https:\/\/bertan.net\/tr\/#website","url":"https:\/\/bertan.net\/tr\/","name":"Bertan","description":"","publisher":{"@id":"https:\/\/bertan.net\/tr\/#organization"},"alternateName":"Bertan","potentialAction":[{"@type":"SearchAction","target":{"@type":"EntryPoint","urlTemplate":"https:\/\/bertan.net\/tr\/?s={search_term_string}"},"query-input":{"@type":"PropertyValueSpecification","valueRequired":true,"valueName":"search_term_string"}}],"inLanguage":"tr"},{"@type":"Organization","@id":"https:\/\/bertan.net\/tr\/#organization","name":"Bertan Agency","alternateName":"Bertan","url":"https:\/\/bertan.net\/tr\/","logo":{"@type":"ImageObject","inLanguage":"tr","@id":"https:\/\/bertan.net\/tr\/#\/schema\/logo\/image\/","url":"https:\/\/bertan.net\/wp-content\/uploads\/2024\/05\/1000x1000.png","contentUrl":"https:\/\/bertan.net\/wp-content\/uploads\/2024\/05\/1000x1000.png","width":1000,"height":1000,"caption":"Bertan Agency"},"image":{"@id":"https:\/\/bertan.net\/tr\/#\/schema\/logo\/image\/"},"sameAs":["https:\/\/www.linkedin.com\/company\/netbertan\/"]}]}},"amp_enabled":false,"_links":{"self":[{"href":"https:\/\/bertan.net\/tr\/wp-json\/wp\/v2\/pages\/13562","targetHints":{"allow":["GET"]}}],"collection":[{"href":"https:\/\/bertan.net\/tr\/wp-json\/wp\/v2\/pages"}],"about":[{"href":"https:\/\/bertan.net\/tr\/wp-json\/wp\/v2\/types\/page"}],"author":[{"embeddable":true,"href":"https:\/\/bertan.net\/tr\/wp-json\/wp\/v2\/users\/1"}],"replies":[{"embeddable":true,"href":"https:\/\/bertan.net\/tr\/wp-json\/wp\/v2\/comments?post=13562"}],"version-history":[{"count":30,"href":"https:\/\/bertan.net\/tr\/wp-json\/wp\/v2\/pages\/13562\/revisions"}],"predecessor-version":[{"id":20792,"href":"https:\/\/bertan.net\/tr\/wp-json\/wp\/v2\/pages\/13562\/revisions\/20792"}],"wp:featuredmedia":[{"embeddable":true,"href":"https:\/\/bertan.net\/tr\/wp-json\/wp\/v2\/media\/13700"}],"wp:attachment":[{"href":"https:\/\/bertan.net\/tr\/wp-json\/wp\/v2\/media?parent=13562"}],"curies":[{"name":"wp","href":"https:\/\/api.w.org\/{rel}","templated":true}]}}