{"id":12728,"date":"2024-01-18T14:37:38","date_gmt":"2024-01-18T11:37:38","guid":{"rendered":"https:\/\/bertan.net\/tr\/?p=12728"},"modified":"2025-10-16T14:44:32","modified_gmt":"2025-10-16T11:44:32","slug":"gaziantep-seo","status":"publish","type":"page","link":"https:\/\/bertan.net\/tr\/gaziantep-seo\/","title":{"rendered":"Gaziantep SEO Ajans\u0131"},"content":{"rendered":"\t\t<div data-elementor-type=\"wp-post\" data-elementor-id=\"12728\" class=\"elementor elementor-12728\">\n\t\t\t\t\t\t<section class=\"has-el-gap el-gap-default elementor-section elementor-top-section elementor-element elementor-element-83ff6c1 elementor-section-boxed elementor-section-height-default elementor-section-height-default\" data-id=\"83ff6c1\" data-element_type=\"section\" data-e-type=\"section\">\n\t\t\t\t\t\t<div class=\"elementor-container elementor-column-gap-no\">\n\t\t\t\t\t<div class=\"elementor-column elementor-col-100 elementor-top-column elementor-element elementor-element-792d76c\" data-id=\"792d76c\" data-element_type=\"column\" data-e-type=\"column\">\n\t\t\t<div class=\"elementor-widget-wrap elementor-element-populated\">\n\t\t\t\t\t\t<div class=\"elementor-element elementor-element-e7e0672 elementor-widget elementor-widget-spacer\" data-id=\"e7e0672\" data-element_type=\"widget\" data-e-type=\"widget\" data-widget_type=\"spacer.default\">\n\t\t\t\t<div class=\"elementor-widget-container\">\n\t\t\t\t\t\t\t<div class=\"elementor-spacer\">\n\t\t\t<div class=\"elementor-spacer-inner\"><\/div>\n\t\t<\/div>\n\t\t\t\t\t\t<\/div>\n\t\t\t\t<\/div>\n\t\t\t\t<div class=\"elementor-element elementor-element-edc7f7c elementor-widget elementor-widget-heading\" data-id=\"edc7f7c\" data-element_type=\"widget\" data-e-type=\"widget\" data-widget_type=\"heading.default\">\n\t\t\t\t<div class=\"elementor-widget-container\">\n\t\t\t\t\t<h1 class=\"elementor-heading-title elementor-size-default\"><span class=\"ez-toc-section\" id=\"Gaziantep_SEO_Ajansi\"><\/span>Gaziantep SEO Ajans\u0131<span class=\"ez-toc-section-end\"><\/span><\/h1>\t\t\t\t<\/div>\n\t\t\t\t<\/div>\n\t\t\t\t\t<\/div>\n\t\t<\/div>\n\t\t\t\t\t<\/div>\n\t\t<\/section>\n\t\t\t\t<section class=\"has-el-gap el-gap-default elementor-section elementor-top-section elementor-element elementor-element-7b56a25 elementor-section-boxed elementor-section-height-default elementor-section-height-default\" data-id=\"7b56a25\" data-element_type=\"section\" data-e-type=\"section\">\n\t\t\t\t\t\t<div class=\"elementor-container elementor-column-gap-no\">\n\t\t\t\t\t<div class=\"elementor-column elementor-col-50 elementor-top-column elementor-element elementor-element-04fb12b\" data-id=\"04fb12b\" data-element_type=\"column\" data-e-type=\"column\">\n\t\t\t<div class=\"elementor-widget-wrap elementor-element-populated\">\n\t\t\t\t\t\t<div class=\"elementor-element elementor-element-a229295 elementor-widget elementor-widget-spacer\" data-id=\"a229295\" data-element_type=\"widget\" data-e-type=\"widget\" data-widget_type=\"spacer.default\">\n\t\t\t\t<div class=\"elementor-widget-container\">\n\t\t\t\t\t\t\t<div class=\"elementor-spacer\">\n\t\t\t<div class=\"elementor-spacer-inner\"><\/div>\n\t\t<\/div>\n\t\t\t\t\t\t<\/div>\n\t\t\t\t<\/div>\n\t\t\t\t<div class=\"elementor-element elementor-element-7c85a36 post-content elementor-widget elementor-widget-text-editor\" data-id=\"7c85a36\" data-element_type=\"widget\" data-e-type=\"widget\" data-widget_type=\"text-editor.default\">\n\t\t\t\t<div class=\"elementor-widget-container\">\n\t\t\t\t\t\t\t\t\t<p>Gaziantep SEO Ajans\u0131 olarak, Gaziantep\u2019teki firmalar\u0131n arama motorlar\u0131nda daha \u00fcst s\u0131ralarda yer almas\u0131na yard\u0131mc\u0131 oluyoruz. Uzman ekibimizle, web sitenizin arama motoru optimizasyonunu (SEO) sa\u011flayarak daha fazla potansiyel m\u00fc\u015fteriye ula\u015fman\u0131z\u0131 ve i\u015fletmenizi b\u00fcy\u00fctmenizi sa\u011fl\u0131yoruz. \u0130\u015fletmenizi \u00f6ne \u00e7\u0131karmak ve arama motorlar\u0131nda daha \u00fcst s\u0131ralarda yer almak i\u00e7in SEO hizmeti alman\u0131z \u00f6nemlidir. Deneyimli bir SEO ajans\u0131 ile \u00e7al\u0131\u015farak, web sitenizin arama motoru optimizasyonunu sa\u011flayabilir ve daha fazla potansiyel m\u00fc\u015fteriye ula\u015fabilirsiniz.<\/p>\t\t\t\t\t\t\t\t<\/div>\n\t\t\t\t<\/div>\n\t\t\t\t\t<\/div>\n\t\t<\/div>\n\t\t\t\t<div class=\"elementor-column elementor-col-50 elementor-top-column elementor-element elementor-element-691f79b\" data-id=\"691f79b\" data-element_type=\"column\" data-e-type=\"column\">\n\t\t\t<div class=\"elementor-widget-wrap elementor-element-populated\">\n\t\t\t\t\t\t<div class=\"elementor-element elementor-element-eeb80c7 elementor-widget elementor-widget-image\" data-id=\"eeb80c7\" data-element_type=\"widget\" data-e-type=\"widget\" data-widget_type=\"image.default\">\n\t\t\t\t<div class=\"elementor-widget-container\">\n\t\t\t\t\t\t\t\t\t\t\t\t\t\t\t<img fetchpriority=\"high\" decoding=\"async\" class=\"attachment-bunyad-medium size-bunyad-medium wp-image-17717 lazyload\" width=\"450\" height=\"300\" src=\"data:image\/svg+xml;base64,PHN2ZyB2aWV3Qm94PScwIDAgNDUwIDMwMCcgeG1sbnM9J2h0dHA6Ly93d3cudzMub3JnLzIwMDAvc3ZnJz48L3N2Zz4=\" alt=\"Gaziantep Merkezli SEO Ajans\u0131\" srcset=\"https:\/\/bertan.net\/wp-content\/uploads\/2024\/01\/Gaziantep-SEO-Ajansi-450x300.jpg 450w, https:\/\/bertan.net\/wp-content\/uploads\/2024\/01\/Gaziantep-SEO-Ajansi-300x200.jpg 300w, https:\/\/bertan.net\/wp-content\/uploads\/2024\/01\/Gaziantep-SEO-Ajansi-1024x683.jpg 1024w, https:\/\/bertan.net\/wp-content\/uploads\/2024\/01\/Gaziantep-SEO-Ajansi-768x512.jpg 768w, https:\/\/bertan.net\/wp-content\/uploads\/2024\/01\/Gaziantep-SEO-Ajansi-150x100.jpg 150w, https:\/\/bertan.net\/wp-content\/uploads\/2024\/01\/Gaziantep-SEO-Ajansi.jpg 1200w\" sizes=\"(max-width: 450px) 100vw, 450px\" data-src=\"https:\/\/bertan.net\/wp-content\/uploads\/2024\/01\/Gaziantep-SEO-Ajansi-450x300.jpg\" \/>\t\t\t\t\t\t\t\t\t\t\t\t\t\t\t<\/div>\n\t\t\t\t<\/div>\n\t\t\t\t\t<\/div>\n\t\t<\/div>\n\t\t\t\t\t<\/div>\n\t\t<\/section>\n\t\t\t\t<section class=\"has-el-gap el-gap-default elementor-section elementor-top-section elementor-element elementor-element-5bea2f9 elementor-section-boxed elementor-section-height-default elementor-section-height-default\" data-id=\"5bea2f9\" data-element_type=\"section\" data-e-type=\"section\">\n\t\t\t\t\t\t<div class=\"elementor-container elementor-column-gap-no\">\n\t\t\t\t\t<div class=\"elementor-column elementor-col-100 elementor-top-column elementor-element elementor-element-7eb6c96\" data-id=\"7eb6c96\" data-element_type=\"column\" data-e-type=\"column\">\n\t\t\t<div class=\"elementor-widget-wrap elementor-element-populated\">\n\t\t\t\t\t\t<div class=\"elementor-element elementor-element-2ef9842 post-content elementor-widget elementor-widget-text-editor\" data-id=\"2ef9842\" data-element_type=\"widget\" data-e-type=\"widget\" data-widget_type=\"text-editor.default\">\n\t\t\t\t<div class=\"elementor-widget-container\">\n\t\t\t\t\t\t\t\t\t<h2><span class=\"ez-toc-section\" id=\"Hizmetlerimiz\"><\/span>Hizmetlerimiz<span class=\"ez-toc-section-end\"><\/span><\/h2><p><strong>Ulusal ve Ulusararas\u0131 SEO:\u00a0<\/strong>Ulusal SEO, i\u015fletmelerin yerel pazarlarda online g\u00f6r\u00fcn\u00fcrl\u00fc\u011f\u00fcn\u00fc art\u0131rmak i\u00e7in, uluslararas\u0131 SEO ise k\u00fcresel d\u00fczeyde hedef kitlelere ula\u015fmak i\u00e7in uygulanan stratejileri ifade eder.<\/p><p><strong>Yerel SEO Stratejileri:<\/strong>\u00a0Gaziantep\u2019e \u00f6zg\u00fc bir \u015fehir olarak, yerel hedef kitlenize daha etkili bir \u015fekilde ula\u015fmak i\u00e7in \u00f6zel yerel SEO stratejileri geli\u015ftiriyoruz. \u015eehrin k\u00fclt\u00fcrel miras\u0131n\u0131 ve benzersiz \u00f6zelliklerini vurgulayarak, online g\u00f6r\u00fcn\u00fcrl\u00fc\u011f\u00fcn\u00fcz\u00fc art\u0131r\u0131yoruz.<\/p><p><strong>Anahtar Kelime Analizi ve Optimizasyon:<\/strong>\u00a0\u0130\u015fletmenizin hedef kitlesiyle do\u011frudan ileti\u015fim kurabilmek ad\u0131na detayl\u0131 anahtar kelime analizleri yap\u0131yor ve web sitenizi bu anahtar kelimelerle optimize ederek arama motorlar\u0131nda daha \u00fcst s\u0131ralara \u00e7\u0131kman\u0131za yard\u0131mc\u0131 oluyoruz.<\/p><p><strong>Teknik SEO Uygulamalar\u0131:<\/strong>\u00a0Web sitenizin teknik altyap\u0131s\u0131n\u0131 g\u00f6zden ge\u00e7iriyor ve gerekti\u011finde d\u00fczenlemeler yap\u0131yoruz. B\u00f6ylece arama motorlar\u0131 taraf\u0131ndan daha iyi anla\u015f\u0131l\u0131r ve indekslenirsiniz.<\/p><p><strong>\u0130\u00e7erik Stratejileri:<\/strong>\u00a0Gaziantep\u2019in benzersiz k\u00fclt\u00fcr\u00fcne uygun i\u00e7erikler \u00fcreterek, ziyaret\u00e7ilerin ilgisini \u00e7ekiyor ve sayfan\u0131z\u0131n de\u011ferini art\u0131r\u0131yoruz. Bu sayede kullan\u0131c\u0131lar\u0131n\u0131z daha uzun s\u00fcre sitede kal\u0131yor ve d\u00f6n\u00fc\u015f\u00fcm olas\u0131l\u0131\u011f\u0131n\u0131z art\u0131yor.<\/p><p><a href=\"https:\/\/web.archive.org\/web\/20240308033930\/https:\/\/bertan.net\/tr\/lazy-loading\/seo-6\/\" rel=\"attachment wp-att-8186\" data-cke-saved-href=\"https:\/\/web.archive.org\/web\/20240308033930\/https:\/\/bertan.net\/tr\/lazy-loading\/seo-6\/\"><img decoding=\"async\" src=\"https:\/\/web.archive.org\/web\/20240308033930im_\/https:\/\/bertan.net\/tr\/wp-content\/uploads\/2023\/08\/SEO.jpg\" alt=\"SEO\" data-cke-saved-src=\"https:\/\/web.archive.org\/web\/20240308033930im_\/https:\/\/bertan.net\/tr\/wp-content\/uploads\/2023\/08\/SEO.jpg\" \/><\/a><\/p><h2><span class=\"ez-toc-section\" id=\"Neden_Biz\"><\/span>Neden Biz?<span class=\"ez-toc-section-end\"><\/span><\/h2><p><strong>Yerel Ajans:<\/strong>\u00a0S\u00fcrekli muhattap bulabilece\u011finiz, yerel bir SEO \u015firketi ile \u00e7al\u0131\u015fman\u0131n rahatl\u0131\u011f\u0131n\u0131 ya\u015fay\u0131n. B\u0131rak\u0131n sizi i\u015f yerinizde biz ziyaret edelim!<\/p><p><strong>Deneyimli Ekibimiz:<\/strong>\u00a0Sekt\u00f6rdeki deneyimimizle, dijital d\u00fcnyada \u00f6nemli bir varl\u0131k elde etmeniz i\u00e7in gereken bilgi birikimine sahibiz.<\/p><p><strong>\u015eeffafl\u0131k ve \u0130leti\u015fim:<\/strong>\u00a0\u0130\u015f birli\u011fimiz boyunca \u015feffaf bir ileti\u015fim politikas\u0131 izliyoruz. Sizi s\u00fcrecin her a\u015famas\u0131nda bilgilendiriyor ve g\u00f6r\u00fc\u015flerinizi \u00f6nemsiyoruz.<\/p><p><strong>G\u00fcncel Teknoloji ve Trendler:<\/strong>\u00a0Dijital d\u00fcnyadaki h\u0131zla de\u011fi\u015fen trendleri ve teknolojik geli\u015fmeleri yak\u0131ndan takip ediyor, stratejilerimizi s\u00fcrekli g\u00fcncelliyoruz.<\/p><p><strong>Telefon:<\/strong>\u00a0<a href=\"tel:05323920843\" data-cke-saved-href=\"tel:05323920843\">0532 392 08 43<\/a><\/p><p><strong>Adres:<\/strong>\u00a0Yama\u00e7tepe, 27000 \u015eahinbey\/Gaziantep, T\u00fcrkiye<\/p><p><img decoding=\"async\" src=\"https:\/\/bertan.net\/wp-content\/uploads\/2023\/08\/SEO-Banner-1024x683.jpg\" \/><\/p>\t\t\t\t\t\t\t\t<\/div>\n\t\t\t\t<\/div>\n\t\t\t\t\t<\/div>\n\t\t<\/div>\n\t\t\t\t\t<\/div>\n\t\t<\/section>\n\t\t\t\t<\/div>\n\t\t","protected":false},"excerpt":{"rendered":"<p>Gaziantep SEO Ajans\u0131 Gaziantep SEO Ajans\u0131 olarak, Gaziantep\u2019teki firmalar\u0131n arama motorlar\u0131nda daha \u00fcst s\u0131ralarda yer almas\u0131na yard\u0131mc\u0131 oluyoruz. Uzman ekibimizle, web sitenizin arama motoru optimizasyonunu (SEO) sa\u011flayarak daha fazla potansiyel m\u00fc\u015fteriye ula\u015fman\u0131z\u0131 ve i\u015fletmenizi b\u00fcy\u00fctmenizi sa\u011fl\u0131yoruz. \u0130\u015fletmenizi \u00f6ne \u00e7\u0131karmak ve arama motorlar\u0131nda daha \u00fcst s\u0131ralarda yer almak i\u00e7in SEO hizmeti alman\u0131z \u00f6nemlidir. Deneyimli bir SEO<\/p>\n","protected":false},"author":1,"featured_media":22062,"parent":0,"menu_order":0,"comment_status":"closed","ping_status":"open","template":"elementor_header_footer","meta":{"footnotes":""},"class_list":["post-12728","page","type-page","status-publish","has-post-thumbnail"],"yoast_head":"<!-- This site is optimized with the Yoast SEO plugin v27.1.1 - https:\/\/yoast.com\/product\/yoast-seo-wordpress\/ -->\n<title>Gaziantep SEO Ajans\u0131 | Bertan<\/title>\n<meta name=\"description\" content=\"Gaziantep SEO Ajans\u0131 olarak, Gaziantep&#039;teki firmalar\u0131n arama motorlar\u0131nda daha \u00fcst s\u0131ralarda yer almas\u0131na yard\u0131mc\u0131 oluyoruz.\" \/>\n<meta name=\"robots\" content=\"index, follow, max-snippet:-1, max-image-preview:large, max-video-preview:-1\" \/>\n<link rel=\"canonical\" href=\"https:\/\/bertan.net\/tr\/gaziantep-seo\/\" \/>\n<meta property=\"og:locale\" content=\"tr_TR\" \/>\n<meta property=\"og:type\" content=\"article\" \/>\n<meta property=\"og:title\" content=\"Gaziantep SEO Ajans\u0131 | Bertan\" \/>\n<meta property=\"og:description\" content=\"Gaziantep SEO Ajans\u0131 olarak, Gaziantep&#039;teki firmalar\u0131n arama motorlar\u0131nda daha \u00fcst s\u0131ralarda yer almas\u0131na yard\u0131mc\u0131 oluyoruz.\" \/>\n<meta property=\"og:url\" content=\"https:\/\/bertan.net\/tr\/gaziantep-seo\/\" \/>\n<meta property=\"og:site_name\" content=\"Bertan\" \/>\n<meta property=\"article:modified_time\" content=\"2025-10-16T11:44:32+00:00\" \/>\n<meta property=\"og:image\" content=\"https:\/\/bertan.net\/wp-content\/uploads\/2024\/01\/Gaziantep-SEO.jpg\" \/>\n\t<meta property=\"og:image:width\" content=\"1182\" \/>\n\t<meta property=\"og:image:height\" content=\"773\" \/>\n\t<meta property=\"og:image:type\" content=\"image\/jpeg\" \/>\n<meta name=\"twitter:card\" content=\"summary_large_image\" \/>\n<meta name=\"twitter:label1\" content=\"Tahmini okuma s\u00fcresi\" \/>\n\t<meta name=\"twitter:data1\" content=\"3 dakika\" \/>\n<script type=\"application\/ld+json\" class=\"yoast-schema-graph\">{\"@context\":\"https:\/\/schema.org\",\"@graph\":[{\"@type\":\"WebPage\",\"@id\":\"https:\/\/bertan.net\/tr\/gaziantep-seo\/\",\"url\":\"https:\/\/bertan.net\/tr\/gaziantep-seo\/\",\"name\":\"Gaziantep SEO Ajans\u0131 | Bertan\",\"isPartOf\":{\"@id\":\"https:\/\/bertan.net\/tr\/#website\"},\"primaryImageOfPage\":{\"@id\":\"https:\/\/bertan.net\/tr\/gaziantep-seo\/#primaryimage\"},\"image\":{\"@id\":\"https:\/\/bertan.net\/tr\/gaziantep-seo\/#primaryimage\"},\"thumbnailUrl\":\"https:\/\/bertan.net\/wp-content\/uploads\/2024\/01\/Gaziantep-SEO.jpg\",\"datePublished\":\"2024-01-18T11:37:38+00:00\",\"dateModified\":\"2025-10-16T11:44:32+00:00\",\"description\":\"Gaziantep SEO Ajans\u0131 olarak, Gaziantep'teki firmalar\u0131n arama motorlar\u0131nda daha \u00fcst s\u0131ralarda yer almas\u0131na yard\u0131mc\u0131 oluyoruz.\",\"inLanguage\":\"tr\",\"potentialAction\":[{\"@type\":\"ReadAction\",\"target\":[\"https:\/\/bertan.net\/tr\/gaziantep-seo\/\"]}]},{\"@type\":\"ImageObject\",\"inLanguage\":\"tr\",\"@id\":\"https:\/\/bertan.net\/tr\/gaziantep-seo\/#primaryimage\",\"url\":\"https:\/\/bertan.net\/wp-content\/uploads\/2024\/01\/Gaziantep-SEO.jpg\",\"contentUrl\":\"https:\/\/bertan.net\/wp-content\/uploads\/2024\/01\/Gaziantep-SEO.jpg\",\"width\":1182,\"height\":773,\"caption\":\"Gaziantep SEO\"},{\"@type\":\"WebSite\",\"@id\":\"https:\/\/bertan.net\/tr\/#website\",\"url\":\"https:\/\/bertan.net\/tr\/\",\"name\":\"Bertan\",\"description\":\"\",\"publisher\":{\"@id\":\"https:\/\/bertan.net\/tr\/#organization\"},\"alternateName\":\"Bertan\",\"potentialAction\":[{\"@type\":\"SearchAction\",\"target\":{\"@type\":\"EntryPoint\",\"urlTemplate\":\"https:\/\/bertan.net\/tr\/?s={search_term_string}\"},\"query-input\":{\"@type\":\"PropertyValueSpecification\",\"valueRequired\":true,\"valueName\":\"search_term_string\"}}],\"inLanguage\":\"tr\"},{\"@type\":\"Organization\",\"@id\":\"https:\/\/bertan.net\/tr\/#organization\",\"name\":\"Bertan Agency\",\"alternateName\":\"Bertan\",\"url\":\"https:\/\/bertan.net\/tr\/\",\"logo\":{\"@type\":\"ImageObject\",\"inLanguage\":\"tr\",\"@id\":\"https:\/\/bertan.net\/tr\/#\/schema\/logo\/image\/\",\"url\":\"https:\/\/bertan.net\/wp-content\/uploads\/2024\/05\/1000x1000.png\",\"contentUrl\":\"https:\/\/bertan.net\/wp-content\/uploads\/2024\/05\/1000x1000.png\",\"width\":1000,\"height\":1000,\"caption\":\"Bertan Agency\"},\"image\":{\"@id\":\"https:\/\/bertan.net\/tr\/#\/schema\/logo\/image\/\"},\"sameAs\":[\"https:\/\/www.linkedin.com\/company\/netbertan\/\"]}]}<\/script>\n<!-- \/ Yoast SEO plugin. -->","yoast_head_json":{"title":"Gaziantep SEO Ajans\u0131 | Bertan","description":"Gaziantep SEO Ajans\u0131 olarak, Gaziantep'teki firmalar\u0131n arama motorlar\u0131nda daha \u00fcst s\u0131ralarda yer almas\u0131na yard\u0131mc\u0131 oluyoruz.","robots":{"index":"index","follow":"follow","max-snippet":"max-snippet:-1","max-image-preview":"max-image-preview:large","max-video-preview":"max-video-preview:-1"},"canonical":"https:\/\/bertan.net\/tr\/gaziantep-seo\/","og_locale":"tr_TR","og_type":"article","og_title":"Gaziantep SEO Ajans\u0131 | Bertan","og_description":"Gaziantep SEO Ajans\u0131 olarak, Gaziantep'teki firmalar\u0131n arama motorlar\u0131nda daha \u00fcst s\u0131ralarda yer almas\u0131na yard\u0131mc\u0131 oluyoruz.","og_url":"https:\/\/bertan.net\/tr\/gaziantep-seo\/","og_site_name":"Bertan","article_modified_time":"2025-10-16T11:44:32+00:00","og_image":[{"width":1182,"height":773,"url":"https:\/\/bertan.net\/wp-content\/uploads\/2024\/01\/Gaziantep-SEO.jpg","type":"image\/jpeg"}],"twitter_card":"summary_large_image","twitter_misc":{"Tahmini okuma s\u00fcresi":"3 dakika"},"schema":{"@context":"https:\/\/schema.org","@graph":[{"@type":"WebPage","@id":"https:\/\/bertan.net\/tr\/gaziantep-seo\/","url":"https:\/\/bertan.net\/tr\/gaziantep-seo\/","name":"Gaziantep SEO Ajans\u0131 | Bertan","isPartOf":{"@id":"https:\/\/bertan.net\/tr\/#website"},"primaryImageOfPage":{"@id":"https:\/\/bertan.net\/tr\/gaziantep-seo\/#primaryimage"},"image":{"@id":"https:\/\/bertan.net\/tr\/gaziantep-seo\/#primaryimage"},"thumbnailUrl":"https:\/\/bertan.net\/wp-content\/uploads\/2024\/01\/Gaziantep-SEO.jpg","datePublished":"2024-01-18T11:37:38+00:00","dateModified":"2025-10-16T11:44:32+00:00","description":"Gaziantep SEO Ajans\u0131 olarak, Gaziantep'teki firmalar\u0131n arama motorlar\u0131nda daha \u00fcst s\u0131ralarda yer almas\u0131na yard\u0131mc\u0131 oluyoruz.","inLanguage":"tr","potentialAction":[{"@type":"ReadAction","target":["https:\/\/bertan.net\/tr\/gaziantep-seo\/"]}]},{"@type":"ImageObject","inLanguage":"tr","@id":"https:\/\/bertan.net\/tr\/gaziantep-seo\/#primaryimage","url":"https:\/\/bertan.net\/wp-content\/uploads\/2024\/01\/Gaziantep-SEO.jpg","contentUrl":"https:\/\/bertan.net\/wp-content\/uploads\/2024\/01\/Gaziantep-SEO.jpg","width":1182,"height":773,"caption":"Gaziantep SEO"},{"@type":"WebSite","@id":"https:\/\/bertan.net\/tr\/#website","url":"https:\/\/bertan.net\/tr\/","name":"Bertan","description":"","publisher":{"@id":"https:\/\/bertan.net\/tr\/#organization"},"alternateName":"Bertan","potentialAction":[{"@type":"SearchAction","target":{"@type":"EntryPoint","urlTemplate":"https:\/\/bertan.net\/tr\/?s={search_term_string}"},"query-input":{"@type":"PropertyValueSpecification","valueRequired":true,"valueName":"search_term_string"}}],"inLanguage":"tr"},{"@type":"Organization","@id":"https:\/\/bertan.net\/tr\/#organization","name":"Bertan Agency","alternateName":"Bertan","url":"https:\/\/bertan.net\/tr\/","logo":{"@type":"ImageObject","inLanguage":"tr","@id":"https:\/\/bertan.net\/tr\/#\/schema\/logo\/image\/","url":"https:\/\/bertan.net\/wp-content\/uploads\/2024\/05\/1000x1000.png","contentUrl":"https:\/\/bertan.net\/wp-content\/uploads\/2024\/05\/1000x1000.png","width":1000,"height":1000,"caption":"Bertan Agency"},"image":{"@id":"https:\/\/bertan.net\/tr\/#\/schema\/logo\/image\/"},"sameAs":["https:\/\/www.linkedin.com\/company\/netbertan\/"]}]}},"amp_enabled":true,"_links":{"self":[{"href":"https:\/\/bertan.net\/tr\/wp-json\/wp\/v2\/pages\/12728","targetHints":{"allow":["GET"]}}],"collection":[{"href":"https:\/\/bertan.net\/tr\/wp-json\/wp\/v2\/pages"}],"about":[{"href":"https:\/\/bertan.net\/tr\/wp-json\/wp\/v2\/types\/page"}],"author":[{"embeddable":true,"href":"https:\/\/bertan.net\/tr\/wp-json\/wp\/v2\/users\/1"}],"replies":[{"embeddable":true,"href":"https:\/\/bertan.net\/tr\/wp-json\/wp\/v2\/comments?post=12728"}],"version-history":[{"count":140,"href":"https:\/\/bertan.net\/tr\/wp-json\/wp\/v2\/pages\/12728\/revisions"}],"predecessor-version":[{"id":24329,"href":"https:\/\/bertan.net\/tr\/wp-json\/wp\/v2\/pages\/12728\/revisions\/24329"}],"wp:featuredmedia":[{"embeddable":true,"href":"https:\/\/bertan.net\/tr\/wp-json\/wp\/v2\/media\/22062"}],"wp:attachment":[{"href":"https:\/\/bertan.net\/tr\/wp-json\/wp\/v2\/media?parent=12728"}],"curies":[{"name":"wp","href":"https:\/\/api.w.org\/{rel}","templated":true}]}}