{"id":10884,"date":"2023-10-08T16:55:58","date_gmt":"2023-10-08T13:55:58","guid":{"rendered":"https:\/\/bertan.net\/wordpress\/index.php\/hakkimizda\/"},"modified":"2026-02-19T02:02:59","modified_gmt":"2026-02-18T23:02:59","slug":"anasayfa","status":"publish","type":"page","link":"https:\/\/bertan.net\/tr\/","title":{"rendered":"Dijital Pazarlama Ajans\u0131"},"content":{"rendered":"\t\t<div data-elementor-type=\"wp-page\" data-elementor-id=\"10884\" class=\"elementor elementor-10884 elementor-8695\">\n\t\t\t\t\t\t<section class=\"has-el-gap el-gap-default elementor-section elementor-top-section elementor-element elementor-element-314aadc2 elementor-section-content-middle elementor-section-boxed elementor-section-height-default elementor-section-height-default elementor-invisible\" data-id=\"314aadc2\" data-element_type=\"section\" data-e-type=\"section\" data-settings=\"{&quot;animation&quot;:&quot;fadeInDown&quot;}\">\n\t\t\t\t\t\t<div class=\"elementor-container elementor-column-gap-no\">\n\t\t\t\t\t<div class=\"elementor-column elementor-col-50 elementor-top-column elementor-element elementor-element-43ab0307\" data-id=\"43ab0307\" data-element_type=\"column\" data-e-type=\"column\">\n\t\t\t<div class=\"elementor-widget-wrap elementor-element-populated\">\n\t\t\t\t\t\t<div class=\"elementor-element elementor-element-ca3b168 elementor-widget elementor-widget-image\" data-id=\"ca3b168\" data-element_type=\"widget\" data-e-type=\"widget\" data-widget_type=\"image.default\">\n\t\t\t\t<div class=\"elementor-widget-container\">\n\t\t\t\t\t\t\t\t\t\t\t\t\t\t\t<img fetchpriority=\"high\" decoding=\"async\" class=\"attachment-full size-full wp-image-22478 lazyload\" width=\"1080\" height=\"608\" src=\"data:image\/svg+xml;base64,PHN2ZyB2aWV3Qm94PScwIDAgMTA4MCA2MDgnIHhtbG5zPSdodHRwOi8vd3d3LnczLm9yZy8yMDAwL3N2Zyc+PC9zdmc+\" alt=\"Bertan - Logo On The Wall\" srcset=\"https:\/\/bertan.net\/wp-content\/uploads\/2024\/08\/Bertan-Logo-On-The-Wall.jpg 1080w, https:\/\/bertan.net\/wp-content\/uploads\/2024\/08\/Bertan-Logo-On-The-Wall-300x169.jpg 300w, https:\/\/bertan.net\/wp-content\/uploads\/2024\/08\/Bertan-Logo-On-The-Wall-1024x576.jpg 1024w, https:\/\/bertan.net\/wp-content\/uploads\/2024\/08\/Bertan-Logo-On-The-Wall-768x432.jpg 768w, https:\/\/bertan.net\/wp-content\/uploads\/2024\/08\/Bertan-Logo-On-The-Wall-150x84.jpg 150w, https:\/\/bertan.net\/wp-content\/uploads\/2024\/08\/Bertan-Logo-On-The-Wall-450x253.jpg 450w\" sizes=\"(max-width: 1080px) 100vw, 1080px\" data-src=\"https:\/\/bertan.net\/wp-content\/uploads\/2024\/08\/Bertan-Logo-On-The-Wall.jpg\" \/>\t\t\t\t\t\t\t\t\t\t\t\t\t\t\t<\/div>\n\t\t\t\t<\/div>\n\t\t\t\t\t<\/div>\n\t\t<\/div>\n\t\t\t\t<div class=\"elementor-column elementor-col-50 elementor-top-column elementor-element elementor-element-386a539b\" data-id=\"386a539b\" data-element_type=\"column\" data-e-type=\"column\">\n\t\t\t<div class=\"elementor-widget-wrap elementor-element-populated\">\n\t\t\t\t\t\t<div class=\"elementor-element elementor-element-34601d28 elementor-widget elementor-widget-heading\" data-id=\"34601d28\" data-element_type=\"widget\" data-e-type=\"widget\" data-widget_type=\"heading.default\">\n\t\t\t\t<div class=\"elementor-widget-container\">\n\t\t\t\t\t<h1 class=\"elementor-heading-title elementor-size-default\"><span class=\"ez-toc-section\" id=\"Buyuyen_markalar_icin_dijital_pazarlama_hizmetleri\"><\/span>B\u00fcy\u00fcyen markalar i\u00e7in dijital pazarlama hizmetleri.<span class=\"ez-toc-section-end\"><\/span><\/h1>\t\t\t\t<\/div>\n\t\t\t\t<\/div>\n\t\t\t\t<div class=\"elementor-element elementor-element-5c79a5c8 post-content elementor-widget elementor-widget-text-editor\" data-id=\"5c79a5c8\" data-element_type=\"widget\" data-e-type=\"widget\" data-widget_type=\"text-editor.default\">\n\t\t\t\t<div class=\"elementor-widget-container\">\n\t\t\t\t\t\t\t\t\t<p><strong>Bertan<\/strong>\u00a0ba\u015fta <a href=\"https:\/\/bertan.net\/tr\/seo\/\">arama motoru optimizasyonu<\/a> alan\u0131nda uzmanla\u015fm\u0131\u015f olmak \u00fczere, <a href=\"https:\/\/bertan.net\/tr\/google-reklam\/\">arama motoru reklamc\u0131l\u0131\u011f\u0131<\/a> hizmeti veren, optimize <a href=\"https:\/\/bertan.net\/tr\/web-tasarim\/\">web siteleri<\/a> olu\u015fturan bir dijital pazarlama \u015firketidir. Google&#8217;\u0131n y\u00f6nergelerine uyumlu web siteleriyle, kolay taranabilir ve bulunabilir web siteleri olu\u015fturuyoruz. Google uyumlu bir web sitesi elde etti\u011fimizde ise, organik (SEO) s\u0131ralama art\u0131\u015f\u0131, Google reklamc\u0131l\u0131\u011f\u0131nda ise kalite puan\u0131 art\u0131\u015f\u0131 g\u00f6r\u00fclmektedir. Bu sayede rakiplerden daha uygun fiyatlara reklam verilebilmektedir.<\/p>\t\t\t\t\t\t\t\t<\/div>\n\t\t\t\t<\/div>\n\t\t\t\t\t<\/div>\n\t\t<\/div>\n\t\t\t\t\t<\/div>\n\t\t<\/section>\n\t\t\t\t<section class=\"has-el-gap el-gap-default elementor-section elementor-top-section elementor-element elementor-element-22d3db9 elementor-section-content-middle elementor-section-boxed elementor-section-height-default elementor-section-height-default\" data-id=\"22d3db9\" data-element_type=\"section\" data-e-type=\"section\">\n\t\t\t\t\t\t<div class=\"elementor-container elementor-column-gap-no\">\n\t\t\t\t\t<div class=\"elementor-column elementor-col-100 elementor-top-column elementor-element elementor-element-f8cc70b\" data-id=\"f8cc70b\" data-element_type=\"column\" data-e-type=\"column\">\n\t\t\t<div class=\"elementor-widget-wrap elementor-element-populated\">\n\t\t\t\t\t\t<div class=\"elementor-element elementor-element-5b7da10 elementor-widget elementor-widget-heading\" data-id=\"5b7da10\" data-element_type=\"widget\" data-e-type=\"widget\" data-widget_type=\"heading.default\">\n\t\t\t\t<div class=\"elementor-widget-container\">\n\t\t\t\t\t<h2 class=\"elementor-heading-title elementor-size-default\"><span class=\"ez-toc-section\" id=\"Hizmetlerimiz\"><\/span>Hizmetlerimiz<span class=\"ez-toc-section-end\"><\/span><\/h2>\t\t\t\t<\/div>\n\t\t\t\t<\/div>\n\t\t\t\t<section class=\"elementor-section elementor-inner-section elementor-element elementor-element-7d69e9b elementor-section-content-middle elementor-section-boxed elementor-section-height-default elementor-section-height-default\" data-id=\"7d69e9b\" data-element_type=\"section\" data-e-type=\"section\">\n\t\t\t\t\t\t<div class=\"elementor-container elementor-column-gap-no\">\n\t\t\t\t\t<div class=\"elementor-column elementor-col-33 elementor-inner-column elementor-element elementor-element-45f842c\" data-id=\"45f842c\" data-element_type=\"column\" data-e-type=\"column\">\n\t\t\t<div class=\"elementor-widget-wrap elementor-element-populated\">\n\t\t\t\t\t\t<div class=\"elementor-element elementor-element-af3d872 elementor-position-top elementor-widget elementor-widget-image-box\" data-id=\"af3d872\" data-element_type=\"widget\" data-e-type=\"widget\" data-widget_type=\"image-box.default\">\n\t\t\t\t<div class=\"elementor-widget-container\">\n\t\t\t\t\t<div class=\"elementor-image-box-wrapper\"><figure class=\"elementor-image-box-img\"><a href=\"https:\/\/bertan.net\/tr\/seo-ajansi\/\" tabindex=\"-1\"><img decoding=\"async\" width=\"256\" height=\"256\" src=\"image\/svg+xml;base64,PHN2ZyB2aWV3Qm94PScwIDAgMSAxJyB4bWxucz0naHR0cDovL3d3dy53My5vcmcvMjAwMC9zdmcnPjwvc3ZnPg==\" class=\"elementor-animation-grow attachment-full size-full wp-image-22701 lazyload\" alt=\"\" data-srcset=\"https:\/\/bertan.net\/wp-content\/uploads\/2024\/08\/SEO-Icon-1.png 256w, https:\/\/bertan.net\/wp-content\/uploads\/2024\/08\/SEO-Icon-1-150x150.png 150w, https:\/\/bertan.net\/wp-content\/uploads\/2024\/08\/SEO-Icon-1-120x120.png 120w\" data-src=\"https:\/\/bertan.net\/wp-content\/uploads\/2024\/08\/SEO-Icon-1.png\" \/><\/a><\/figure><div class=\"elementor-image-box-content\"><h2 class=\"elementor-image-box-title\"><span class=\"ez-toc-section\" id=\"Arama_Motoru_Optimizasyonu\"><\/span><a href=\"https:\/\/bertan.net\/tr\/seo-ajansi\/\">Arama Motoru Optimizasyonu<\/a><span class=\"ez-toc-section-end\"><\/span><\/h2><p class=\"elementor-image-box-description\">Arama motoru optimizasyonu konusunda uzman ekibimiz sitenizi Google uyumlu hale getiriyor.<\/p><\/div><\/div>\t\t\t\t<\/div>\n\t\t\t\t<\/div>\n\t\t\t\t\t<\/div>\n\t\t<\/div>\n\t\t\t\t<div class=\"elementor-column elementor-col-33 elementor-inner-column elementor-element elementor-element-4ab0814\" data-id=\"4ab0814\" data-element_type=\"column\" data-e-type=\"column\">\n\t\t\t<div class=\"elementor-widget-wrap elementor-element-populated\">\n\t\t\t\t\t\t<div class=\"elementor-element elementor-element-2e2a0b9 elementor-position-top elementor-widget elementor-widget-image-box\" data-id=\"2e2a0b9\" data-element_type=\"widget\" data-e-type=\"widget\" data-widget_type=\"image-box.default\">\n\t\t\t\t<div class=\"elementor-widget-container\">\n\t\t\t\t\t<div class=\"elementor-image-box-wrapper\"><figure class=\"elementor-image-box-img\"><a href=\"https:\/\/bertan.net\/tr\/google-reklam\/\" tabindex=\"-1\"><img decoding=\"async\" width=\"150\" height=\"150\" src=\"image\/svg+xml;base64,PHN2ZyB2aWV3Qm94PScwIDAgMSAxJyB4bWxucz0naHR0cDovL3d3dy53My5vcmcvMjAwMC9zdmcnPjwvc3ZnPg==\" class=\"elementor-animation-grow attachment-full size-full wp-image-24434 lazyload\" alt=\"Google Ads Icon\" data-srcset=\"https:\/\/bertan.net\/wp-content\/uploads\/2026\/02\/Google-Ads-Icon.png 150w, https:\/\/bertan.net\/wp-content\/uploads\/2026\/02\/Google-Ads-Icon-120x120.png 120w\" data-src=\"https:\/\/bertan.net\/wp-content\/uploads\/2026\/02\/Google-Ads-Icon.png\" \/><\/a><\/figure><div class=\"elementor-image-box-content\"><h3 class=\"elementor-image-box-title\"><span class=\"ez-toc-section\" id=\"Google_Reklam_Verme\"><\/span><a href=\"https:\/\/bertan.net\/tr\/google-reklam\/\">Google Reklam Verme<\/a><span class=\"ez-toc-section-end\"><\/span><\/h3><p class=\"elementor-image-box-description\">Google'da h\u0131zl\u0131ca ilk s\u0131rada yerinizi al\u0131n. Arama motoru reklamc\u0131l\u0131k hizmetimizle sat\u0131\u015f hedeflerinize ula\u015f\u0131n.<\/p><\/div><\/div>\t\t\t\t<\/div>\n\t\t\t\t<\/div>\n\t\t\t\t\t<\/div>\n\t\t<\/div>\n\t\t\t\t<div class=\"elementor-column elementor-col-33 elementor-inner-column elementor-element elementor-element-ddd6537\" data-id=\"ddd6537\" data-element_type=\"column\" data-e-type=\"column\">\n\t\t\t<div class=\"elementor-widget-wrap elementor-element-populated\">\n\t\t\t\t\t\t<div class=\"elementor-element elementor-element-a34974a elementor-position-top elementor-widget elementor-widget-image-box\" data-id=\"a34974a\" data-element_type=\"widget\" data-e-type=\"widget\" data-widget_type=\"image-box.default\">\n\t\t\t\t<div class=\"elementor-widget-container\">\n\t\t\t\t\t<div class=\"elementor-image-box-wrapper\"><figure class=\"elementor-image-box-img\"><a href=\"https:\/\/bertan.net\/tr\/web-tasarim\/\" tabindex=\"-1\"><img loading=\"lazy\" decoding=\"async\" width=\"256\" height=\"256\" src=\"image\/svg+xml;base64,PHN2ZyB2aWV3Qm94PScwIDAgMSAxJyB4bWxucz0naHR0cDovL3d3dy53My5vcmcvMjAwMC9zdmcnPjwvc3ZnPg==\" class=\"elementor-animation-grow attachment-full size-full wp-image-22118 lazyload\" alt=\"\" data-srcset=\"https:\/\/bertan.net\/wp-content\/uploads\/2024\/08\/Web-Tasarim-Icon-1.png 256w, https:\/\/bertan.net\/wp-content\/uploads\/2024\/08\/Web-Tasarim-Icon-1-150x150.png 150w, https:\/\/bertan.net\/wp-content\/uploads\/2024\/08\/Web-Tasarim-Icon-1-120x120.png 120w\" data-src=\"https:\/\/bertan.net\/wp-content\/uploads\/2024\/08\/Web-Tasarim-Icon-1.png\" \/><\/a><\/figure><div class=\"elementor-image-box-content\"><h3 class=\"elementor-image-box-title\"><span class=\"ez-toc-section\" id=\"Web_Tasarim\"><\/span><a href=\"https:\/\/bertan.net\/tr\/web-tasarim\/\">Web Tasar\u0131m<\/a><span class=\"ez-toc-section-end\"><\/span><\/h3><p class=\"elementor-image-box-description\">Y\u00fcksek teknoloji ve kullan\u0131c\u0131 deneyimine sahip web siteleri olu\u015fturuyoruz. Kullan\u0131m\u0131 kolay ve bulunabilir web siteleri yapt\u0131r\u0131n.<\/p><\/div><\/div>\t\t\t\t<\/div>\n\t\t\t\t<\/div>\n\t\t\t\t\t<\/div>\n\t\t<\/div>\n\t\t\t\t\t<\/div>\n\t\t<\/section>\n\t\t\t\t\t<\/div>\n\t\t<\/div>\n\t\t\t\t\t<\/div>\n\t\t<\/section>\n\t\t\t\t<section class=\"has-el-gap el-gap-default elementor-section elementor-top-section elementor-element elementor-element-0d6a7bb elementor-section-boxed elementor-section-height-default elementor-section-height-default\" data-id=\"0d6a7bb\" data-element_type=\"section\" data-e-type=\"section\">\n\t\t\t\t\t\t<div class=\"elementor-container elementor-column-gap-no\">\n\t\t\t\t\t<div class=\"elementor-column elementor-col-100 elementor-top-column elementor-element elementor-element-59bdaa6\" data-id=\"59bdaa6\" data-element_type=\"column\" data-e-type=\"column\">\n\t\t\t<div class=\"elementor-widget-wrap elementor-element-populated\">\n\t\t\t\t\t\t<div class=\"elementor-element elementor-element-bd3ac9d post-content elementor-widget elementor-widget-text-editor\" data-id=\"bd3ac9d\" data-element_type=\"widget\" data-e-type=\"widget\" data-widget_type=\"text-editor.default\">\n\t\t\t\t<div class=\"elementor-widget-container\">\n\t\t\t\t\t\t\t\t\t<h2><span class=\"ez-toc-section\" id=\"Dijital_Pazarlama_Ajansimizla_Isinizi_Buyutun\"><\/span>Dijital Pazarlama Ajans\u0131m\u0131zla \u0130\u015finizi B\u00fcy\u00fct\u00fcn<span class=\"ez-toc-section-end\"><\/span><\/h2><p>Markan\u0131z\u0131 internet ortam\u0131nda b\u00fcy\u00fctmek mi istiyorsunuz? Size \u00f6zel haz\u0131rlad\u0131\u011f\u0131m\u0131z dijital pazarlama \u00e7\u00f6z\u00fcmleriyle do\u011fru kitleye ula\u015f\u0131yor, i\u015finizi ileriye ta\u015f\u0131yoruz. Hangi reklamdan ne kadar geri d\u00f6n\u00fc\u015f al\u0131yorsunuz, hepsini \u00f6l\u00e7erek size raporluyoruz. Hedefimiz, sizin daha \u00e7ok m\u00fc\u015fteriye ula\u015fman\u0131z ve kazanc\u0131n\u0131z\u0131 art\u0131rman\u0131z.<\/p><p>G\u00fcn\u00fcm\u00fczde her \u015fey dijitale ta\u015f\u0131nd\u0131. Art\u0131k insanlar bir \u00fcr\u00fcn ya da hizmete ihtiya\u00e7 duydu\u011funda \u00f6nce internetten ara\u015ft\u0131r\u0131yor. Bu y\u00fczden i\u015fletmeler de dijital d\u00fcnyada var olmak zorunda. Biz de size bu d\u00f6n\u00fc\u015f\u00fcmde rehberlik ediyor, i\u015fletmenizi internet ortam\u0131nda daha g\u00f6r\u00fcn\u00fcr hale getiriyoruz.<\/p><hr \/><h2><span class=\"ez-toc-section\" id=\"Internette_Daha_Fazla_Gorunur_Olun\"><\/span>\u0130nternette Daha Fazla G\u00f6r\u00fcn\u00fcr Olun<span class=\"ez-toc-section-end\"><\/span><\/h2><p>M\u00fc\u015fteri al\u0131\u015fkanl\u0131klar\u0131 tamamen de\u011fi\u015fti. Art\u0131k herkes arad\u0131\u011f\u0131 hizmeti Google\u2019da ar\u0131yor. E\u011fer dijitalde yoksan\u0131z, potansiyel m\u00fc\u015fterilerinizi rakiplerinize kapt\u0131r\u0131yorsunuz. Dijital pazarlama sayesinde i\u015fletmenizi \u00f6n plana \u00e7\u0131kar\u0131yor, daha \u00e7ok ki\u015fiye ula\u015fman\u0131z\u0131 sa\u011fl\u0131yoruz.<\/p><p>Ekibimiz bu alanda deneyimli ve tamamen sonu\u00e7 odakl\u0131 \u00e7al\u0131\u015f\u0131yor. Size \u00f6zel bir yol haritas\u0131 \u00e7\u0131kar\u0131yor, t\u00fcm dijital i\u015fleri sizin ad\u0131n\u0131za biz y\u00f6netiyoruz. Art\u0131k d\u0131\u015far\u0131dan destek alman\u0131za gerek kalm\u0131yor.<\/p><hr \/><h2><span class=\"ez-toc-section\" id=\"Neler_Yapiyoruz\"><\/span>Neler Yap\u0131yoruz?<span class=\"ez-toc-section-end\"><\/span><\/h2><p>Size sundu\u011fumuz baz\u0131 hizmetler:<\/p><ul><li><p><strong>Dijital Analiz<\/strong><br \/>Web sitenize kimler geliyor, hangi reklam i\u015fe yar\u0131yor? T\u00fcm verileri takip ediyor ve size rapor sunuyoruz.<\/p><\/li><li><p><a href=\"https:\/\/bertan.net\/tr\/seo\/\"><strong>Arama Motoru Optimizasyonu (SEO)<\/strong><\/a><br \/>\u0130\u015fletmenizin arama sonu\u00e7lar\u0131nda \u00fcst s\u0131ralarda \u00e7\u0131kmas\u0131 i\u00e7in gerekli \u00e7al\u0131\u015fmalar\u0131 yap\u0131yoruz. Yerel ya da global fark etmez, sizi \u00f6ne \u00e7\u0131kar\u0131yoruz.<\/p><\/li><li><p><a href=\"https:\/\/bertan.net\/tr\/icerik-pazarlamasi-hizmeti\/\"><strong>\u0130\u00e7erik \u00dcretimi<\/strong><\/a><br \/>Sosyal medya, blog ya da web siteniz i\u00e7in dikkat \u00e7ekici i\u00e7erikler haz\u0131rl\u0131yoruz. B\u00f6ylece daha fazla ilgi \u00e7ekiyorsunuz.<\/p><\/li><li><p><strong>Dijital PR (Online Tan\u0131t\u0131m)<\/strong><br \/>Markan\u0131z\u0131n dijitalde g\u00fcvenilir ve profesyonel bir imaj kazanmas\u0131n\u0131 sa\u011fl\u0131yoruz.<\/p><\/li><li><p><strong>Reklam Y\u00f6netimi<\/strong><br \/><a href=\"https:\/\/bertan.net\/tr\/google-reklam\/\">Google<\/a>, <a href=\"https:\/\/bertan.net\/tr\/instagram-reklam\/\">Instagram<\/a>, Facebook gibi platformlarda reklamlar\u0131n\u0131z\u0131 y\u00f6netiyoruz. Harcad\u0131\u011f\u0131n\u0131z b\u00fct\u00e7eyi bo\u015fa g\u00f6t\u00fcrm\u00fcyor, en verimli \u015fekilde kullan\u0131yoruz.<\/p><\/li><\/ul><hr \/><p>\u0130\u015fletmenizi dijitalde b\u00fcy\u00fctmek istiyorsan\u0131z, birlikte \u00e7al\u0131\u015fal\u0131m.<br \/><a href=\"https:\/\/bertan.net\/tr\/iletisim\/\">Bize ula\u015f\u0131n<\/a>, sizin i\u00e7in en uygun dijital \u00e7\u00f6z\u00fcmleri birlikte planlayal\u0131m.<\/p>\t\t\t\t\t\t\t\t<\/div>\n\t\t\t\t<\/div>\n\t\t\t\t\t<\/div>\n\t\t<\/div>\n\t\t\t\t\t<\/div>\n\t\t<\/section>\n\t\t\t\t<\/div>\n\t\t","protected":false},"excerpt":{"rendered":"<p>B\u00fcy\u00fcyen markalar i\u00e7in dijital pazarlama hizmetleri. Bertan\u00a0ba\u015fta arama motoru optimizasyonu alan\u0131nda uzmanla\u015fm\u0131\u015f olmak \u00fczere, arama motoru reklamc\u0131l\u0131\u011f\u0131 hizmeti veren, optimize web siteleri olu\u015fturan bir dijital pazarlama \u015firketidir. Google&#8217;\u0131n y\u00f6nergelerine uyumlu web siteleriyle, kolay taranabilir ve bulunabilir web siteleri olu\u015fturuyoruz. Google uyumlu bir web sitesi elde etti\u011fimizde ise, organik (SEO) s\u0131ralama art\u0131\u015f\u0131, Google reklamc\u0131l\u0131\u011f\u0131nda ise kalite<\/p>\n","protected":false},"author":1,"featured_media":19330,"parent":0,"menu_order":0,"comment_status":"closed","ping_status":"closed","template":"elementor_header_footer","meta":{"footnotes":""},"class_list":["post-10884","page","type-page","status-publish","has-post-thumbnail"],"yoast_head":"<!-- This site is optimized with the Yoast SEO plugin v27.3 - https:\/\/yoast.com\/product\/yoast-seo-wordpress\/ -->\n<title>Bertan: Dijital Pazarlama Ajans\u0131<\/title>\n<meta name=\"description\" content=\"Arama motoru optimizasyonunda uzmanla\u015fm\u0131\u015f geli\u015fmi\u015f bir dijital pazarlama ajans\u0131d\u0131r. \u00d6zenle haz\u0131rlanm\u0131\u015f web sitelerimiz Google&#039;\u0131n kat\u0131 y\u00f6nergelerine uyarak optimum g\u00f6r\u00fcn\u00fcrl\u00fck ve organik arama s\u0131ralamalar\u0131 sa\u011flar.\" \/>\n<meta name=\"robots\" content=\"index, follow, max-snippet:-1, max-image-preview:large, max-video-preview:-1\" \/>\n<link rel=\"canonical\" href=\"https:\/\/bertan.net\/\" \/>\n<meta property=\"og:locale\" content=\"tr_TR\" \/>\n<meta property=\"og:type\" content=\"article\" \/>\n<meta property=\"og:title\" content=\"Bertan: Dijital Pazarlama Ajans\u0131\" \/>\n<meta property=\"og:description\" content=\"Arama motoru optimizasyonunda uzmanla\u015fm\u0131\u015f geli\u015fmi\u015f bir dijital pazarlama ajans\u0131d\u0131r. \u00d6zenle haz\u0131rlanm\u0131\u015f web sitelerimiz Google&#039;\u0131n kat\u0131 y\u00f6nergelerine uyarak optimum g\u00f6r\u00fcn\u00fcrl\u00fck ve organik arama s\u0131ralamalar\u0131 sa\u011flar.\" \/>\n<meta property=\"og:url\" content=\"https:\/\/bertan.net\/\" \/>\n<meta property=\"og:site_name\" content=\"Bertan\" \/>\n<meta property=\"article:modified_time\" content=\"2026-02-18T23:02:59+00:00\" \/>\n<meta property=\"og:image\" content=\"https:\/\/bertan.net\/wp-content\/uploads\/2024\/01\/Icon-1000px.png\" \/>\n\t<meta property=\"og:image:width\" content=\"1000\" \/>\n\t<meta property=\"og:image:height\" content=\"1000\" \/>\n\t<meta property=\"og:image:type\" content=\"image\/png\" \/>\n<meta name=\"twitter:card\" content=\"summary_large_image\" \/>\n<meta name=\"twitter:label1\" content=\"Tahmini okuma s\u00fcresi\" \/>\n\t<meta name=\"twitter:data1\" content=\"4 dakika\" \/>\n<script type=\"application\/ld+json\" class=\"yoast-schema-graph\">{\"@context\":\"https:\\\/\\\/schema.org\",\"@graph\":[{\"@type\":\"WebPage\",\"@id\":\"https:\\\/\\\/bertan.net\\\/\",\"url\":\"https:\\\/\\\/bertan.net\\\/\",\"name\":\"Bertan: Dijital Pazarlama Ajans\u0131\",\"isPartOf\":{\"@id\":\"https:\\\/\\\/bertan.net\\\/tr\\\/#website\"},\"primaryImageOfPage\":{\"@id\":\"https:\\\/\\\/bertan.net\\\/#primaryimage\"},\"image\":{\"@id\":\"https:\\\/\\\/bertan.net\\\/#primaryimage\"},\"thumbnailUrl\":\"https:\\\/\\\/bertan.net\\\/wp-content\\\/uploads\\\/2024\\\/01\\\/Icon-1000px.png\",\"datePublished\":\"2023-10-08T13:55:58+00:00\",\"dateModified\":\"2026-02-18T23:02:59+00:00\",\"description\":\"Arama motoru optimizasyonunda uzmanla\u015fm\u0131\u015f geli\u015fmi\u015f bir dijital pazarlama ajans\u0131d\u0131r. \u00d6zenle haz\u0131rlanm\u0131\u015f web sitelerimiz Google'\u0131n kat\u0131 y\u00f6nergelerine uyarak optimum g\u00f6r\u00fcn\u00fcrl\u00fck ve organik arama s\u0131ralamalar\u0131 sa\u011flar.\",\"inLanguage\":\"tr\",\"potentialAction\":[{\"@type\":\"ReadAction\",\"target\":[\"https:\\\/\\\/bertan.net\\\/\"]}]},{\"@type\":\"ImageObject\",\"inLanguage\":\"tr\",\"@id\":\"https:\\\/\\\/bertan.net\\\/#primaryimage\",\"url\":\"https:\\\/\\\/bertan.net\\\/wp-content\\\/uploads\\\/2024\\\/01\\\/Icon-1000px.png\",\"contentUrl\":\"https:\\\/\\\/bertan.net\\\/wp-content\\\/uploads\\\/2024\\\/01\\\/Icon-1000px.png\",\"width\":1000,\"height\":1000},{\"@type\":\"WebSite\",\"@id\":\"https:\\\/\\\/bertan.net\\\/tr\\\/#website\",\"url\":\"https:\\\/\\\/bertan.net\\\/tr\\\/\",\"name\":\"Bertan\",\"description\":\"\",\"publisher\":{\"@id\":\"https:\\\/\\\/bertan.net\\\/tr\\\/#organization\"},\"alternateName\":\"Bertan\",\"potentialAction\":[{\"@type\":\"SearchAction\",\"target\":{\"@type\":\"EntryPoint\",\"urlTemplate\":\"https:\\\/\\\/bertan.net\\\/tr\\\/?s={search_term_string}\"},\"query-input\":{\"@type\":\"PropertyValueSpecification\",\"valueRequired\":true,\"valueName\":\"search_term_string\"}}],\"inLanguage\":\"tr\"},{\"@type\":\"Organization\",\"@id\":\"https:\\\/\\\/bertan.net\\\/tr\\\/#organization\",\"name\":\"Bertan Agency\",\"alternateName\":\"Bertan\",\"url\":\"https:\\\/\\\/bertan.net\\\/tr\\\/\",\"logo\":{\"@type\":\"ImageObject\",\"inLanguage\":\"tr\",\"@id\":\"https:\\\/\\\/bertan.net\\\/tr\\\/#\\\/schema\\\/logo\\\/image\\\/\",\"url\":\"https:\\\/\\\/bertan.net\\\/wp-content\\\/uploads\\\/2024\\\/05\\\/1000x1000.png\",\"contentUrl\":\"https:\\\/\\\/bertan.net\\\/wp-content\\\/uploads\\\/2024\\\/05\\\/1000x1000.png\",\"width\":1000,\"height\":1000,\"caption\":\"Bertan Agency\"},\"image\":{\"@id\":\"https:\\\/\\\/bertan.net\\\/tr\\\/#\\\/schema\\\/logo\\\/image\\\/\"},\"sameAs\":[\"https:\\\/\\\/www.linkedin.com\\\/company\\\/netbertan\\\/\"]}]}<\/script>\n<!-- \/ Yoast SEO plugin. -->","yoast_head_json":{"title":"Bertan: Dijital Pazarlama Ajans\u0131","description":"Arama motoru optimizasyonunda uzmanla\u015fm\u0131\u015f geli\u015fmi\u015f bir dijital pazarlama ajans\u0131d\u0131r. \u00d6zenle haz\u0131rlanm\u0131\u015f web sitelerimiz Google'\u0131n kat\u0131 y\u00f6nergelerine uyarak optimum g\u00f6r\u00fcn\u00fcrl\u00fck ve organik arama s\u0131ralamalar\u0131 sa\u011flar.","robots":{"index":"index","follow":"follow","max-snippet":"max-snippet:-1","max-image-preview":"max-image-preview:large","max-video-preview":"max-video-preview:-1"},"canonical":"https:\/\/bertan.net\/","og_locale":"tr_TR","og_type":"article","og_title":"Bertan: Dijital Pazarlama Ajans\u0131","og_description":"Arama motoru optimizasyonunda uzmanla\u015fm\u0131\u015f geli\u015fmi\u015f bir dijital pazarlama ajans\u0131d\u0131r. \u00d6zenle haz\u0131rlanm\u0131\u015f web sitelerimiz Google'\u0131n kat\u0131 y\u00f6nergelerine uyarak optimum g\u00f6r\u00fcn\u00fcrl\u00fck ve organik arama s\u0131ralamalar\u0131 sa\u011flar.","og_url":"https:\/\/bertan.net\/","og_site_name":"Bertan","article_modified_time":"2026-02-18T23:02:59+00:00","og_image":[{"width":1000,"height":1000,"url":"https:\/\/bertan.net\/wp-content\/uploads\/2024\/01\/Icon-1000px.png","type":"image\/png"}],"twitter_card":"summary_large_image","twitter_misc":{"Tahmini okuma s\u00fcresi":"4 dakika"},"schema":{"@context":"https:\/\/schema.org","@graph":[{"@type":"WebPage","@id":"https:\/\/bertan.net\/","url":"https:\/\/bertan.net\/","name":"Bertan: Dijital Pazarlama Ajans\u0131","isPartOf":{"@id":"https:\/\/bertan.net\/tr\/#website"},"primaryImageOfPage":{"@id":"https:\/\/bertan.net\/#primaryimage"},"image":{"@id":"https:\/\/bertan.net\/#primaryimage"},"thumbnailUrl":"https:\/\/bertan.net\/wp-content\/uploads\/2024\/01\/Icon-1000px.png","datePublished":"2023-10-08T13:55:58+00:00","dateModified":"2026-02-18T23:02:59+00:00","description":"Arama motoru optimizasyonunda uzmanla\u015fm\u0131\u015f geli\u015fmi\u015f bir dijital pazarlama ajans\u0131d\u0131r. \u00d6zenle haz\u0131rlanm\u0131\u015f web sitelerimiz Google'\u0131n kat\u0131 y\u00f6nergelerine uyarak optimum g\u00f6r\u00fcn\u00fcrl\u00fck ve organik arama s\u0131ralamalar\u0131 sa\u011flar.","inLanguage":"tr","potentialAction":[{"@type":"ReadAction","target":["https:\/\/bertan.net\/"]}]},{"@type":"ImageObject","inLanguage":"tr","@id":"https:\/\/bertan.net\/#primaryimage","url":"https:\/\/bertan.net\/wp-content\/uploads\/2024\/01\/Icon-1000px.png","contentUrl":"https:\/\/bertan.net\/wp-content\/uploads\/2024\/01\/Icon-1000px.png","width":1000,"height":1000},{"@type":"WebSite","@id":"https:\/\/bertan.net\/tr\/#website","url":"https:\/\/bertan.net\/tr\/","name":"Bertan","description":"","publisher":{"@id":"https:\/\/bertan.net\/tr\/#organization"},"alternateName":"Bertan","potentialAction":[{"@type":"SearchAction","target":{"@type":"EntryPoint","urlTemplate":"https:\/\/bertan.net\/tr\/?s={search_term_string}"},"query-input":{"@type":"PropertyValueSpecification","valueRequired":true,"valueName":"search_term_string"}}],"inLanguage":"tr"},{"@type":"Organization","@id":"https:\/\/bertan.net\/tr\/#organization","name":"Bertan Agency","alternateName":"Bertan","url":"https:\/\/bertan.net\/tr\/","logo":{"@type":"ImageObject","inLanguage":"tr","@id":"https:\/\/bertan.net\/tr\/#\/schema\/logo\/image\/","url":"https:\/\/bertan.net\/wp-content\/uploads\/2024\/05\/1000x1000.png","contentUrl":"https:\/\/bertan.net\/wp-content\/uploads\/2024\/05\/1000x1000.png","width":1000,"height":1000,"caption":"Bertan Agency"},"image":{"@id":"https:\/\/bertan.net\/tr\/#\/schema\/logo\/image\/"},"sameAs":["https:\/\/www.linkedin.com\/company\/netbertan\/"]}]}},"amp_enabled":false,"_links":{"self":[{"href":"https:\/\/bertan.net\/tr\/wp-json\/wp\/v2\/pages\/10884","targetHints":{"allow":["GET"]}}],"collection":[{"href":"https:\/\/bertan.net\/tr\/wp-json\/wp\/v2\/pages"}],"about":[{"href":"https:\/\/bertan.net\/tr\/wp-json\/wp\/v2\/types\/page"}],"author":[{"embeddable":true,"href":"https:\/\/bertan.net\/tr\/wp-json\/wp\/v2\/users\/1"}],"replies":[{"embeddable":true,"href":"https:\/\/bertan.net\/tr\/wp-json\/wp\/v2\/comments?post=10884"}],"version-history":[{"count":169,"href":"https:\/\/bertan.net\/tr\/wp-json\/wp\/v2\/pages\/10884\/revisions"}],"predecessor-version":[{"id":24439,"href":"https:\/\/bertan.net\/tr\/wp-json\/wp\/v2\/pages\/10884\/revisions\/24439"}],"wp:featuredmedia":[{"embeddable":true,"href":"https:\/\/bertan.net\/tr\/wp-json\/wp\/v2\/media\/19330"}],"wp:attachment":[{"href":"https:\/\/bertan.net\/tr\/wp-json\/wp\/v2\/media?parent=10884"}],"curies":[{"name":"wp","href":"https:\/\/api.w.org\/{rel}","templated":true}]}}